{"id":4480,"date":"2025-02-05T22:13:21","date_gmt":"2025-02-05T18:43:21","guid":{"rendered":"https:\/\/ravangodaz.com\/sales-agencies-and-representatives\/"},"modified":"2025-02-06T23:16:14","modified_gmt":"2025-02-06T19:46:14","slug":"bayiler-ve-satis-temsilcileri","status":"publish","type":"page","link":"https:\/\/ravangodazpardis.com\/tr\/bayiler-ve-satis-temsilcileri\/","title":{"rendered":"Bayiler ve Sat\u0131\u015f Temsilcileri"},"content":{"rendered":"\t\t<div data-elementor-type=\"wp-page\" data-elementor-id=\"4480\" class=\"elementor elementor-4480 elementor-3346\" data-elementor-post-type=\"page\">\n\t\t\t\t<div class=\"elementor-element elementor-element-6a05777 e-flex e-con-boxed e-con e-parent\" data-id=\"6a05777\" data-element_type=\"container\" data-e-type=\"container\" id=\"Demo10\" data-settings=\"{&quot;background_background&quot;:&quot;classic&quot;}\">\n\t\t\t\t\t<div class=\"e-con-inner\">\n\t\t<div class=\"elementor-element elementor-element-37b81f6 e-con-full e-flex e-con e-child\" data-id=\"37b81f6\" data-element_type=\"container\" data-e-type=\"container\">\n\t\t\t\t<div class=\"elementor-element elementor-element-a0ab5ae elementor-view-stacked elementor-shape-circle elementor-widget elementor-widget-icon\" data-id=\"a0ab5ae\" data-element_type=\"widget\" data-e-type=\"widget\" data-widget_type=\"icon.default\">\n\t\t\t\t<div class=\"elementor-widget-container\">\n\t\t\t\t\t\t\t<div class=\"elementor-icon-wrapper\">\n\t\t\t<div class=\"elementor-icon\">\n\t\t\t<svg aria-hidden=\"true\" class=\"e-font-icon-svg e-far-dot-circle\" viewBox=\"0 0 512 512\" xmlns=\"http:\/\/www.w3.org\/2000\/svg\"><path d=\"M256 56c110.532 0 200 89.451 200 200 0 110.532-89.451 200-200 200-110.532 0-200-89.451-200-200 0-110.532 89.451-200 200-200m0-48C119.033 8 8 119.033 8 256s111.033 248 248 248 248-111.033 248-248S392.967 8 256 8zm0 168c-44.183 0-80 35.817-80 80s35.817 80 80 80 80-35.817 80-80-35.817-80-80-80z\"><\/path><\/svg>\t\t\t<\/div>\n\t\t<\/div>\n\t\t\t\t\t\t<\/div>\n\t\t\t\t<\/div>\n\t\t\t\t<div class=\"elementor-element elementor-element-668dc7e text-right elementor-widget elementor-widget-tp-heading-title\" data-id=\"668dc7e\" data-element_type=\"widget\" data-e-type=\"widget\" data-widget_type=\"tp-heading-title.default\">\n\t\t\t\t<div class=\"elementor-widget-container\">\n\t\t\t\t\t<div class=\"heading heading_style heading_style69e0d282b1578 style-8 animate-general\"  data-animate-type=\"transition.flipXIn\" data-animate-delay=\"300\" data-animate-offset=\"85%\" data-animate-out-type=\"transition.bounceUpOut\" data-animate-out-delay=\"50\"><div class=\"sub-style \"  ><div class=\"head-title \" > <h1  class=\"heading-title   \"   data-hover=\"Ravan Godaz Pardis \u015eirketi Bayileri ve Sat\u0131\u015f Temsilcileri\">Ravan Godaz Pardis \u015eirketi Bayileri ve Sat\u0131\u015f Temsilcileri<\/h1><\/div><\/div><\/div>\t\t\t\t<\/div>\n\t\t\t\t<\/div>\n\t\t\t\t<div class=\"elementor-element elementor-element-99722cb elementor-widget-divider--view-line elementor-invisible elementor-widget elementor-widget-divider\" data-id=\"99722cb\" data-element_type=\"widget\" data-e-type=\"widget\" data-settings=\"{&quot;_animation&quot;:&quot;fadeInRight&quot;,&quot;_animation_delay&quot;:500}\" data-widget_type=\"divider.default\">\n\t\t\t\t<div class=\"elementor-widget-container\">\n\t\t\t\t\t\t\t<div class=\"elementor-divider\">\n\t\t\t<span class=\"elementor-divider-separator\">\n\t\t\t\t\t\t<\/span>\n\t\t<\/div>\n\t\t\t\t\t\t<\/div>\n\t\t\t\t<\/div>\n\t\t\t\t<\/div>\n\t\t<div class=\"elementor-element elementor-element-0e242cc e-flex e-con-boxed e-con e-child\" data-id=\"0e242cc\" data-element_type=\"container\" data-e-type=\"container\">\n\t\t\t\t\t<div class=\"e-con-inner\">\n\t\t<div class=\"elementor-element elementor-element-5a7c38d e-con-full e-flex elementor-invisible e-con e-child\" data-id=\"5a7c38d\" data-element_type=\"container\" data-e-type=\"container\" data-settings=\"{&quot;animation&quot;:&quot;fadeInLeft&quot;,&quot;animation_delay&quot;:800}\">\n\t\t\t\t<div class=\"elementor-element elementor-element-f2402e6 text-center elementor-widget elementor-widget-tp-number-counter\" data-id=\"f2402e6\" data-element_type=\"widget\" data-e-type=\"widget\" data-widget_type=\"tp-number-counter.default\">\n\t\t\t\t<div class=\"elementor-widget-container\">\n\t\t\t\t\t<div class=\" content_hover_effect \" ><div class=\"plus-number-counter counter-style-1 counter69e00fa687656 animate-general\" data-id=\"counter69e00fa687656\"  data-animate-type=\"transition.flipYIn\" data-animate-delay=\"50\" data-animate-offset=\"85%\"><div class=\"number-counter-inner-block  \"><div class=\"counter-wrap-content\" ><h5 class=\"counter-number\"><span class=\"number-counter-symbol\">+<\/span><span class=\"counter-number-inner numscroller\"  data-min=\"1\" data-max=\"9\" data-delay=\"5\" data-increment=\"5\">1<\/span><\/h5><h6 class=\"counter-title\">Resmi Temsilci<\/h6><\/div><\/div><\/div><\/div>\t\t\t\t<\/div>\n\t\t\t\t<\/div>\n\t\t\t\t<div class=\"elementor-element elementor-element-8247ea5 elementor-widget elementor-widget-tp-adv-text-block\" data-id=\"8247ea5\" data-element_type=\"widget\" data-e-type=\"widget\" data-widget_type=\"tp-adv-text-block.default\">\n\t\t\t\t<div class=\"elementor-widget-container\">\n\t\t\t\t\t<div class=\"pt-plus-text-block-wrapper\" data-tp-gsap-textblock=\"\" ><div class=\"text_block_parallax\"><div class=\"pt_plus_adv_text_block \" ><div class=\"text-content-block\"><p style=\"text-align: justify\">Bu sayfada listelenen yaln\u0131zca bayiler ve sat\u0131\u015f temsilcileri, Ravan Godaz Pardis \u015eirketi'nin resmi ve onayl\u0131 referanslar\u0131 olarak kabul edilmektedir. Bu listeye dahil olmayan di\u011fer ki\u015filer veya kurulu\u015flarla yap\u0131lacak her t\u00fcrl\u00fc i\u015f birli\u011fi, sat\u0131n alma veya etkile\u015fim, \u015firketin yasal \u00e7er\u00e7evesi ve sorumluluklar\u0131 d\u0131\u015f\u0131nda olup, Ravan Godaz Pardis \u015eirketi bu konuda hi\u00e7bir y\u00fck\u00fcml\u00fcl\u00fck ta\u015f\u0131mayacakt\u0131r.<\/p><\/div><\/div><\/div><\/div>\t\t\t\t<\/div>\n\t\t\t\t<\/div>\n\t\t\t\t<\/div>\n\t\t<div class=\"elementor-element elementor-element-a87747a e-con-full e-flex elementor-invisible e-con e-child\" data-id=\"a87747a\" data-element_type=\"container\" data-e-type=\"container\" data-settings=\"{&quot;background_background&quot;:&quot;classic&quot;,&quot;animation&quot;:&quot;fadeInRight&quot;,&quot;animation_delay&quot;:1000}\">\n\t\t\t\t<div class=\"elementor-element elementor-element-98472cb elementor-tabs-view-horizontal elementor-widget elementor-widget-tp-tabs-tours\" data-id=\"98472cb\" data-element_type=\"widget\" data-e-type=\"widget\" data-settings=\"{&quot;_animation_mobile&quot;:&quot;fadeInDown&quot;}\" data-widget_type=\"tp-tabs-tours.default\">\n\t\t\t\t<div class=\"elementor-widget-container\">\n\t\t\t\t\t<div class=\"theplus-tabs-wrapper  elementor-tabs animate-general nav-full-width    \" id=\"tabs69e0d28318b24\" data-tabs-id=\"tabs69e0d28318b24\"  data-connection=\"\"   data-tab-default=\"0\" data-tab-hover=\"no\"  data-animate-type=\"transition.slideUpIn\" data-animate-delay=\"780\" data-animate-offset=\"85%\" role=\"tablist\"><div class=\"theplus-tabs-nav-wrapper elementor-tabs-wrapper text-center align-top   \"><ul class=\"plus-tabs-nav   full-width   \"><li class=\"\"><div id=\"Tabriz\" class=\"elementor-tab-title elementor-tab-desktop-title plus-tab-header \" data-tab=\"1\" tabindex=\"1591\" role=\"tab\" aria-controls=\"tab-content-Tabriz\"><span>Tabriz<\/span><\/div><\/li><li class=\"\"><div id=\"Kerbela\u015fah\" class=\"elementor-tab-title elementor-tab-desktop-title plus-tab-header \" data-tab=\"2\" tabindex=\"1592\" role=\"tab\" aria-controls=\"tab-content-Kerbela\u015fah\"><span>Kerbela\u015fah <\/span><\/div><\/li><li class=\"\"><div id=\"Kerman\" class=\"elementor-tab-title elementor-tab-desktop-title plus-tab-header \" data-tab=\"3\" tabindex=\"1593\" role=\"tab\" aria-controls=\"tab-content-Kerman\"><span>Kerman<\/span><\/div><\/li><li class=\"\"><div id=\"Isfahan\" class=\"elementor-tab-title elementor-tab-desktop-title plus-tab-header \" data-tab=\"4\" tabindex=\"1594\" role=\"tab\" aria-controls=\"tab-content-Isfahan\"><span>Isfahan<\/span><\/div><\/li><li class=\"\"><div id=\"Mashhad\" class=\"elementor-tab-title elementor-tab-desktop-title plus-tab-header \" data-tab=\"5\" tabindex=\"1595\" role=\"tab\" aria-controls=\"tab-content-Mashhad\"><span>Mashhad<\/span><\/div><\/li><li class=\"\"><div id=\"Kum\" class=\"elementor-tab-title elementor-tab-desktop-title plus-tab-header \" data-tab=\"6\" tabindex=\"1596\" role=\"tab\" aria-controls=\"tab-content-Kum\"><span>Kum<\/span><\/div><\/li><li class=\"\"><div id=\"Tehran 1\" class=\"elementor-tab-title elementor-tab-desktop-title plus-tab-header \" data-tab=\"7\" tabindex=\"1597\" role=\"tab\" aria-controls=\"tab-content-Tehran 1\"><span>Tehran 1<\/span><\/div><\/li><li class=\"\"><div id=\"Tehran 2\" class=\"elementor-tab-title elementor-tab-desktop-title plus-tab-header \" data-tab=\"8\" tabindex=\"1598\" role=\"tab\" aria-controls=\"tab-content-Tehran 2\"><span>Tehran 2<\/span><\/div><\/li><li class=\"\"><div id=\"Mazandaran\" class=\"elementor-tab-title elementor-tab-desktop-title plus-tab-header \" data-tab=\"9\" tabindex=\"1599\" role=\"tab\" aria-controls=\"tab-content-Mazandaran\"><span>Mazandaran<\/span><\/div><\/li><\/ul><\/div><div class=\"theplus-tabs-content-wrapper  elementor-tabs-content-wrapper\"><div class=\"elementor-tab-title elementor-tab-mobile-title text-center \" tabindex=\"1591\" data-tab=\"1\" role=\"tab\"><span>Tabriz<\/span><\/div><div class=\"elementor-tab-content elementor-clearfix plus-tab-content\" data-tab=\"1\" role=\"tabpanel\"><div class=\"plus-content-editor\"><p style=\"text-align: left; margin: 5px 0; color: #b11117; font-weight: bold;\">\u015eirket Ad\u0131: <span style=\"color: #333; font-weight: 400;\">Al\u00fcminyum Erbati<\/span><\/p><p style=\"text-align: left; margin: 5px 0; color: #b11117; font-weight: bold;\">Temsilci Ad\u0131: <span style=\"color: #333; font-weight: 400;\">Bay Naser Erbati<\/span><\/p><p style=\"text-align: left; margin: 5px 0; color: #b11117; font-weight: bold;\">Eyalet: <span style=\"color: #333; font-weight: 400;\">Do\u011fu Azerbaycan<\/span><\/p><p style=\"text-align: left; margin: 5px 0; color: #b11117; font-weight: bold;\">\u015eehir: <span style=\"color: #333; font-weight: 400;\">Tebriz<\/span><\/p><p style=\"text-align: left; margin: 5px 0; color: #b11117; font-weight: bold;\">Adres: <span style=\"color: #333; font-weight: 400;\">Tebriz, Azar\u015fehr Yolu, Gogan \u015eehri, Moallem Caddesi, Al\u00fcminyum Erbati<\/span><\/p><p style=\"text-align: left; margin: 5px 0; color: #b11117; font-weight: bold;\">Telefon Numaras\u0131: <span style=\"color: #333; font-weight: 400;\">04134521031<\/span><\/p><p style=\"text-align: left; margin: 5px 0; color: #b11117; font-weight: bold;\">Cep Telefonu: <span style=\"color: #333; font-weight: 400;\">09141183683<\/span><\/p><\/div><\/div><div class=\"elementor-tab-title elementor-tab-mobile-title text-center \" tabindex=\"1592\" data-tab=\"2\" role=\"tab\"><span>Kerbela\u015fah <\/span><\/div><div class=\"elementor-tab-content elementor-clearfix plus-tab-content\" data-tab=\"2\" role=\"tabpanel\"><div class=\"plus-content-editor\"><p style=\"text-align: left; margin: 5px 0; color: #b11117; font-weight: bold;\">\u015eirket Ad\u0131: <span style=\"color: #333; font-weight: 400;\">\u0130ran Al\u00fcminyum<\/span><\/p><p style=\"text-align: left; margin: 5px 0; color: #b11117; font-weight: bold;\">Temsilci Ad\u0131: <span style=\"color: #333; font-weight: 400;\">Vahid Jafari<\/span><\/p><p style=\"text-align: left; margin: 5px 0; color: #b11117; font-weight: bold;\">Eyalet: <span style=\"color: #333; font-weight: 400;\">Kerman\u015fah<\/span><\/p><p style=\"text-align: left; margin: 5px 0; color: #b11117; font-weight: bold;\">\u015eehir: <span style=\"color: #333; font-weight: 400;\">Kerman\u015fah<\/span><\/p><p style=\"text-align: left; margin: 5px 0; color: #b11117; font-weight: bold;\">Adres: <span style=\"color: #333; font-weight: 400;\">Kerman\u015fah, Dowlatabad Bulvar\u0131, Farabi Hastanesi Kar\u015f\u0131s\u0131<\/span><\/p><p style=\"text-align: left; margin: 5px 0; color: #b11117; font-weight: bold;\">Telefon Numaras\u0131: <span style=\"color: #333; font-weight: 400;\">38162240-083<\/span><\/p><p style=\"text-align: left; margin: 5px 0; color: #b11117; font-weight: bold;\">Cep Telefonu: <span style=\"color: #333; font-weight: 400;\">09183310958<\/span><\/p><\/div><\/div><div class=\"elementor-tab-title elementor-tab-mobile-title text-center \" tabindex=\"1593\" data-tab=\"3\" role=\"tab\"><span>Kerman<\/span><\/div><div class=\"elementor-tab-content elementor-clearfix plus-tab-content\" data-tab=\"3\" role=\"tabpanel\"><div class=\"plus-content-editor\"><p style=\"text-align: left; margin: 5px 0; color: #b11117; font-weight: bold;\">\u015eirket Ad\u0131: <span style=\"color: #333; font-weight: 400;\">Modern Sazan Negin Azarakhsh Karmania<\/span><\/p><p style=\"text-align: left; margin: 5px 0; color: #b11117; font-weight: bold;\">Temsilci Ad\u0131: <span style=\"color: #333; font-weight: 400;\">\u0130man Rostami<\/span><\/p><p style=\"text-align: left; margin: 5px 0; color: #b11117; font-weight: bold;\">Eyalet: <span style=\"color: #333; font-weight: 400;\">Kerman<\/span><\/p><p style=\"text-align: left; margin: 5px 0; color: #b11117; font-weight: bold;\">\u015eehir: <span style=\"color: #333; font-weight: 400;\">Kerman<\/span><\/p><p style=\"text-align: left; margin: 5px 0; color: #b11117; font-weight: bold;\">Adres: <span style=\"color: #333; font-weight: 400;\">Kerman, \u0130mam R\u0131za Otoyolu, \u015eiraz Bulvar\u0131 Kar\u015f\u0131s\u0131, Rostami Al\u00fcminyum<\/span><\/p><p style=\"text-align: left; margin: 5px 0; color: #b11117; font-weight: bold;\">Telefon Numaras\u0131: <span style=\"color: #333; font-weight: 400;\">3247710-034<\/span><\/p><p style=\"text-align: left; margin: 5px 0; color: #b11117; font-weight: bold;\">Cep Telefonu: <span style=\"color: #333; font-weight: 400;\">09130091334<\/span><\/p><\/div><\/div><div class=\"elementor-tab-title elementor-tab-mobile-title text-center \" tabindex=\"1594\" data-tab=\"4\" role=\"tab\"><span>Isfahan<\/span><\/div><div class=\"elementor-tab-content elementor-clearfix plus-tab-content\" data-tab=\"4\" role=\"tabpanel\"><div class=\"plus-content-editor\"><p style=\"text-align: left; margin: 5px 0; color: #b11117; font-weight: bold;\">\u015eirket Ad\u0131: <span style=\"color: #333; font-weight: 400;\">Saba Al\u00fcminyum Sepahan<\/span><\/p><p style=\"text-align: left; margin: 5px 0; color: #b11117; font-weight: bold;\">Temsilci Ad\u0131: <span style=\"color: #333; font-weight: 400;\">Bay Mohammad Ansari<\/span><\/p><p style=\"text-align: left; margin: 5px 0; color: #b11117; font-weight: bold;\">Eyalet: <span style=\"color: #333; font-weight: 400;\">\u0130sfahan<\/span><\/p><p style=\"text-align: left; margin: 5px 0; color: #b11117; font-weight: bold;\">\u015eehir: <span style=\"color: #333; font-weight: 400;\">\u0130sfahan<\/span><\/p><p style=\"text-align: left; margin: 5px 0; color: #b11117; font-weight: bold;\">Adres: <span style=\"color: #333; font-weight: 400;\">\u0130sfahan, Kahndej Caddesi, Ashrafi Esfahani Caddesi, Samadi Labaf Kav\u015fa\u011f\u0131, Mellat Caddesi K\u00f6\u015fesi<\/span><\/p><p style=\"text-align: left; margin: 5px 0; color: #b11117; font-weight: bold;\">Telefon Numaras\u0131: <span style=\"color: #333; font-weight: 400;\">37383270-031<\/span><\/p><p style=\"text-align: left; margin: 5px 0; color: #b11117; font-weight: bold;\">Cep Telefonu: <span style=\"color: #333; font-weight: 400;\">09133034500<\/span><\/p><\/div><\/div><div class=\"elementor-tab-title elementor-tab-mobile-title text-center \" tabindex=\"1595\" data-tab=\"5\" role=\"tab\"><span>Mashhad<\/span><\/div><div class=\"elementor-tab-content elementor-clearfix plus-tab-content\" data-tab=\"5\" role=\"tabpanel\"><div class=\"plus-content-editor\"><p style=\"text-align: left; margin: 5px 0; color: #b11117; font-weight: bold;\">\u015eirket Ad\u0131: <span style=\"color: #333; font-weight: 400;\">Jam Roll<\/span><\/p><p style=\"text-align: left; margin: 5px 0; color: #b11117; font-weight: bold;\">Temsilci Ad\u0131: <span style=\"color: #333; font-weight: 400;\">Abd\u00fclkadir Khavafi<\/span><\/p><p style=\"text-align: left; margin: 5px 0; color: #b11117; font-weight: bold;\">Eyalet: <span style=\"color: #333; font-weight: 400;\">Razavi Horasan<\/span><\/p><p style=\"text-align: left; margin: 5px 0; color: #b11117; font-weight: bold;\">\u015eehir: <span style=\"color: #333; font-weight: 400;\">Me\u015fhed<\/span><\/p><p style=\"text-align: left; margin: 5px 0; color: #b11117; font-weight: bold;\">Adres: <span style=\"color: #333; font-weight: 400;\">Me\u015fhed, Khin Arab, Tarchi 4\/15<\/span><\/p><p style=\"text-align: left; margin: 5px 0; color: #b11117; font-weight: bold;\">Telefon Numaras\u0131: <span style=\"color: #333; font-weight: 400;\">09153295086<\/span><\/p><p style=\"text-align: left; margin: 5px 0; color: #b11117; font-weight: bold;\">Cep Telefonu: <span style=\"color: #333; font-weight: 400;\">09153299085<\/span><\/p><\/div><\/div><div class=\"elementor-tab-title elementor-tab-mobile-title text-center \" tabindex=\"1596\" data-tab=\"6\" role=\"tab\"><span>Kum<\/span><\/div><div class=\"elementor-tab-content elementor-clearfix plus-tab-content\" data-tab=\"6\" role=\"tabpanel\"><div class=\"plus-content-editor\"><p style=\"text-align: left; margin: 5px 0; color: #b11117; font-weight: bold;\">\u015eirket Ad\u0131: <span style=\"color: #333; font-weight: 400;\">Aghaziarti Al\u00fcminyum Ma\u011fazas\u0131<\/span><\/p><p style=\"text-align: left; margin: 5px 0; color: #b11117; font-weight: bold;\">Temsilci Ad\u0131: <span style=\"color: #333; font-weight: 400;\">Bay Mohammad Aghaziarti<\/span><\/p><p style=\"text-align: left; margin: 5px 0; color: #b11117; font-weight: bold;\">Eyalet: <span style=\"color: #333; font-weight: 400;\">Kum<\/span><\/p><p style=\"text-align: left; margin: 5px 0; color: #b11117; font-weight: bold;\">\u015eehir: <span style=\"color: #333; font-weight: 400;\">Kum<\/span><\/p><p style=\"text-align: left; margin: 5px 0; color: #b11117; font-weight: bold;\">Adres: <span style=\"color: #333; font-weight: 400;\">Kum, 55 Metrelik Yadgar \u0130mam Caddesi, 54. Soka\u011f\u0131n Kar\u015f\u0131s\u0131<\/span><\/p><p style=\"text-align: left; margin: 5px 0; color: #b11117; font-weight: bold;\">Telefon Numaras\u0131: <span style=\"color: #333; font-weight: 400;\">02538879512<\/span><\/p><p style=\"text-align: left; margin: 5px 0; color: #b11117; font-weight: bold;\">Cep Telefonu: <span style=\"color: #333; font-weight: 400;\">09122537188<\/span><\/p><\/div><\/div><div class=\"elementor-tab-title elementor-tab-mobile-title text-center \" tabindex=\"1597\" data-tab=\"7\" role=\"tab\"><span>Tehran 1<\/span><\/div><div class=\"elementor-tab-content elementor-clearfix plus-tab-content\" data-tab=\"7\" role=\"tabpanel\"><div class=\"plus-content-editor\"><p style=\"text-align: left; margin: 5px 0; color: #b11117; font-weight: bold;\">\u015eirket Ad\u0131: <span style=\"color: #333; font-weight: 400;\">Azarin Novin<\/span><\/p><p style=\"text-align: left; margin: 5px 0; color: #b11117; font-weight: bold;\">Temsilci Ad\u0131: <span style=\"color: #333; font-weight: 400;\">Rahim Ghahremanpour<\/span><\/p><p style=\"text-align: left; margin: 5px 0; color: #b11117; font-weight: bold;\">Eyalet: <span style=\"color: #333; font-weight: 400;\">Tahran<\/span><\/p><p style=\"text-align: left; margin: 5px 0; color: #b11117; font-weight: bold;\">\u015eehir: <span style=\"color: #333; font-weight: 400;\">Tahran<\/span><\/p><p style=\"text-align: left; margin: 5px 0; color: #b11117; font-weight: bold;\">Adres: <span style=\"color: #333; font-weight: 400;\">Tahran, Shamsh Abad, Negarestan Bulvar\u0131, Aban 3<\/span><\/p><p style=\"text-align: left; margin: 5px 0; color: #b11117; font-weight: bold;\">Telefon Numaras\u0131: <span style=\"color: #333; font-weight: 400;\">55765448<\/span><\/p><p style=\"text-align: left; margin: 5px 0; color: #b11117; font-weight: bold;\">Cep Telefonu: <span style=\"color: #333; font-weight: 400;\">09123366324<\/span><\/p><\/div><\/div><div class=\"elementor-tab-title elementor-tab-mobile-title text-center \" tabindex=\"1598\" data-tab=\"8\" role=\"tab\"><span>Tehran 2<\/span><\/div><div class=\"elementor-tab-content elementor-clearfix plus-tab-content\" data-tab=\"8\" role=\"tabpanel\"><div class=\"plus-content-editor\"><p style=\"text-align: left; margin: 5px 0; color: #b11117; font-weight: bold;\">\u015eirket Ad\u0131: <span style=\"color: #333; font-weight: 400;\">Pishtazan Omid Armin<\/span><\/p><p style=\"text-align: left; margin: 5px 0; color: #b11117; font-weight: bold;\">Temsilci Ad\u0131: <span style=\"color: #333; font-weight: 400;\">Mohsen Mirjani<\/span><\/p><p style=\"text-align: left; margin: 5px 0; color: #b11117; font-weight: bold;\">Eyalet: <span style=\"color: #333; font-weight: 400;\">Tahran<\/span><\/p><p style=\"text-align: left; margin: 5px 0; color: #b11117; font-weight: bold;\">\u015eehir: <span style=\"color: #333; font-weight: 400;\">Tahran<\/span><\/p><p style=\"text-align: left; margin: 5px 0; color: #b11117; font-weight: bold;\">Adres: <span style=\"color: #333; font-weight: 400;\">Tahran, Ahang Makan, Bat\u0131 Bulvar\u0131, \u015eehit Heydari Caddesi, \u0130kinci Bat\u0131<\/span><\/p><p style=\"text-align: left; margin: 5px 0; color: #b11117; font-weight: bold;\">Telefon Numaras\u0131: <span style=\"color: #333; font-weight: 400;\">021 &#8211; 55445237&#8217;den 8&#8217;e kadar<\/span><\/p><p style=\"text-align: left; margin: 5px 0; color: #b11117; font-weight: bold;\">Cep Telefonu: <span style=\"color: #333; font-weight: 400;\">09121327900<\/span><\/p><\/div><\/div><div class=\"elementor-tab-title elementor-tab-mobile-title text-center \" tabindex=\"1599\" data-tab=\"9\" role=\"tab\"><span>Mazandaran<\/span><\/div><div class=\"elementor-tab-content elementor-clearfix plus-tab-content\" data-tab=\"9\" role=\"tabpanel\"><div class=\"plus-content-editor\"><p style=\"text-align: left; margin: 5px 0; color: #b11117; font-weight: bold;\">\u015eirket Ad\u0131: <span style=\"color: #333; font-weight: 400;\">Tak Faraz Shomal<\/span><\/p><p style=\"text-align: left; margin: 5px 0; color: #b11117; font-weight: bold;\">Temsilci Ad\u0131: <span style=\"color: #333; font-weight: 400;\">Bay Qasemi<\/span><\/p><p style=\"text-align: left; margin: 5px 0; color: #b11117; font-weight: bold;\">Eyalet: <span style=\"color: #333; font-weight: 400;\">Mazandaran<\/span><\/p><p style=\"text-align: left; margin: 5px 0; color: #b11117; font-weight: bold;\">\u015eehir: <span style=\"color: #333; font-weight: 400;\">Neka<\/span><\/p><p style=\"text-align: left; margin: 5px 0; color: #b11117; font-weight: bold;\">Adres: <span style=\"color: #333; font-weight: 400;\">Mazandaran \u2013 Neka, Shahid Abbas Poor Kasabas\u0131&#8217;n\u0131n kar\u015f\u0131s\u0131nda, Tak Faraz Shomal \u015eirketi<\/span><\/p><p style=\"text-align: left; margin: 5px 0; color: #b11117; font-weight: bold;\">Telefon Numaras\u0131: <span style=\"color: #333; font-weight: 400;\">01134734015&#8217;ten 17&#8217;ye kadar<\/span><\/p><p style=\"text-align: left; margin: 5px 0; color: #b11117; font-weight: bold;\">Cep Telefonu: <span style=\"color: #333; font-weight: 400;\">09112108400<\/span><\/p><\/div><\/div><\/div><\/div>\t\t\t\t<\/div>\n\t\t\t\t<\/div>\n\t\t\t\t<\/div>\n\t\t\t\t\t<\/div>\n\t\t\t\t<\/div>\n\t\t\t\t\t<\/div>\n\t\t\t\t<\/div>\n\t\t\t\t<\/div>\n\t\t","protected":false},"excerpt":{"rendered":"<p>Ravan Godaz Pardis \u015eirketi Bayileri ve Sat\u0131\u015f Temsilcileri +1 Resmi Temsilci Bu sayfada listelenen yaln\u0131zca bayiler ve sat\u0131\u015f temsilcileri, Ravan Godaz Pardis \u015eirketi&#8217;nin resmi ve onayl\u0131 referanslar\u0131 olarak kabul edilmektedir. Bu listeye dahil olmayan di\u011fer ki\u015filer veya kurulu\u015flarla yap\u0131lacak her t\u00fcrl\u00fc i\u015f birli\u011fi, sat\u0131n alma veya etkile\u015fim, \u015firketin yasal \u00e7er\u00e7evesi ve sorumluluklar\u0131 d\u0131\u015f\u0131nda olup, Ravan [&hellip;]<\/p>\n","protected":false},"author":1,"featured_media":0,"parent":0,"menu_order":0,"comment_status":"closed","ping_status":"closed","template":"","meta":{"footnotes":""},"class_list":["post-4480","page","type-page","status-publish","hentry"],"_links":{"self":[{"href":"https:\/\/ravangodazpardis.com\/tr\/wp-json\/wp\/v2\/pages\/4480","targetHints":{"allow":["GET"]}}],"collection":[{"href":"https:\/\/ravangodazpardis.com\/tr\/wp-json\/wp\/v2\/pages"}],"about":[{"href":"https:\/\/ravangodazpardis.com\/tr\/wp-json\/wp\/v2\/types\/page"}],"author":[{"embeddable":true,"href":"https:\/\/ravangodazpardis.com\/tr\/wp-json\/wp\/v2\/users\/1"}],"replies":[{"embeddable":true,"href":"https:\/\/ravangodazpardis.com\/tr\/wp-json\/wp\/v2\/comments?post=4480"}],"version-history":[{"count":47,"href":"https:\/\/ravangodazpardis.com\/tr\/wp-json\/wp\/v2\/pages\/4480\/revisions"}],"predecessor-version":[{"id":4611,"href":"https:\/\/ravangodazpardis.com\/tr\/wp-json\/wp\/v2\/pages\/4480\/revisions\/4611"}],"wp:attachment":[{"href":"https:\/\/ravangodazpardis.com\/tr\/wp-json\/wp\/v2\/media?parent=4480"}],"curies":[{"name":"wp","href":"https:\/\/api.w.org\/{rel}","templated":true}]}}