{"id":4659,"date":"2025-01-10T18:42:10","date_gmt":"2025-01-10T15:12:10","guid":{"rendered":"https:\/\/ravangodaz.com\/about-us\/"},"modified":"2025-02-07T15:32:36","modified_gmt":"2025-02-07T12:02:36","slug":"hakkimizda","status":"publish","type":"page","link":"https:\/\/ravangodazpardis.com\/tr\/hakkimizda\/","title":{"rendered":"Hakk\u0131m\u0131zda"},"content":{"rendered":"\t\t<div data-elementor-type=\"wp-page\" data-elementor-id=\"4659\" class=\"elementor elementor-4659 elementor-1411\" data-elementor-post-type=\"page\">\n\t\t\t\t<div class=\"elementor-element elementor-element-86e493e e-flex e-con-boxed e-con e-parent\" data-id=\"86e493e\" data-element_type=\"container\" data-e-type=\"container\" data-settings=\"{&quot;background_background&quot;:&quot;classic&quot;}\">\n\t\t\t\t\t<div class=\"e-con-inner\">\n\t\t<div class=\"elementor-element elementor-element-61283fc9 e-con-full e-flex e-con e-child\" data-id=\"61283fc9\" data-element_type=\"container\" data-e-type=\"container\">\n\t\t<div class=\"elementor-element elementor-element-3ad8444 e-flex e-con-boxed e-con e-child\" data-id=\"3ad8444\" data-element_type=\"container\" data-e-type=\"container\">\n\t\t\t\t\t<div class=\"e-con-inner\">\n\t\t<div class=\"elementor-element elementor-element-539a7287 e-con-full e-flex e-con e-child\" data-id=\"539a7287\" data-element_type=\"container\" data-e-type=\"container\">\n\t\t\t\t<div class=\"elementor-element elementor-element-177d1b2 elementor-view-stacked elementor-shape-circle elementor-widget elementor-widget-icon\" data-id=\"177d1b2\" data-element_type=\"widget\" data-e-type=\"widget\" data-widget_type=\"icon.default\">\n\t\t\t\t<div class=\"elementor-widget-container\">\n\t\t\t\t\t\t\t<div class=\"elementor-icon-wrapper\">\n\t\t\t<div class=\"elementor-icon\">\n\t\t\t<svg aria-hidden=\"true\" class=\"e-font-icon-svg e-far-dot-circle\" viewBox=\"0 0 512 512\" xmlns=\"http:\/\/www.w3.org\/2000\/svg\"><path d=\"M256 56c110.532 0 200 89.451 200 200 0 110.532-89.451 200-200 200-110.532 0-200-89.451-200-200 0-110.532 89.451-200 200-200m0-48C119.033 8 8 119.033 8 256s111.033 248 248 248 248-111.033 248-248S392.967 8 256 8zm0 168c-44.183 0-80 35.817-80 80s35.817 80 80 80 80-35.817 80-80-35.817-80-80-80z\"><\/path><\/svg>\t\t\t<\/div>\n\t\t<\/div>\n\t\t\t\t\t\t<\/div>\n\t\t\t\t<\/div>\n\t\t\t\t<div class=\"elementor-element elementor-element-54038327 text-right elementor-widget elementor-widget-tp-heading-title\" data-id=\"54038327\" data-element_type=\"widget\" data-e-type=\"widget\" data-widget_type=\"tp-heading-title.default\">\n\t\t\t\t<div class=\"elementor-widget-container\">\n\t\t\t\t\t<div class=\"heading heading_style heading_style69e0b9f32035e style-8 animate-general\"  data-animate-type=\"transition.flipXIn\" data-animate-delay=\"300\" data-animate-offset=\"85%\" data-animate-out-type=\"transition.bounceUpOut\" data-animate-out-delay=\"50\"><div class=\"sub-style \"  ><div class=\"head-title \" > <h1  class=\"heading-title   \"   data-hover=\"Ravan Godaz Pardis \u015eirketi Hakk\u0131nda\">Ravan Godaz Pardis \u015eirketi Hakk\u0131nda<\/h1><\/div><\/div><\/div>\t\t\t\t<\/div>\n\t\t\t\t<\/div>\n\t\t\t\t<div class=\"elementor-element elementor-element-a892159 elementor-widget-divider--view-line elementor-invisible elementor-widget elementor-widget-divider\" data-id=\"a892159\" data-element_type=\"widget\" data-e-type=\"widget\" data-settings=\"{&quot;_animation&quot;:&quot;fadeInRight&quot;,&quot;_animation_delay&quot;:500}\" data-widget_type=\"divider.default\">\n\t\t\t\t<div class=\"elementor-widget-container\">\n\t\t\t\t\t\t\t<div class=\"elementor-divider\">\n\t\t\t<span class=\"elementor-divider-separator\">\n\t\t\t\t\t\t<\/span>\n\t\t<\/div>\n\t\t\t\t\t\t<\/div>\n\t\t\t\t<\/div>\n\t\t\t\t<\/div>\n\t\t\t\t\t<\/div>\n\t\t\t\t<\/div>\n\t\t<div class=\"elementor-element elementor-element-4cdd5f7e e-con-full e-flex e-con e-child\" data-id=\"4cdd5f7e\" data-element_type=\"container\" data-e-type=\"container\">\n\t\t<div class=\"elementor-element elementor-element-2cc747fb e-con-full e-flex elementor-invisible e-con e-child\" data-id=\"2cc747fb\" data-element_type=\"container\" data-e-type=\"container\" data-settings=\"{&quot;animation&quot;:&quot;fadeInUp&quot;,&quot;animation_delay&quot;:500}\">\n\t\t\t\t<div class=\"elementor-element elementor-element-699ea703 elementor-invisible elementor-widget elementor-widget-tp-adv-text-block\" data-id=\"699ea703\" data-element_type=\"widget\" data-e-type=\"widget\" data-settings=\"{&quot;_animation&quot;:&quot;fadeInUp&quot;,&quot;_animation_delay&quot;:600}\" data-widget_type=\"tp-adv-text-block.default\">\n\t\t\t\t<div class=\"elementor-widget-container\">\n\t\t\t\t\t<div class=\"pt-plus-text-block-wrapper\" data-tp-gsap-textblock=\"\" ><div class=\"text_block_parallax\"><div class=\"pt_plus_adv_text_block animate-general\"  data-animate-type=\"transition.whirlIn\" data-animate-delay=\"135\" data-animate-offset=\"85%\" data-animate-out-type=\"transition.whirlOut\" data-animate-out-delay=\"50\"><div class=\"text-content-block\"><p>Ravan Godaz Pardis \u015eirketi, Pardis Holding'in bir yan kurulu\u015fudur. Bu holding, al\u00fcminyum end\u00fcstrisindeki faaliyetlerine 1998 y\u0131l\u0131nda ba\u015flam\u0131\u015f ve b\u00fcy\u00fcme s\u00fcrecine devam ederken, Anayasa'n\u0131n 44. maddesi kapsam\u0131nda 2007 y\u0131l\u0131nda <strong>Aluroll<\/strong> fabrikas\u0131n\u0131 sat\u0131n alm\u0131\u015ft\u0131r. Geli\u015ftirme projeleriyle bu fabrikay\u0131 \u00fclkenin en b\u00fcy\u00fck mimari ve end\u00fcstriyel al\u00fcminyum profil ekstr\u00fczyon birimine d\u00f6n\u00fc\u015ft\u00fcrm\u00fc\u015ft\u00fcr.<\/p><p>Ravan Godaz Pardis \u015eirketi; iki ala\u015f\u0131ml\u0131 k\u00fcl\u00e7e ve ekstr\u00fczyon billeti d\u00f6k\u00fcm \u00fcnitesi, modern ve geli\u015fmi\u015f kal\u0131p \u00fcretim \u00fcnitesi, be\u015f ekstr\u00fczyon hatt\u0131, iki anodizasyon \u00fcnitesi (renkli ve do\u011fal), iki elektrostatik toz boya kaplama hatt\u0131, al\u00fcminyum profiller \u00fczerine ah\u015fap ve mermer desen uygulayan iki birim ve geli\u015fmi\u015f metalurji, kimya ve boya laboratuvar\u0131 gibi tesislerle g\u00fc\u00e7l\u00fc bir al\u00fcminyum profil, ala\u015f\u0131ml\u0131 k\u00fcl\u00e7e ve billet \u00fcretim kompleksi olu\u015fturmu\u015ftur.<\/p><p>Grubun gen\u00e7 \u00fcyelerinden biri olan bu \u015firket, 2007 y\u0131l\u0131nda \u00f6zel olarak ala\u015f\u0131ml\u0131 al\u00fcminyum k\u00fcl\u00e7e ve billet \u00fcretmek amac\u0131yla kurulmu\u015f olup, g\u00fcn\u00fcm\u00fczde bu \u00fcr\u00fcnlerin en b\u00fcy\u00fck \u00fcreticilerinden biridir. Ayr\u0131ca otomotiv, elektrik ve telekom\u00fcnikasyon, in\u015faat, yol yap\u0131m\u0131 ve stratejik sanayiler de dahil olmak \u00fczere bir\u00e7ok sekt\u00f6re hammadde tedarik etmektedir.<\/p><p>S\u00fcrekli ba\u015far\u0131s\u0131 sayesinde, <strong>Ravan Godaz Pardis \u015eirketi<\/strong> \u00fcst \u00fcste birka\u00e7 y\u0131l ulusal ve b\u00f6lgesel d\u00fczeyde en iyi \u00fcretici olarak se\u00e7ilmi\u015ftir. \u015eirket, ala\u015f\u0131ml\u0131 k\u00fcl\u00e7elerini <strong>R.G.PARDIS.CO<\/strong> markas\u0131 alt\u0131nda pazara sunmaktad\u0131r.<\/p><\/div><\/div><\/div><\/div>\t\t\t\t<\/div>\n\t\t\t\t<\/div>\n\t\t\t\t<div class=\"elementor-element elementor-element-2e2bb50 elementor-widget__width-inherit elementor-widget-divider--view-line elementor-invisible elementor-widget elementor-widget-divider\" data-id=\"2e2bb50\" data-element_type=\"widget\" data-e-type=\"widget\" data-settings=\"{&quot;_animation&quot;:&quot;fadeInUp&quot;,&quot;_animation_delay&quot;:800}\" data-widget_type=\"divider.default\">\n\t\t\t\t<div class=\"elementor-widget-container\">\n\t\t\t\t\t\t\t<div class=\"elementor-divider\">\n\t\t\t<span class=\"elementor-divider-separator\">\n\t\t\t\t\t\t<\/span>\n\t\t<\/div>\n\t\t\t\t\t\t<\/div>\n\t\t\t\t<\/div>\n\t\t\t\t<div class=\"elementor-element elementor-element-27c711e elementor-arrows-position-outside elementor-widget__width-inherit elementor-pagination-position-outside elementor-invisible elementor-widget elementor-widget-image-carousel\" data-id=\"27c711e\" data-element_type=\"widget\" data-e-type=\"widget\" data-settings=\"{&quot;autoplay_speed&quot;:3000,&quot;image_spacing_custom&quot;:{&quot;unit&quot;:&quot;px&quot;,&quot;size&quot;:10,&quot;sizes&quot;:[]},&quot;_animation&quot;:&quot;bounceInUp&quot;,&quot;_animation_delay&quot;:1000,&quot;slides_to_show&quot;:&quot;4&quot;,&quot;slides_to_scroll&quot;:&quot;1&quot;,&quot;navigation&quot;:&quot;both&quot;,&quot;autoplay&quot;:&quot;yes&quot;,&quot;pause_on_hover&quot;:&quot;yes&quot;,&quot;pause_on_interaction&quot;:&quot;yes&quot;,&quot;infinite&quot;:&quot;yes&quot;,&quot;speed&quot;:500,&quot;image_spacing_custom_tablet&quot;:{&quot;unit&quot;:&quot;px&quot;,&quot;size&quot;:&quot;&quot;,&quot;sizes&quot;:[]},&quot;image_spacing_custom_mobile&quot;:{&quot;unit&quot;:&quot;px&quot;,&quot;size&quot;:&quot;&quot;,&quot;sizes&quot;:[]}}\" data-widget_type=\"image-carousel.default\">\n\t\t\t\t<div class=\"elementor-widget-container\">\n\t\t\t\t\t\t\t<div class=\"elementor-image-carousel-wrapper swiper\" role=\"region\" aria-roledescription=\"carousel\" aria-label=\"\u06a9\u0627\u0631\u0648\u0633\u0644 \u062a\u0635\u0648\u06cc\u0631\" dir=\"rtl\">\n\t\t\t<div class=\"elementor-image-carousel swiper-wrapper\" aria-live=\"off\">\n\t\t\t\t\t\t\t\t<div class=\"swiper-slide\" role=\"group\" aria-roledescription=\"slide\" aria-label=\"1 \/ 6\"><a data-elementor-open-lightbox=\"yes\" data-elementor-lightbox-slideshow=\"27c711e\" data-elementor-lightbox-title=\"RavanGodazPardis_about__1\" data-e-action-hash=\"#elementor-action%3Aaction%3Dlightbox%26settings%3DeyJpZCI6MzgyMiwidXJsIjoiaHR0cHM6XC9cL3JhdmFuZ29kYXpwYXJkaXMuY29tXC93cC1jb250ZW50XC91cGxvYWRzXC8yMDI1XC8wMVwvUmF2YW5Hb2RhelBhcmRpc19hYm91dF9fMS53ZWJwIiwic2xpZGVzaG93IjoiMjdjNzExZSJ9\" href=\"https:\/\/ravangodazpardis.com\/wp-content\/uploads\/2025\/01\/RavanGodazPardis_about__1.webp\"><figure class=\"swiper-slide-inner\"><img decoding=\"async\" class=\"swiper-slide-image\" src=\"https:\/\/ravangodazpardis.com\/wp-content\/uploads\/2025\/01\/RavanGodazPardis_about__1-300x240.webp\" alt=\"RavanGodazPardis_about__1\" title=\"\"><\/figure><\/a><\/div><div class=\"swiper-slide\" role=\"group\" aria-roledescription=\"slide\" aria-label=\"2 \/ 6\"><a data-elementor-open-lightbox=\"yes\" data-elementor-lightbox-slideshow=\"27c711e\" data-elementor-lightbox-title=\"RavanGodazPardis_about__2\" data-e-action-hash=\"#elementor-action%3Aaction%3Dlightbox%26settings%3DeyJpZCI6MzgyNSwidXJsIjoiaHR0cHM6XC9cL3JhdmFuZ29kYXpwYXJkaXMuY29tXC93cC1jb250ZW50XC91cGxvYWRzXC8yMDI1XC8wMVwvUmF2YW5Hb2RhelBhcmRpc19hYm91dF9fMi53ZWJwIiwic2xpZGVzaG93IjoiMjdjNzExZSJ9\" href=\"https:\/\/ravangodazpardis.com\/wp-content\/uploads\/2025\/01\/RavanGodazPardis_about__2.webp\"><figure class=\"swiper-slide-inner\"><img decoding=\"async\" class=\"swiper-slide-image\" src=\"https:\/\/ravangodazpardis.com\/wp-content\/uploads\/2025\/01\/RavanGodazPardis_about__2-300x240.webp\" alt=\"RavanGodazPardis_about__2\" title=\"\"><\/figure><\/a><\/div><div class=\"swiper-slide\" role=\"group\" aria-roledescription=\"slide\" aria-label=\"3 \/ 6\"><a data-elementor-open-lightbox=\"yes\" data-elementor-lightbox-slideshow=\"27c711e\" data-elementor-lightbox-title=\"RavanGodazPardis_about__3\" data-e-action-hash=\"#elementor-action%3Aaction%3Dlightbox%26settings%3DeyJpZCI6MzgyOCwidXJsIjoiaHR0cHM6XC9cL3JhdmFuZ29kYXpwYXJkaXMuY29tXC93cC1jb250ZW50XC91cGxvYWRzXC8yMDI1XC8wMVwvUmF2YW5Hb2RhelBhcmRpc19hYm91dF9fMy53ZWJwIiwic2xpZGVzaG93IjoiMjdjNzExZSJ9\" href=\"https:\/\/ravangodazpardis.com\/wp-content\/uploads\/2025\/01\/RavanGodazPardis_about__3.webp\"><figure class=\"swiper-slide-inner\"><img decoding=\"async\" class=\"swiper-slide-image\" src=\"https:\/\/ravangodazpardis.com\/wp-content\/uploads\/2025\/01\/RavanGodazPardis_about__3-300x240.webp\" alt=\"RavanGodazPardis_about__3\" title=\"\"><\/figure><\/a><\/div><div class=\"swiper-slide\" role=\"group\" aria-roledescription=\"slide\" aria-label=\"4 \/ 6\"><a data-elementor-open-lightbox=\"yes\" data-elementor-lightbox-slideshow=\"27c711e\" data-elementor-lightbox-title=\"RavanGodazPardis_about__4\" data-e-action-hash=\"#elementor-action%3Aaction%3Dlightbox%26settings%3DeyJpZCI6MzgzMSwidXJsIjoiaHR0cHM6XC9cL3JhdmFuZ29kYXpwYXJkaXMuY29tXC93cC1jb250ZW50XC91cGxvYWRzXC8yMDI1XC8wMVwvUmF2YW5Hb2RhelBhcmRpc19hYm91dF9fNC53ZWJwIiwic2xpZGVzaG93IjoiMjdjNzExZSJ9\" href=\"https:\/\/ravangodazpardis.com\/wp-content\/uploads\/2025\/01\/RavanGodazPardis_about__4.webp\"><figure class=\"swiper-slide-inner\"><img decoding=\"async\" class=\"swiper-slide-image\" src=\"https:\/\/ravangodazpardis.com\/wp-content\/uploads\/2025\/01\/RavanGodazPardis_about__4-300x240.webp\" alt=\"RavanGodazPardis_about__4\" title=\"\"><\/figure><\/a><\/div><div class=\"swiper-slide\" role=\"group\" aria-roledescription=\"slide\" aria-label=\"5 \/ 6\"><a data-elementor-open-lightbox=\"yes\" data-elementor-lightbox-slideshow=\"27c711e\" data-elementor-lightbox-title=\"RavanGodazPardis_about__5\" data-e-action-hash=\"#elementor-action%3Aaction%3Dlightbox%26settings%3DeyJpZCI6MzgzNCwidXJsIjoiaHR0cHM6XC9cL3JhdmFuZ29kYXpwYXJkaXMuY29tXC93cC1jb250ZW50XC91cGxvYWRzXC8yMDI1XC8wMVwvUmF2YW5Hb2RhelBhcmRpc19hYm91dF9fNS53ZWJwIiwic2xpZGVzaG93IjoiMjdjNzExZSJ9\" href=\"https:\/\/ravangodazpardis.com\/wp-content\/uploads\/2025\/01\/RavanGodazPardis_about__5.webp\"><figure class=\"swiper-slide-inner\"><img decoding=\"async\" class=\"swiper-slide-image\" src=\"https:\/\/ravangodazpardis.com\/wp-content\/uploads\/2025\/01\/RavanGodazPardis_about__5-300x240.webp\" alt=\"RavanGodazPardis_about__5\" title=\"\"><\/figure><\/a><\/div><div class=\"swiper-slide\" role=\"group\" aria-roledescription=\"slide\" aria-label=\"6 \/ 6\"><a data-elementor-open-lightbox=\"yes\" data-elementor-lightbox-slideshow=\"27c711e\" data-elementor-lightbox-title=\"RavanGodazPardis_about__6\" data-e-action-hash=\"#elementor-action%3Aaction%3Dlightbox%26settings%3DeyJpZCI6MzgzNywidXJsIjoiaHR0cHM6XC9cL3JhdmFuZ29kYXpwYXJkaXMuY29tXC93cC1jb250ZW50XC91cGxvYWRzXC8yMDI1XC8wMVwvUmF2YW5Hb2RhelBhcmRpc19hYm91dF9fNi53ZWJwIiwic2xpZGVzaG93IjoiMjdjNzExZSJ9\" href=\"https:\/\/ravangodazpardis.com\/wp-content\/uploads\/2025\/01\/RavanGodazPardis_about__6.webp\"><figure class=\"swiper-slide-inner\"><img decoding=\"async\" class=\"swiper-slide-image\" src=\"https:\/\/ravangodazpardis.com\/wp-content\/uploads\/2025\/01\/RavanGodazPardis_about__6-300x240.webp\" alt=\"RavanGodazPardis_about__6\" title=\"\"><\/figure><\/a><\/div>\t\t\t<\/div>\n\t\t\t\t\t\t\t\t\t\t\t\t<div class=\"elementor-swiper-button elementor-swiper-button-prev\" role=\"button\" tabindex=\"0\">\n\t\t\t\t\t\t<svg aria-hidden=\"true\" class=\"e-font-icon-svg e-eicon-chevron-left\" viewBox=\"0 0 1000 1000\" xmlns=\"http:\/\/www.w3.org\/2000\/svg\"><path d=\"M646 125C629 125 613 133 604 142L308 442C296 454 292 471 292 487 292 504 296 521 308 533L604 854C617 867 629 875 646 875 663 875 679 871 692 858 704 846 713 829 713 812 713 796 708 779 692 767L438 487 692 225C700 217 708 204 708 187 708 171 704 154 692 142 675 129 663 125 646 125Z\"><\/path><\/svg>\t\t\t\t\t<\/div>\n\t\t\t\t\t<div class=\"elementor-swiper-button elementor-swiper-button-next\" role=\"button\" tabindex=\"0\">\n\t\t\t\t\t\t<svg aria-hidden=\"true\" class=\"e-font-icon-svg e-eicon-chevron-right\" viewBox=\"0 0 1000 1000\" xmlns=\"http:\/\/www.w3.org\/2000\/svg\"><path d=\"M696 533C708 521 713 504 713 487 713 471 708 454 696 446L400 146C388 133 375 125 354 125 338 125 325 129 313 142 300 154 292 171 292 187 292 204 296 221 308 233L563 492 304 771C292 783 288 800 288 817 288 833 296 850 308 863 321 871 338 875 354 875 371 875 388 867 400 854L696 533Z\"><\/path><\/svg>\t\t\t\t\t<\/div>\n\t\t\t\t\n\t\t\t\t\t\t\t\t\t<div class=\"swiper-pagination\"><\/div>\n\t\t\t\t\t\t\t\t\t<\/div>\n\t\t\t\t\t\t<\/div>\n\t\t\t\t<\/div>\n\t\t\t\t<\/div>\n\t\t\t\t<\/div>\n\t\t<div class=\"elementor-element elementor-element-56c8e2f e-con-full e-flex e-con e-child\" data-id=\"56c8e2f\" data-element_type=\"container\" data-e-type=\"container\">\n\t\t\t\t<div class=\"elementor-element elementor-element-726541b text-left elementor-widget__width-auto elementor-hidden-desktop elementor-hidden-tablet elementor-hidden-mobile elementor-widget elementor-widget-tp-heading-title\" data-id=\"726541b\" data-element_type=\"widget\" data-e-type=\"widget\" data-widget_type=\"tp-heading-title.default\">\n\t\t\t\t<div class=\"elementor-widget-container\">\n\t\t\t\t\t<div class=\"heading heading_style heading_style69e0b9f32188f style-8 animate-general\"  data-animate-type=\"transition.slideUpIn\" data-animate-delay=\"\" data-animate-offset=\"85%\"><div class=\"sub-style \"  ><div class=\"head-title \" > <h4  class=\"heading-title   \"   data-hover=\"\u0648\u06cc\u062f\u06cc\u0648\u06cc \u0645\u0639\u0631\u0641\u06cc \u0634\u0631\u06a9\u062a \">\u0648\u06cc\u062f\u06cc\u0648\u06cc \u0645\u0639\u0631\u0641\u06cc \u0634\u0631\u06a9\u062a <\/h4><\/div><\/div><\/div>\t\t\t\t<\/div>\n\t\t\t\t<\/div>\n\t\t\t\t<\/div>\n\t\t\t\t<div class=\"elementor-element elementor-element-5bff6bca custom-video-h elementor-hidden-desktop elementor-hidden-tablet elementor-hidden-mobile elementor-invisible elementor-widget elementor-widget-tp-video-player\" data-id=\"5bff6bca\" data-element_type=\"widget\" data-e-type=\"widget\" data-settings=\"{&quot;_animation&quot;:&quot;zoomIn&quot;}\" data-widget_type=\"tp-video-player.default\">\n\t\t\t\t<div class=\"elementor-widget-container\">\n\t\t\t\t\t<div class=\"pt_plus_video-box-shadow video_player69e0b9f3312cf \"   ><div class=\"pt_plus_video_player   text-\"><a href=\"\" data-lity type=\"video\/mp4\"><img decoding=\"async\" class=\"ts-video-image-zoom set-image\" content=\"https:\/\/ravangodazpardis.com\/wp-content\/uploads\/2025\/01\/about_cover.webp\" src=\"https:\/\/ravangodazpardis.com\/wp-content\/uploads\/2025\/01\/about_cover.webp\" alt=\"\" title=\"\"><div class=\"tp-video-popup-icon\"> <div class=\"tp-video-icon image-drop_waves\"><img decoding=\"async\" class=\"ts-video-caption\" src=\"https:\/\/ravangodazpardis.com\/wp-content\/uploads\/2025\/01\/Medical-play_red.png\" alt=\"Medical-play_red\" title=\"\"><\/div><\/div><div class=\"ts-video-caption-text\" ><span >\u0645\u0639\u0631\u0641\u06cc \u0634\u0631\u06a9\u062a \u0631\u0648\u0627\u0646 \u06af\u062f\u0627\u0632 \u067e\u0631\u062f\u06cc\u0633<\/span><\/div><\/a><\/div><\/div>\t\t\t\t<\/div>\n\t\t\t\t<\/div>\n\t\t\t\t<\/div>\n\t\t\t\t\t<\/div>\n\t\t\t\t<\/div>\n\t\t\t\t<\/div>\n\t\t","protected":false},"excerpt":{"rendered":"<p>Ravan Godaz Pardis \u015eirketi Hakk\u0131nda Ravan Godaz Pardis \u015eirketi, Pardis Holding&#8217;in bir yan kurulu\u015fudur. Bu holding, al\u00fcminyum end\u00fcstrisindeki faaliyetlerine 1998 y\u0131l\u0131nda ba\u015flam\u0131\u015f ve b\u00fcy\u00fcme s\u00fcrecine devam ederken, Anayasa&#8217;n\u0131n 44. maddesi kapsam\u0131nda 2007 y\u0131l\u0131nda Aluroll fabrikas\u0131n\u0131 sat\u0131n alm\u0131\u015ft\u0131r. Geli\u015ftirme projeleriyle bu fabrikay\u0131 \u00fclkenin en b\u00fcy\u00fck mimari ve end\u00fcstriyel al\u00fcminyum profil ekstr\u00fczyon birimine d\u00f6n\u00fc\u015ft\u00fcrm\u00fc\u015ft\u00fcr. Ravan Godaz Pardis [&hellip;]<\/p>\n","protected":false},"author":1,"featured_media":0,"parent":0,"menu_order":0,"comment_status":"closed","ping_status":"closed","template":"","meta":{"footnotes":""},"class_list":["post-4659","page","type-page","status-publish","hentry"],"_links":{"self":[{"href":"https:\/\/ravangodazpardis.com\/tr\/wp-json\/wp\/v2\/pages\/4659","targetHints":{"allow":["GET"]}}],"collection":[{"href":"https:\/\/ravangodazpardis.com\/tr\/wp-json\/wp\/v2\/pages"}],"about":[{"href":"https:\/\/ravangodazpardis.com\/tr\/wp-json\/wp\/v2\/types\/page"}],"author":[{"embeddable":true,"href":"https:\/\/ravangodazpardis.com\/tr\/wp-json\/wp\/v2\/users\/1"}],"replies":[{"embeddable":true,"href":"https:\/\/ravangodazpardis.com\/tr\/wp-json\/wp\/v2\/comments?post=4659"}],"version-history":[{"count":5,"href":"https:\/\/ravangodazpardis.com\/tr\/wp-json\/wp\/v2\/pages\/4659\/revisions"}],"predecessor-version":[{"id":4675,"href":"https:\/\/ravangodazpardis.com\/tr\/wp-json\/wp\/v2\/pages\/4659\/revisions\/4675"}],"wp:attachment":[{"href":"https:\/\/ravangodazpardis.com\/tr\/wp-json\/wp\/v2\/media?parent=4659"}],"curies":[{"name":"wp","href":"https:\/\/api.w.org\/{rel}","templated":true}]}}