{"id":4758,"date":"2025-01-10T17:03:47","date_gmt":"2025-01-10T13:33:47","guid":{"rendered":"https:\/\/ravangodaz.com\/certificates\/"},"modified":"2025-02-07T19:34:53","modified_gmt":"2025-02-07T16:04:53","slug":"basarilar-ve-onurlar","status":"publish","type":"page","link":"https:\/\/ravangodazpardis.com\/tr\/basarilar-ve-onurlar\/","title":{"rendered":"Ba\u015far\u0131lar ve Onurlar"},"content":{"rendered":"\t\t<div data-elementor-type=\"wp-page\" data-elementor-id=\"4758\" class=\"elementor elementor-4758 elementor-1363\" data-elementor-post-type=\"page\">\n\t\t\t\t<div class=\"elementor-element elementor-element-cda2ff1 e-flex e-con-boxed e-con e-parent\" data-id=\"cda2ff1\" data-element_type=\"container\" data-e-type=\"container\" id=\"imagecascading1\" data-settings=\"{&quot;background_background&quot;:&quot;classic&quot;}\">\n\t\t\t\t\t<div class=\"e-con-inner\">\n\t\t<div class=\"elementor-element elementor-element-c3b7b7e e-con-full e-flex e-con e-child\" data-id=\"c3b7b7e\" data-element_type=\"container\" data-e-type=\"container\">\n\t\t<div class=\"elementor-element elementor-element-5d29772 e-con-full e-flex e-con e-child\" data-id=\"5d29772\" data-element_type=\"container\" data-e-type=\"container\">\n\t\t\t\t<div class=\"elementor-element elementor-element-89bf51b elementor-view-stacked elementor-shape-circle elementor-widget elementor-widget-icon\" data-id=\"89bf51b\" data-element_type=\"widget\" data-e-type=\"widget\" data-widget_type=\"icon.default\">\n\t\t\t\t<div class=\"elementor-widget-container\">\n\t\t\t\t\t\t\t<div class=\"elementor-icon-wrapper\">\n\t\t\t<div class=\"elementor-icon\">\n\t\t\t<svg aria-hidden=\"true\" class=\"e-font-icon-svg e-far-dot-circle\" viewBox=\"0 0 512 512\" xmlns=\"http:\/\/www.w3.org\/2000\/svg\"><path d=\"M256 56c110.532 0 200 89.451 200 200 0 110.532-89.451 200-200 200-110.532 0-200-89.451-200-200 0-110.532 89.451-200 200-200m0-48C119.033 8 8 119.033 8 256s111.033 248 248 248 248-111.033 248-248S392.967 8 256 8zm0 168c-44.183 0-80 35.817-80 80s35.817 80 80 80 80-35.817 80-80-35.817-80-80-80z\"><\/path><\/svg>\t\t\t<\/div>\n\t\t<\/div>\n\t\t\t\t\t\t<\/div>\n\t\t\t\t<\/div>\n\t\t\t\t<div class=\"elementor-element elementor-element-984e309 text-right elementor-widget elementor-widget-tp-heading-title\" data-id=\"984e309\" data-element_type=\"widget\" data-e-type=\"widget\" data-widget_type=\"tp-heading-title.default\">\n\t\t\t\t<div class=\"elementor-widget-container\">\n\t\t\t\t\t<div class=\"heading heading_style heading_style69e14ba532fad style-8 animate-general\"  data-animate-type=\"transition.flipXIn\" data-animate-delay=\"300\" data-animate-offset=\"85%\" data-animate-out-type=\"transition.bounceUpOut\" data-animate-out-delay=\"50\"><div class=\"sub-style \"  ><div class=\"head-title \" > <h1  class=\"heading-title   \"   data-hover=\"Ravan Godaz Pardis \u015eirketinin Ba\u015far\u0131lar\u0131 ve \u00d6d\u00fclleri\">Ravan Godaz Pardis \u015eirketinin Ba\u015far\u0131lar\u0131 ve \u00d6d\u00fclleri<\/h1><\/div><\/div><\/div>\t\t\t\t<\/div>\n\t\t\t\t<\/div>\n\t\t\t\t<div class=\"elementor-element elementor-element-b80ef35 elementor-widget-divider--view-line elementor-invisible elementor-widget elementor-widget-divider\" data-id=\"b80ef35\" data-element_type=\"widget\" data-e-type=\"widget\" data-settings=\"{&quot;_animation&quot;:&quot;fadeInRight&quot;,&quot;_animation_delay&quot;:500}\" data-widget_type=\"divider.default\">\n\t\t\t\t<div class=\"elementor-widget-container\">\n\t\t\t\t\t\t\t<div class=\"elementor-divider\">\n\t\t\t<span class=\"elementor-divider-separator\">\n\t\t\t\t\t\t<\/span>\n\t\t<\/div>\n\t\t\t\t\t\t<\/div>\n\t\t\t\t<\/div>\n\t\t\t\t<\/div>\n\t\t\t\t<\/div>\n\t\t<div class=\"elementor-element elementor-element-1ec8a839 e-con-full e-flex e-con e-child\" data-id=\"1ec8a839\" data-element_type=\"container\" data-e-type=\"container\">\n\t\t<div class=\"elementor-element elementor-element-42f7a9ed e-con-full e-flex elementor-invisible e-con e-child\" data-id=\"42f7a9ed\" data-element_type=\"container\" data-e-type=\"container\" data-settings=\"{&quot;animation&quot;:&quot;fadeInLeft&quot;,&quot;animation_delay&quot;:800}\">\n\t\t\t\t<div class=\"elementor-element elementor-element-6eab2490 text-center elementor-widget elementor-widget-tp-number-counter\" data-id=\"6eab2490\" data-element_type=\"widget\" data-e-type=\"widget\" data-widget_type=\"tp-number-counter.default\">\n\t\t\t\t<div class=\"elementor-widget-container\">\n\t\t\t\t\t<div class=\" content_hover_effect \" ><div class=\"plus-number-counter counter-style-1 counter69e14ba521c66 \" data-id=\"counter69e14ba521c66\" ><div class=\"number-counter-inner-block  \"><div class=\"counter-wrap-content\" ><h5 class=\"counter-number\"><span class=\"number-counter-symbol\">+<\/span><span class=\"counter-number-inner numscroller\"  data-min=\"0\" data-max=\"2\" data-delay=\"5\" data-increment=\"5\">0<\/span><\/h5><h6 class=\"counter-title\">Sertifika<\/h6><\/div><\/div><\/div><\/div>\t\t\t\t<\/div>\n\t\t\t\t<\/div>\n\t\t\t\t<div class=\"elementor-element elementor-element-2b76cfcd elementor-widget elementor-widget-tp-adv-text-block\" data-id=\"2b76cfcd\" data-element_type=\"widget\" data-e-type=\"widget\" data-widget_type=\"tp-adv-text-block.default\">\n\t\t\t\t<div class=\"elementor-widget-container\">\n\t\t\t\t\t<div class=\"pt-plus-text-block-wrapper\" data-tp-gsap-textblock=\"\" ><div class=\"text_block_parallax\"><div class=\"pt_plus_adv_text_block \" ><div class=\"text-content-block\"><p style=\"text-align: justify\">Ravan Godaz Pardis \u015eirketi, ISO-9001 ve IATF-16949 sertifikalar\u0131n\u0131 almaktan gurur duymaktad\u0131r.<\/p><\/div><\/div><\/div><\/div>\t\t\t\t<\/div>\n\t\t\t\t<\/div>\n\t\t\t\t<\/div>\n\t\t<div class=\"elementor-element elementor-element-572928d8 e-con-full e-grid elementor-invisible e-con e-child\" data-id=\"572928d8\" data-element_type=\"container\" data-e-type=\"container\" data-settings=\"{&quot;animation&quot;:&quot;fadeInRight&quot;,&quot;animation_delay&quot;:600}\">\n\t\t\t\t<div class=\"elementor-element elementor-element-b9eb271 elementor-widget elementor-widget-tp-image-factory\" data-id=\"b9eb271\" data-element_type=\"widget\" data-e-type=\"widget\" data-widget_type=\"tp-image-factory.default\">\n\t\t\t\t<div class=\"elementor-widget-container\">\n\t\t\t\t\t<script>\njQuery( document ).ready(function() {\n                \"use strict\";\n                    if(typeof tippy === \"function\"){\n                        tippy( \"#plusb9eb271\" , {\n                            arrowType : \"sharp\",\n                            duration : [250,200],\n                            trigger : \"mouseenter\",\n                            appendTo: document.querySelector(\"#plusb9eb271\")\n                        });\n                    }\n                });\n<\/script>\n<div id=\"plusb9eb271\" class=\" plus-widget-wrapper\" data-tippy=\"\" title=\"ISO-9001\" data-tippy-placement=\"top\" data-tippy-interactive=\"false\" data-tippy-theme=\"dark\" data-tippy-arrow=\"true\" data-tippy-arrowtype=\"sharp\" data-tippy-animation=\"shift-toward\" data-tippy-offset=\"0,0\"><div id=\"plus69e14ba52566c\" class=\"plus-adv-text-widget plus-widget-wrapper  pt-plus-move-parallax  image-pulse\" ><div class=\"plus-widget-inner-wrap   \"  ><div class=\"plus-widget-inner-parallax parallax-move\"  data-move_speed_x=\"30\"  data-move_speed_y=\"30\" ><div id=\"plus69e14ba525f1c\" class=\"pt-plus-animated-image-wrapper      image-pulse\" ><div class=\"animated-image-parallax  pt-plus-move-parallax \" ><div class=\"pt_plus_animated_image bg-image69e14ba525f15 text-center animate-general  \"  data-animate-type=\"transition.shrinkIn\" data-animate-delay=\"50\" data-animate-offset=\"85%\" data-animate-out-type=\"transition.shrinkOut\" data-animate-out-delay=\"50\" > <figure class=\"  parallax-move   \"   data-move_speed_x=\"30\"  data-move_speed_y=\"30\" ><a aria-label=\"\u06af\u0648\u0627\u0647\u06cc\u0646\u0627\u0645\u0647 \u0627\u06cc\u0632\u0648 9001 \u0634\u0631\u06a9\u062a \u0631\u0648\u0627\u0646 \u06af\u062f\u0627\u0632 \u067e\u0631\u062f\u06cc\u0633\" href=\"https:\/\/ravangodaz.com\/wp-content\/uploads\/2025\/02\/RavanGodazPardis_iso_9001.jpg\" class=\"vc_single_image-wrapper    \" rel=\"nofollow noopener\" target=\"_blank\"><img fetchpriority=\"high\" decoding=\"async\" width=\"1000\" height=\"1414\" src=\"https:\/\/ravangodazpardis.com\/wp-content\/uploads\/2025\/02\/RavanGodazPardis_iso_9001.jpg\" class=\"attachment-full size-full wp-image-3296\" alt=\"\u06af\u0648\u0627\u0647\u06cc\u0646\u0627\u0645\u0647 \u0627\u06cc\u0632\u0648 9001 \u0634\u0631\u06a9\u062a \u0631\u0648\u0627\u0646 \u06af\u062f\u0627\u0632 \u067e\u0631\u062f\u06cc\u0633\" title=\"\" srcset=\"https:\/\/ravangodazpardis.com\/wp-content\/uploads\/2025\/02\/RavanGodazPardis_iso_9001.jpg 1000w, https:\/\/ravangodazpardis.com\/wp-content\/uploads\/2025\/02\/RavanGodazPardis_iso_9001-212x300.jpg 212w, https:\/\/ravangodazpardis.com\/wp-content\/uploads\/2025\/02\/RavanGodazPardis_iso_9001-724x1024.jpg 724w, https:\/\/ravangodazpardis.com\/wp-content\/uploads\/2025\/02\/RavanGodazPardis_iso_9001-768x1086.jpg 768w\" sizes=\"(max-width: 1000px) 100vw, 1000px\" \/><\/a> <\/figure> <\/div><\/div><\/div><\/div><\/div><\/div><\/div>\t\t\t\t<\/div>\n\t\t\t\t<\/div>\n\t\t\t\t<div class=\"elementor-element elementor-element-bf8b582 elementor-widget elementor-widget-tp-image-factory\" data-id=\"bf8b582\" data-element_type=\"widget\" data-e-type=\"widget\" data-widget_type=\"tp-image-factory.default\">\n\t\t\t\t<div class=\"elementor-widget-container\">\n\t\t\t\t\t<script>\njQuery( document ).ready(function() {\n                \"use strict\";\n                    if(typeof tippy === \"function\"){\n                        tippy( \"#plusbf8b582\" , {\n                            arrowType : \"sharp\",\n                            duration : [250,200],\n                            trigger : \"mouseenter\",\n                            appendTo: document.querySelector(\"#plusbf8b582\")\n                        });\n                    }\n                });\n<\/script>\n<div id=\"plusbf8b582\" class=\" plus-widget-wrapper\" data-tippy=\"\" title=\"IATF-16949\" data-tippy-placement=\"top\" data-tippy-interactive=\"true\" data-tippy-theme=\"dark\" data-tippy-arrow=\"true\" data-tippy-arrowtype=\"sharp\" data-tippy-animation=\"shift-toward\" data-tippy-offset=\"0,0\"><div id=\"plus69e14ba52759e\" class=\"plus-adv-text-widget plus-widget-wrapper  pt-plus-move-parallax  image-pulse\" ><div class=\"plus-widget-inner-wrap   \"  ><div class=\"plus-widget-inner-parallax parallax-move\"  data-move_speed_x=\"30\"  data-move_speed_y=\"30\" ><div id=\"plus69e14ba527a7c\" class=\"pt-plus-animated-image-wrapper      image-pulse\" ><div class=\"animated-image-parallax  pt-plus-move-parallax \" ><div class=\"pt_plus_animated_image bg-image69e14ba527a77 text-center animate-general  \"  data-animate-type=\"transition.shrinkIn\" data-animate-delay=\"50\" data-animate-offset=\"85%\" data-animate-out-type=\"transition.shrinkOut\" data-animate-out-delay=\"50\" > <figure class=\"  parallax-move   \"   data-move_speed_x=\"30\"  data-move_speed_y=\"30\" ><a aria-label=\"\u06af\u0648\u0627\u0647\u06cc\u0646\u0627\u0645\u0647 IATF \u0634\u0631\u06a9\u062a \u0631\u0648\u0627\u0646 \u06af\u062f\u0627\u0632 \u067e\u0631\u062f\u06cc\u0633\" href=\"https:\/\/ravangodaz.com\/wp-content\/uploads\/2025\/02\/RavanGodazPardis_IATF_16949.jpg\" class=\"vc_single_image-wrapper    \" rel=\"nofollow noopener\" target=\"_blank\"><img decoding=\"async\" width=\"1000\" height=\"1414\" src=\"https:\/\/ravangodazpardis.com\/wp-content\/uploads\/2025\/02\/RavanGodazPardis_IATF_16949.jpg\" class=\"attachment-full size-full wp-image-3297\" alt=\"\u06af\u0648\u0627\u0647\u06cc\u0646\u0627\u0645\u0647 IATF \u0634\u0631\u06a9\u062a \u0631\u0648\u0627\u0646 \u06af\u062f\u0627\u0632 \u067e\u0631\u062f\u06cc\u0633\" title=\"\" srcset=\"https:\/\/ravangodazpardis.com\/wp-content\/uploads\/2025\/02\/RavanGodazPardis_IATF_16949.jpg 1000w, https:\/\/ravangodazpardis.com\/wp-content\/uploads\/2025\/02\/RavanGodazPardis_IATF_16949-212x300.jpg 212w, https:\/\/ravangodazpardis.com\/wp-content\/uploads\/2025\/02\/RavanGodazPardis_IATF_16949-724x1024.jpg 724w, https:\/\/ravangodazpardis.com\/wp-content\/uploads\/2025\/02\/RavanGodazPardis_IATF_16949-768x1086.jpg 768w\" sizes=\"(max-width: 1000px) 100vw, 1000px\" \/><\/a> <\/figure> <\/div><\/div><\/div><\/div><\/div><\/div><\/div>\t\t\t\t<\/div>\n\t\t\t\t<\/div>\n\t\t\t\t<\/div>\n\t\t\t\t<\/div>\n\t\t\t\t\t<\/div>\n\t\t\t\t<\/div>\n\t\t\t\t<\/div>\n\t\t","protected":false},"excerpt":{"rendered":"<p>Ravan Godaz Pardis \u015eirketinin Ba\u015far\u0131lar\u0131 ve \u00d6d\u00fclleri +0 Sertifika Ravan Godaz Pardis \u015eirketi, ISO-9001 ve IATF-16949 sertifikalar\u0131n\u0131 almaktan gurur duymaktad\u0131r.<\/p>\n","protected":false},"author":1,"featured_media":0,"parent":0,"menu_order":0,"comment_status":"closed","ping_status":"closed","template":"","meta":{"footnotes":""},"class_list":["post-4758","page","type-page","status-publish","hentry"],"_links":{"self":[{"href":"https:\/\/ravangodazpardis.com\/tr\/wp-json\/wp\/v2\/pages\/4758","targetHints":{"allow":["GET"]}}],"collection":[{"href":"https:\/\/ravangodazpardis.com\/tr\/wp-json\/wp\/v2\/pages"}],"about":[{"href":"https:\/\/ravangodazpardis.com\/tr\/wp-json\/wp\/v2\/types\/page"}],"author":[{"embeddable":true,"href":"https:\/\/ravangodazpardis.com\/tr\/wp-json\/wp\/v2\/users\/1"}],"replies":[{"embeddable":true,"href":"https:\/\/ravangodazpardis.com\/tr\/wp-json\/wp\/v2\/comments?post=4758"}],"version-history":[{"count":23,"href":"https:\/\/ravangodazpardis.com\/tr\/wp-json\/wp\/v2\/pages\/4758\/revisions"}],"predecessor-version":[{"id":4825,"href":"https:\/\/ravangodazpardis.com\/tr\/wp-json\/wp\/v2\/pages\/4758\/revisions\/4825"}],"wp:attachment":[{"href":"https:\/\/ravangodazpardis.com\/tr\/wp-json\/wp\/v2\/media?parent=4758"}],"curies":[{"name":"wp","href":"https:\/\/api.w.org\/{rel}","templated":true}]}}