{"id":4877,"date":"2025-01-10T14:15:03","date_gmt":"2025-01-10T10:45:03","guid":{"rendered":"https:\/\/ravangodaz.com\/organizational-statement\/"},"modified":"2025-02-07T20:06:49","modified_gmt":"2025-02-07T16:36:49","slug":"kurumsal-beyan","status":"publish","type":"page","link":"https:\/\/ravangodazpardis.com\/tr\/kurumsal-beyan\/","title":{"rendered":"Kurumsal Beyan"},"content":{"rendered":"\t\t<div data-elementor-type=\"wp-page\" data-elementor-id=\"4877\" class=\"elementor elementor-4877 elementor-1324\" data-elementor-post-type=\"page\">\n\t\t\t\t<div class=\"elementor-element elementor-element-cda2ff1 e-flex e-con-boxed e-con e-parent\" data-id=\"cda2ff1\" data-element_type=\"container\" data-e-type=\"container\" id=\"imagecascading1\" data-settings=\"{&quot;background_background&quot;:&quot;classic&quot;}\">\n\t\t\t\t\t<div class=\"e-con-inner\">\n\t\t<div class=\"elementor-element elementor-element-02984f2 e-con-full e-flex e-con e-child\" data-id=\"02984f2\" data-element_type=\"container\" data-e-type=\"container\" data-settings=\"{&quot;background_background&quot;:&quot;classic&quot;}\">\n\t\t<div class=\"elementor-element elementor-element-d17ddab e-con-full e-flex e-con e-child\" data-id=\"d17ddab\" data-element_type=\"container\" data-e-type=\"container\">\n\t\t<div class=\"elementor-element elementor-element-1f51399 e-con-full e-flex e-con e-child\" data-id=\"1f51399\" data-element_type=\"container\" data-e-type=\"container\">\n\t\t\t\t<div class=\"elementor-element elementor-element-1bd7b5a elementor-view-stacked elementor-shape-circle elementor-widget elementor-widget-icon\" data-id=\"1bd7b5a\" data-element_type=\"widget\" data-e-type=\"widget\" data-widget_type=\"icon.default\">\n\t\t\t\t<div class=\"elementor-widget-container\">\n\t\t\t\t\t\t\t<div class=\"elementor-icon-wrapper\">\n\t\t\t<div class=\"elementor-icon\">\n\t\t\t<svg aria-hidden=\"true\" class=\"e-font-icon-svg e-far-dot-circle\" viewBox=\"0 0 512 512\" xmlns=\"http:\/\/www.w3.org\/2000\/svg\"><path d=\"M256 56c110.532 0 200 89.451 200 200 0 110.532-89.451 200-200 200-110.532 0-200-89.451-200-200 0-110.532 89.451-200 200-200m0-48C119.033 8 8 119.033 8 256s111.033 248 248 248 248-111.033 248-248S392.967 8 256 8zm0 168c-44.183 0-80 35.817-80 80s35.817 80 80 80 80-35.817 80-80-35.817-80-80-80z\"><\/path><\/svg>\t\t\t<\/div>\n\t\t<\/div>\n\t\t\t\t\t\t<\/div>\n\t\t\t\t<\/div>\n\t\t\t\t<div class=\"elementor-element elementor-element-ad4bd15 text-right elementor-widget elementor-widget-tp-heading-title\" data-id=\"ad4bd15\" data-element_type=\"widget\" data-e-type=\"widget\" data-widget_type=\"tp-heading-title.default\">\n\t\t\t\t<div class=\"elementor-widget-container\">\n\t\t\t\t\t<div class=\"heading heading_style heading_style69f18c63b6da2 style-8 animate-general\"  data-animate-type=\"transition.flipXIn\" data-animate-delay=\"300\" data-animate-offset=\"85%\" data-animate-out-type=\"transition.bounceUpOut\" data-animate-out-delay=\"50\"><div class=\"sub-style \"  ><div class=\"head-title \" > <h1  class=\"heading-title   \"   data-hover=\"Ravan Godaz Pardis \u015eirketi Kurumsal Beyan\u0131\">Ravan Godaz Pardis \u015eirketi Kurumsal Beyan\u0131<\/h1><\/div><\/div><\/div>\t\t\t\t<\/div>\n\t\t\t\t<\/div>\n\t\t\t\t<div class=\"elementor-element elementor-element-936e0c4 elementor-widget-divider--view-line elementor-invisible elementor-widget elementor-widget-divider\" data-id=\"936e0c4\" data-element_type=\"widget\" data-e-type=\"widget\" data-settings=\"{&quot;_animation&quot;:&quot;fadeInRight&quot;,&quot;_animation_delay&quot;:500}\" data-widget_type=\"divider.default\">\n\t\t\t\t<div class=\"elementor-widget-container\">\n\t\t\t\t\t\t\t<div class=\"elementor-divider\">\n\t\t\t<span class=\"elementor-divider-separator\">\n\t\t\t\t\t\t<\/span>\n\t\t<\/div>\n\t\t\t\t\t\t<\/div>\n\t\t\t\t<\/div>\n\t\t\t\t<\/div>\n\t\t\t\t<\/div>\n\t\t<div class=\"elementor-element elementor-element-5c0924c e-con-full e-flex e-con e-child\" data-id=\"5c0924c\" data-element_type=\"container\" data-e-type=\"container\">\n\t\t<div class=\"elementor-element elementor-element-ebcc344 e-con-full e-flex elementor-invisible e-con e-child\" data-id=\"ebcc344\" data-element_type=\"container\" data-e-type=\"container\" data-settings=\"{&quot;animation&quot;:&quot;fadeInLeft&quot;,&quot;animation_delay&quot;:800}\">\n\t\t\t\t<div class=\"elementor-element elementor-element-36e6c50 text-center elementor-widget elementor-widget-tp-number-counter\" data-id=\"36e6c50\" data-element_type=\"widget\" data-e-type=\"widget\" data-widget_type=\"tp-number-counter.default\">\n\t\t\t\t<div class=\"elementor-widget-container\">\n\t\t\t\t\t<div class=\" content_hover_effect \" ><div class=\"plus-number-counter counter-style-1 counter69f18c4c4c9a0 \" data-id=\"counter69f18c4c4c9a0\" ><div class=\"number-counter-inner-block  \"><div class=\"counter-wrap-content\" ><h5 class=\"counter-number\"><span class=\"number-counter-symbol\">+<\/span><span class=\"counter-number-inner numscroller\"  data-min=\"1\" data-max=\"1\" data-delay=\"5\" data-increment=\"5\">1<\/span><\/h5><h6 class=\"counter-title\">Misyon Beyan\u0131<\/h6><\/div><\/div><\/div><\/div>\t\t\t\t<\/div>\n\t\t\t\t<\/div>\n\t\t\t\t<div class=\"elementor-element elementor-element-82a346b elementor-widget elementor-widget-tp-adv-text-block\" data-id=\"82a346b\" data-element_type=\"widget\" data-e-type=\"widget\" data-widget_type=\"tp-adv-text-block.default\">\n\t\t\t\t<div class=\"elementor-widget-container\">\n\t\t\t\t\t<div class=\"pt-plus-text-block-wrapper\" data-tp-gsap-textblock=\"\" ><div class=\"text_block_parallax\"><div class=\"pt_plus_adv_text_block \" ><div class=\"text-content-block\"><p style=\"text-align: justify\">Ravan Godaz Pardis \u015eirketi, bir \u00fcretici olarak, \u00fclkemizin sanayisini y\u00fckseltmek amac\u0131yla, \u00fclkemizdeki al\u00fcminyum end\u00fcstrisinde profil, ingot ve ala\u015f\u0131m al\u00fcminyum blok \u00fcreticilerinden biri olarak en iyi markalar aras\u0131nda \u00f6nemli bir rol oynamaktad\u0131r. \u0130\u00e7 yetkinliklere, deneyime ve personelinin bilgisine g\u00fcvenerek, \u00fclkenin al\u00fcminyum sanayisinde tan\u0131nan ve sayg\u0131n bir isim kazanarak \u00f6nde gelen \u00fcreticiler aras\u0131nda kendini konumland\u0131rmay\u0131 ba\u015farm\u0131\u015ft\u0131r. \u015eirket, kaliteli ve m\u00fckemmel \u00fcr\u00fcnler sunarak k\u00fc\u00e7\u00fck ve b\u00fcy\u00fck sanayilerin t\u00fcm ihtiya\u00e7lar\u0131n\u0131 kar\u015f\u0131lamada \u00f6nemli bir rol oynam\u0131\u015ft\u0131r.<\/p><\/div><\/div><\/div><\/div>\t\t\t\t<\/div>\n\t\t\t\t<\/div>\n\t\t\t\t<\/div>\n\t\t<div class=\"elementor-element elementor-element-7fddc99 e-con-full e-grid elementor-invisible e-con e-child\" data-id=\"7fddc99\" data-element_type=\"container\" data-e-type=\"container\" data-settings=\"{&quot;animation&quot;:&quot;fadeInRight&quot;,&quot;animation_delay&quot;:600}\">\n\t\t\t\t<div class=\"elementor-element elementor-element-17b523d elementor-widget elementor-widget-tp-image-factory\" data-id=\"17b523d\" data-element_type=\"widget\" data-e-type=\"widget\" data-widget_type=\"tp-image-factory.default\">\n\t\t\t\t<div class=\"elementor-widget-container\">\n\t\t\t\t\t<script>\njQuery( document ).ready(function() {\n                \"use strict\";\n                    if(typeof tippy === \"function\"){\n                        tippy( \"#plus17b523d\" , {\n                            arrowType : \"sharp\",\n                            duration : [250,200],\n                            trigger : \"mouseenter\",\n                            appendTo: document.querySelector(\"#plus17b523d\")\n                        });\n                    }\n                });\n<\/script>\n<div id=\"plus17b523d\" class=\" plus-widget-wrapper\" data-tippy=\"\" title=\"ISO-9001\" data-tippy-placement=\"top\" data-tippy-interactive=\"false\" data-tippy-theme=\"dark\" data-tippy-arrow=\"true\" data-tippy-arrowtype=\"sharp\" data-tippy-animation=\"shift-toward\" data-tippy-offset=\"0,0\"><div id=\"plus69f18c4c50505\" class=\"plus-adv-text-widget plus-widget-wrapper  pt-plus-move-parallax  image-pulse\" ><div class=\"plus-widget-inner-wrap   \"  ><div class=\"plus-widget-inner-parallax parallax-move\"  data-move_speed_x=\"30\"  data-move_speed_y=\"30\" ><div id=\"plus69f18c4c508a8\" class=\"pt-plus-animated-image-wrapper      image-pulse\" ><div class=\"animated-image-parallax  pt-plus-move-parallax \" ><div class=\"pt_plus_animated_image bg-image69f18c4c5089e text-center animate-general  \"  data-animate-type=\"transition.shrinkIn\" data-animate-delay=\"50\" data-animate-offset=\"85%\" data-animate-out-type=\"transition.shrinkOut\" data-animate-out-delay=\"50\" > <figure class=\"  parallax-move   \"   data-move_speed_x=\"30\"  data-move_speed_y=\"30\" ><a aria-label=\"\u0628\u06cc\u0627\u0646\u06cc\u0647 \u0633\u0627\u0632\u0645\u0627\u0646\u06cc \u0631\u0648\u0627\u0646 \u06af\u062f\u0627\u0632 \u067e\u0631\u062f\u06cc\u0633\" href=\"https:\/\/ravangodaz.com\/wp-content\/uploads\/2025\/01\/bayaniyeh_sazmani-scaled.webp\" class=\"vc_single_image-wrapper    \" rel=\"nofollow noopener\" target=\"_blank\"><img fetchpriority=\"high\" decoding=\"async\" width=\"1829\" height=\"2560\" src=\"https:\/\/ravangodazpardis.com\/wp-content\/uploads\/2025\/01\/bayaniyeh_sazmani-scaled.webp\" class=\"attachment-full size-full wp-image-1326\" alt=\"\u0628\u06cc\u0627\u0646\u06cc\u0647 \u0633\u0627\u0632\u0645\u0627\u0646\u06cc \u0631\u0648\u0627\u0646 \u06af\u062f\u0627\u0632 \u067e\u0631\u062f\u06cc\u0633\" title=\"\" srcset=\"https:\/\/ravangodazpardis.com\/wp-content\/uploads\/2025\/01\/bayaniyeh_sazmani-scaled.webp 1829w, https:\/\/ravangodazpardis.com\/wp-content\/uploads\/2025\/01\/bayaniyeh_sazmani-214x300.webp 214w, https:\/\/ravangodazpardis.com\/wp-content\/uploads\/2025\/01\/bayaniyeh_sazmani-731x1024.webp 731w, https:\/\/ravangodazpardis.com\/wp-content\/uploads\/2025\/01\/bayaniyeh_sazmani-768x1075.webp 768w, https:\/\/ravangodazpardis.com\/wp-content\/uploads\/2025\/01\/bayaniyeh_sazmani-1097x1536.webp 1097w, https:\/\/ravangodazpardis.com\/wp-content\/uploads\/2025\/01\/bayaniyeh_sazmani-1463x2048.webp 1463w\" sizes=\"(max-width: 1829px) 100vw, 1829px\" \/><\/a> <\/figure> <\/div><\/div><\/div><\/div><\/div><\/div><\/div>\t\t\t\t<\/div>\n\t\t\t\t<\/div>\n\t\t\t\t<\/div>\n\t\t\t\t<\/div>\n\t\t\t\t<\/div>\n\t\t\t\t\t<\/div>\n\t\t\t\t<\/div>\n\t\t\t\t<\/div>\n\t\t","protected":false},"excerpt":{"rendered":"<p>Ravan Godaz Pardis \u015eirketi Kurumsal Beyan\u0131 +1 Misyon Beyan\u0131 Ravan Godaz Pardis \u015eirketi, bir \u00fcretici olarak, \u00fclkemizin sanayisini y\u00fckseltmek amac\u0131yla, \u00fclkemizdeki al\u00fcminyum end\u00fcstrisinde profil, ingot ve ala\u015f\u0131m al\u00fcminyum blok \u00fcreticilerinden biri olarak en iyi markalar aras\u0131nda \u00f6nemli bir rol oynamaktad\u0131r. \u0130\u00e7 yetkinliklere, deneyime ve personelinin bilgisine g\u00fcvenerek, \u00fclkenin al\u00fcminyum sanayisinde tan\u0131nan ve sayg\u0131n bir isim [&hellip;]<\/p>\n","protected":false},"author":1,"featured_media":0,"parent":0,"menu_order":0,"comment_status":"closed","ping_status":"closed","template":"","meta":{"footnotes":""},"class_list":["post-4877","page","type-page","status-publish","hentry"],"_links":{"self":[{"href":"https:\/\/ravangodazpardis.com\/tr\/wp-json\/wp\/v2\/pages\/4877","targetHints":{"allow":["GET"]}}],"collection":[{"href":"https:\/\/ravangodazpardis.com\/tr\/wp-json\/wp\/v2\/pages"}],"about":[{"href":"https:\/\/ravangodazpardis.com\/tr\/wp-json\/wp\/v2\/types\/page"}],"author":[{"embeddable":true,"href":"https:\/\/ravangodazpardis.com\/tr\/wp-json\/wp\/v2\/users\/1"}],"replies":[{"embeddable":true,"href":"https:\/\/ravangodazpardis.com\/tr\/wp-json\/wp\/v2\/comments?post=4877"}],"version-history":[{"count":14,"href":"https:\/\/ravangodazpardis.com\/tr\/wp-json\/wp\/v2\/pages\/4877\/revisions"}],"predecessor-version":[{"id":4917,"href":"https:\/\/ravangodazpardis.com\/tr\/wp-json\/wp\/v2\/pages\/4877\/revisions\/4917"}],"wp:attachment":[{"href":"https:\/\/ravangodazpardis.com\/tr\/wp-json\/wp\/v2\/media?parent=4877"}],"curies":[{"name":"wp","href":"https:\/\/api.w.org\/{rel}","templated":true}]}}