{"id":4969,"date":"2025-01-10T14:24:21","date_gmt":"2025-01-10T10:54:21","guid":{"rendered":"https:\/\/ravangodaz.com\/policy\/"},"modified":"2025-02-08T03:45:43","modified_gmt":"2025-02-08T00:15:43","slug":"politika","status":"publish","type":"page","link":"https:\/\/ravangodazpardis.com\/tr\/politika\/","title":{"rendered":"Politika"},"content":{"rendered":"\t\t<div data-elementor-type=\"wp-page\" data-elementor-id=\"4969\" class=\"elementor elementor-4969 elementor-1338\" data-elementor-post-type=\"page\">\n\t\t\t\t<div class=\"elementor-element elementor-element-d6cd9c2 e-flex e-con-boxed e-con e-parent\" data-id=\"d6cd9c2\" data-element_type=\"container\" data-e-type=\"container\" data-settings=\"{&quot;background_background&quot;:&quot;classic&quot;}\">\n\t\t\t\t\t<div class=\"e-con-inner\">\n\t\t<div class=\"elementor-element elementor-element-560a1f4 e-con-full e-flex e-con e-child\" data-id=\"560a1f4\" data-element_type=\"container\" data-e-type=\"container\" data-settings=\"{&quot;background_background&quot;:&quot;classic&quot;}\">\n\t\t<div class=\"elementor-element elementor-element-e4f79ec e-con-full e-flex e-con e-child\" data-id=\"e4f79ec\" data-element_type=\"container\" data-e-type=\"container\">\n\t\t<div class=\"elementor-element elementor-element-481c09f e-con-full e-flex e-con e-child\" data-id=\"481c09f\" data-element_type=\"container\" data-e-type=\"container\">\n\t\t\t\t<div class=\"elementor-element elementor-element-a7d4da1 elementor-view-stacked elementor-shape-circle elementor-widget elementor-widget-icon\" data-id=\"a7d4da1\" data-element_type=\"widget\" data-e-type=\"widget\" data-widget_type=\"icon.default\">\n\t\t\t\t<div class=\"elementor-widget-container\">\n\t\t\t\t\t\t\t<div class=\"elementor-icon-wrapper\">\n\t\t\t<div class=\"elementor-icon\">\n\t\t\t<svg aria-hidden=\"true\" class=\"e-font-icon-svg e-far-dot-circle\" viewBox=\"0 0 512 512\" xmlns=\"http:\/\/www.w3.org\/2000\/svg\"><path d=\"M256 56c110.532 0 200 89.451 200 200 0 110.532-89.451 200-200 200-110.532 0-200-89.451-200-200 0-110.532 89.451-200 200-200m0-48C119.033 8 8 119.033 8 256s111.033 248 248 248 248-111.033 248-248S392.967 8 256 8zm0 168c-44.183 0-80 35.817-80 80s35.817 80 80 80 80-35.817 80-80-35.817-80-80-80z\"><\/path><\/svg>\t\t\t<\/div>\n\t\t<\/div>\n\t\t\t\t\t\t<\/div>\n\t\t\t\t<\/div>\n\t\t\t\t<div class=\"elementor-element elementor-element-a695be9 text-right elementor-widget elementor-widget-tp-heading-title\" data-id=\"a695be9\" data-element_type=\"widget\" data-e-type=\"widget\" data-widget_type=\"tp-heading-title.default\">\n\t\t\t\t<div class=\"elementor-widget-container\">\n\t\t\t\t\t<div class=\"heading heading_style heading_style69e14b4b8de82 style-8 animate-general\"  data-animate-type=\"transition.flipXIn\" data-animate-delay=\"300\" data-animate-offset=\"85%\" data-animate-out-type=\"transition.bounceUpOut\" data-animate-out-delay=\"50\"><div class=\"sub-style \"  ><div class=\"head-title \" > <h1  class=\"heading-title   \"   data-hover=\"Ravan Godaz Pardis \u015eirket Politikas\u0131\">Ravan Godaz Pardis \u015eirket Politikas\u0131<\/h1><\/div><\/div><\/div>\t\t\t\t<\/div>\n\t\t\t\t<\/div>\n\t\t\t\t<div class=\"elementor-element elementor-element-aca3115 elementor-widget-divider--view-line elementor-invisible elementor-widget elementor-widget-divider\" data-id=\"aca3115\" data-element_type=\"widget\" data-e-type=\"widget\" data-settings=\"{&quot;_animation&quot;:&quot;fadeInRight&quot;,&quot;_animation_delay&quot;:500}\" data-widget_type=\"divider.default\">\n\t\t\t\t<div class=\"elementor-widget-container\">\n\t\t\t\t\t\t\t<div class=\"elementor-divider\">\n\t\t\t<span class=\"elementor-divider-separator\">\n\t\t\t\t\t\t<\/span>\n\t\t<\/div>\n\t\t\t\t\t\t<\/div>\n\t\t\t\t<\/div>\n\t\t\t\t<\/div>\n\t\t\t\t<\/div>\n\t\t<div class=\"elementor-element elementor-element-b63c197 e-con-full e-flex e-con e-child\" data-id=\"b63c197\" data-element_type=\"container\" data-e-type=\"container\">\n\t\t<div class=\"elementor-element elementor-element-7df5d0c e-con-full e-flex elementor-invisible e-con e-child\" data-id=\"7df5d0c\" data-element_type=\"container\" data-e-type=\"container\" data-settings=\"{&quot;animation&quot;:&quot;fadeInLeft&quot;,&quot;animation_delay&quot;:800}\">\n\t\t\t\t<div class=\"elementor-element elementor-element-4bed230 text-center elementor-widget elementor-widget-tp-number-counter\" data-id=\"4bed230\" data-element_type=\"widget\" data-e-type=\"widget\" data-widget_type=\"tp-number-counter.default\">\n\t\t\t\t<div class=\"elementor-widget-container\">\n\t\t\t\t\t<div class=\" content_hover_effect \" ><div class=\"plus-number-counter counter-style-1 counter69e14b4b80bf1 \" data-id=\"counter69e14b4b80bf1\" ><div class=\"number-counter-inner-block  \"><div class=\"counter-wrap-content\" ><h5 class=\"counter-number\"><span class=\"number-counter-symbol\">+<\/span><span class=\"counter-number-inner numscroller\"  data-min=\"1\" data-max=\"7\" data-delay=\"5\" data-increment=\"5\">1<\/span><\/h5><h6 class=\"counter-title\">Politika<\/h6><\/div><\/div><\/div><\/div>\t\t\t\t<\/div>\n\t\t\t\t<\/div>\n\t\t\t\t<div class=\"elementor-element elementor-element-0d72a27 elementor-widget elementor-widget-tp-adv-text-block\" data-id=\"0d72a27\" data-element_type=\"widget\" data-e-type=\"widget\" data-widget_type=\"tp-adv-text-block.default\">\n\t\t\t\t<div class=\"elementor-widget-container\">\n\t\t\t\t\t<div class=\"pt-plus-text-block-wrapper\" data-tp-gsap-textblock=\"\" ><div class=\"text_block_parallax\"><div class=\"pt_plus_adv_text_block \" ><div class=\"text-content-block\"><p style=\"text-align: justify\">Ravan Godaz Pardis \u015eirketi, \u00fclkenin \u00f6nde gelen ve en b\u00fcy\u00fck al\u00fcminyum ala\u015f\u0131ml\u0131 k\u00fcl\u00e7e ve biyet \u00fcreticilerinden biri olarak, hem yerel hem de k\u00fcresel al\u00fcminyum pazar\u0131nda sayg\u0131n bir konum elde etmeyi hedeflemektedir. \u015eirket, \u00fcr\u00fcnlerini ulusal ve uluslararas\u0131 standartlara, m\u00fc\u015fteri \u00f6zel gereksinimlerine ve otomotiv end\u00fcstrisinin d\u00fczenlemelerine uygun olarak \u00fcretmektedir. Ayr\u0131ca, ISO 9001 ve IATF 16949 standartlar\u0131na dayal\u0131 bir kalite y\u00f6netim sistemi uygulamaktad\u0131r.<\/p><\/div><\/div><\/div><\/div>\t\t\t\t<\/div>\n\t\t\t\t<\/div>\n\t\t\t\t<\/div>\n\t\t<div class=\"elementor-element elementor-element-cb0ffd1 e-con-full e-grid elementor-invisible e-con e-child\" data-id=\"cb0ffd1\" data-element_type=\"container\" data-e-type=\"container\" data-settings=\"{&quot;animation&quot;:&quot;fadeInRight&quot;,&quot;animation_delay&quot;:600}\">\n\t\t\t\t<div class=\"elementor-element elementor-element-d1dc8e2 elementor-widget elementor-widget-tp-image-factory\" data-id=\"d1dc8e2\" data-element_type=\"widget\" data-e-type=\"widget\" data-widget_type=\"tp-image-factory.default\">\n\t\t\t\t<div class=\"elementor-widget-container\">\n\t\t\t\t\t<script>\njQuery( document ).ready(function() {\n                \"use strict\";\n                    if(typeof tippy === \"function\"){\n                        tippy( \"#plusd1dc8e2\" , {\n                            arrowType : \"sharp\",\n                            duration : [250,200],\n                            trigger : \"mouseenter\",\n                            appendTo: document.querySelector(\"#plusd1dc8e2\")\n                        });\n                    }\n                });\n<\/script>\n<div id=\"plusd1dc8e2\" class=\" plus-widget-wrapper\" data-tippy=\"\" title=\"ISO-9001\" data-tippy-placement=\"top\" data-tippy-interactive=\"false\" data-tippy-theme=\"dark\" data-tippy-arrow=\"true\" data-tippy-arrowtype=\"sharp\" data-tippy-animation=\"shift-toward\" data-tippy-offset=\"0,0\"><div id=\"plus69e14b4b8520f\" class=\"plus-adv-text-widget plus-widget-wrapper  pt-plus-move-parallax  image-pulse\" ><div class=\"plus-widget-inner-wrap   \"  ><div class=\"plus-widget-inner-parallax parallax-move\"  data-move_speed_x=\"30\"  data-move_speed_y=\"30\" ><div id=\"plus69e14b4b85910\" class=\"pt-plus-animated-image-wrapper      image-pulse\" ><div class=\"animated-image-parallax  pt-plus-move-parallax \" ><div class=\"pt_plus_animated_image bg-image69e14b4b8590a text-center animate-general  \"  data-animate-type=\"transition.shrinkIn\" data-animate-delay=\"50\" data-animate-offset=\"85%\" data-animate-out-type=\"transition.shrinkOut\" data-animate-out-delay=\"50\" > <figure class=\"  parallax-move   \"   data-move_speed_x=\"30\"  data-move_speed_y=\"30\" ><a aria-label=\"\u062e\u0637 \u0645\u0634\u06cc \u0631\u0648\u0627\u0646 \u06af\u062f\u0627\u0632 \u067e\u0631\u062f\u06cc\u0633\" href=\"https:\/\/ravangodaz.com\/wp-content\/uploads\/2025\/01\/policy-scaled.webp\" class=\"vc_single_image-wrapper    \" rel=\"nofollow noopener\" target=\"_blank\"><img fetchpriority=\"high\" decoding=\"async\" width=\"1829\" height=\"2560\" src=\"https:\/\/ravangodazpardis.com\/wp-content\/uploads\/2025\/01\/policy-scaled.webp\" class=\"attachment-full size-full wp-image-1342\" alt=\"\u062e\u0637 \u0645\u0634\u06cc \u0631\u0648\u0627\u0646 \u06af\u062f\u0627\u0632 \u067e\u0631\u062f\u06cc\u0633\" title=\"\" srcset=\"https:\/\/ravangodazpardis.com\/wp-content\/uploads\/2025\/01\/policy-scaled.webp 1829w, https:\/\/ravangodazpardis.com\/wp-content\/uploads\/2025\/01\/policy-214x300.webp 214w, https:\/\/ravangodazpardis.com\/wp-content\/uploads\/2025\/01\/policy-731x1024.webp 731w, https:\/\/ravangodazpardis.com\/wp-content\/uploads\/2025\/01\/policy-768x1075.webp 768w, https:\/\/ravangodazpardis.com\/wp-content\/uploads\/2025\/01\/policy-1097x1536.webp 1097w, https:\/\/ravangodazpardis.com\/wp-content\/uploads\/2025\/01\/policy-1463x2048.webp 1463w\" sizes=\"(max-width: 1829px) 100vw, 1829px\" \/><\/a> <\/figure> <\/div><\/div><\/div><\/div><\/div><\/div><\/div>\t\t\t\t<\/div>\n\t\t\t\t<\/div>\n\t\t\t\t<\/div>\n\t\t\t\t<\/div>\n\t\t\t\t<\/div>\n\t\t\t\t\t<\/div>\n\t\t\t\t<\/div>\n\t\t\t\t<\/div>\n\t\t","protected":false},"excerpt":{"rendered":"<p>Ravan Godaz Pardis \u015eirket Politikas\u0131 +1 Politika Ravan Godaz Pardis \u015eirketi, \u00fclkenin \u00f6nde gelen ve en b\u00fcy\u00fck al\u00fcminyum ala\u015f\u0131ml\u0131 k\u00fcl\u00e7e ve biyet \u00fcreticilerinden biri olarak, hem yerel hem de k\u00fcresel al\u00fcminyum pazar\u0131nda sayg\u0131n bir konum elde etmeyi hedeflemektedir. \u015eirket, \u00fcr\u00fcnlerini ulusal ve uluslararas\u0131 standartlara, m\u00fc\u015fteri \u00f6zel gereksinimlerine ve otomotiv end\u00fcstrisinin d\u00fczenlemelerine uygun olarak \u00fcretmektedir. Ayr\u0131ca, [&hellip;]<\/p>\n","protected":false},"author":1,"featured_media":0,"parent":0,"menu_order":0,"comment_status":"closed","ping_status":"closed","template":"","meta":{"footnotes":""},"class_list":["post-4969","page","type-page","status-publish","hentry"],"_links":{"self":[{"href":"https:\/\/ravangodazpardis.com\/tr\/wp-json\/wp\/v2\/pages\/4969","targetHints":{"allow":["GET"]}}],"collection":[{"href":"https:\/\/ravangodazpardis.com\/tr\/wp-json\/wp\/v2\/pages"}],"about":[{"href":"https:\/\/ravangodazpardis.com\/tr\/wp-json\/wp\/v2\/types\/page"}],"author":[{"embeddable":true,"href":"https:\/\/ravangodazpardis.com\/tr\/wp-json\/wp\/v2\/users\/1"}],"replies":[{"embeddable":true,"href":"https:\/\/ravangodazpardis.com\/tr\/wp-json\/wp\/v2\/comments?post=4969"}],"version-history":[{"count":7,"href":"https:\/\/ravangodazpardis.com\/tr\/wp-json\/wp\/v2\/pages\/4969\/revisions"}],"predecessor-version":[{"id":4998,"href":"https:\/\/ravangodazpardis.com\/tr\/wp-json\/wp\/v2\/pages\/4969\/revisions\/4998"}],"wp:attachment":[{"href":"https:\/\/ravangodazpardis.com\/tr\/wp-json\/wp\/v2\/media?parent=4969"}],"curies":[{"name":"wp","href":"https:\/\/api.w.org\/{rel}","templated":true}]}}