{"id":5035,"date":"2025-01-10T22:36:41","date_gmt":"2025-01-10T19:06:41","guid":{"rendered":"https:\/\/ravangodaz.com\/casting-unit\/"},"modified":"2025-02-08T04:54:37","modified_gmt":"2025-02-08T01:24:37","slug":"dokum-birimi","status":"publish","type":"page","link":"https:\/\/ravangodazpardis.com\/tr\/dokum-birimi\/","title":{"rendered":"D\u00f6k\u00fcm Birimi"},"content":{"rendered":"\t\t<div data-elementor-type=\"wp-page\" data-elementor-id=\"5035\" class=\"elementor elementor-5035 elementor-1524\" data-elementor-post-type=\"page\">\n\t\t\t\t<div class=\"elementor-element elementor-element-bce57e0 e-flex e-con-boxed e-con e-parent\" data-id=\"bce57e0\" data-element_type=\"container\" data-e-type=\"container\">\n\t\t\t\t\t<div class=\"e-con-inner\">\n\t\t<div class=\"elementor-element elementor-element-1dfe4a5 e-con-full e-flex e-con e-child\" data-id=\"1dfe4a5\" data-element_type=\"container\" data-e-type=\"container\">\n\t\t<div class=\"elementor-element elementor-element-03280f4 e-flex e-con-boxed e-con e-child\" data-id=\"03280f4\" data-element_type=\"container\" data-e-type=\"container\">\n\t\t\t\t\t<div class=\"e-con-inner\">\n\t\t<div class=\"elementor-element elementor-element-c59b83b e-con-full e-flex e-con e-child\" data-id=\"c59b83b\" data-element_type=\"container\" data-e-type=\"container\">\n\t\t\t\t<div class=\"elementor-element elementor-element-52665b2 elementor-view-stacked elementor-shape-circle elementor-widget elementor-widget-icon\" data-id=\"52665b2\" data-element_type=\"widget\" data-e-type=\"widget\" data-widget_type=\"icon.default\">\n\t\t\t\t<div class=\"elementor-widget-container\">\n\t\t\t\t\t\t\t<div class=\"elementor-icon-wrapper\">\n\t\t\t<div class=\"elementor-icon\">\n\t\t\t<svg aria-hidden=\"true\" class=\"e-font-icon-svg e-far-dot-circle\" viewBox=\"0 0 512 512\" xmlns=\"http:\/\/www.w3.org\/2000\/svg\"><path d=\"M256 56c110.532 0 200 89.451 200 200 0 110.532-89.451 200-200 200-110.532 0-200-89.451-200-200 0-110.532 89.451-200 200-200m0-48C119.033 8 8 119.033 8 256s111.033 248 248 248 248-111.033 248-248S392.967 8 256 8zm0 168c-44.183 0-80 35.817-80 80s35.817 80 80 80 80-35.817 80-80-35.817-80-80-80z\"><\/path><\/svg>\t\t\t<\/div>\n\t\t<\/div>\n\t\t\t\t\t\t<\/div>\n\t\t\t\t<\/div>\n\t\t\t\t<div class=\"elementor-element elementor-element-8e84b83 text-right elementor-widget elementor-widget-tp-heading-title\" data-id=\"8e84b83\" data-element_type=\"widget\" data-e-type=\"widget\" data-widget_type=\"tp-heading-title.default\">\n\t\t\t\t<div class=\"elementor-widget-container\">\n\t\t\t\t\t<div class=\"heading heading_style heading_style69e0e0d3b1197 style-8 animate-general\"  data-animate-type=\"transition.flipXIn\" data-animate-delay=\"300\" data-animate-offset=\"85%\" data-animate-out-type=\"transition.bounceUpOut\" data-animate-out-delay=\"50\"><div class=\"sub-style \"  ><div class=\"head-title \" > <h1  class=\"heading-title   \"   data-hover=\"Ravan Godaz Pardis \u015eirketi D\u00f6k\u00fcm Birimi\">Ravan Godaz Pardis \u015eirketi D\u00f6k\u00fcm Birimi<\/h1><\/div><\/div><\/div>\t\t\t\t<\/div>\n\t\t\t\t<\/div>\n\t\t\t\t<div class=\"elementor-element elementor-element-36ee97d elementor-widget-divider--view-line elementor-invisible elementor-widget elementor-widget-divider\" data-id=\"36ee97d\" data-element_type=\"widget\" data-e-type=\"widget\" data-settings=\"{&quot;_animation&quot;:&quot;fadeInRight&quot;,&quot;_animation_delay&quot;:500}\" data-widget_type=\"divider.default\">\n\t\t\t\t<div class=\"elementor-widget-container\">\n\t\t\t\t\t\t\t<div class=\"elementor-divider\">\n\t\t\t<span class=\"elementor-divider-separator\">\n\t\t\t\t\t\t<\/span>\n\t\t<\/div>\n\t\t\t\t\t\t<\/div>\n\t\t\t\t<\/div>\n\t\t\t\t<\/div>\n\t\t\t\t\t<\/div>\n\t\t\t\t<\/div>\n\t\t<div class=\"elementor-element elementor-element-e9546ce e-con-full e-flex e-con e-child\" data-id=\"e9546ce\" data-element_type=\"container\" data-e-type=\"container\">\n\t\t<div class=\"elementor-element elementor-element-40eee87 e-con-full e-flex elementor-invisible e-con e-child\" data-id=\"40eee87\" data-element_type=\"container\" data-e-type=\"container\" data-settings=\"{&quot;animation&quot;:&quot;fadeInUp&quot;,&quot;animation_delay&quot;:500}\">\n\t\t\t\t<div class=\"elementor-element elementor-element-463865d elementor-invisible elementor-widget elementor-widget-tp-adv-text-block\" data-id=\"463865d\" data-element_type=\"widget\" data-e-type=\"widget\" data-settings=\"{&quot;_animation&quot;:&quot;fadeInUp&quot;,&quot;_animation_delay&quot;:600}\" data-widget_type=\"tp-adv-text-block.default\">\n\t\t\t\t<div class=\"elementor-widget-container\">\n\t\t\t\t\t<div class=\"pt-plus-text-block-wrapper\" data-tp-gsap-textblock=\"\" ><div class=\"text_block_parallax\"><div class=\"pt_plus_adv_text_block animate-general\"  data-animate-type=\"transition.bounceUpIn\" data-animate-delay=\"135\" data-animate-offset=\"85%\" data-animate-out-type=\"transition.whirlOut\" data-animate-out-delay=\"50\"><div class=\"text-content-block\"><p style=\"text-align: justify\">Bu \u015firketin d\u00f6k\u00fcm birimi, 15 tonluk e\u011filebilir al\u00fcminyum ergitme ve tutma f\u0131r\u0131nlar\u0131, bir adet k\u00fct\u00fck d\u00f6k\u00fcm sistemi ve iki adet 25 tonluk pig d\u00f6k\u00fcm makinesi ile g\u00fcnde 5 ila 12 in\u00e7 \u00e7ap\u0131nda ve 1000'den 7000'e kadar olan ala\u015f\u0131m gruplar\u0131nda 95 ton al\u00fcminyum k\u00fct\u00fck \u00fcretme kapasitesine sahiptir. En iyi hammadde ve di\u011fer gerekli katk\u0131lar\u0131n ala\u015f\u0131ml\u0131 k\u00fct\u00fck ve ingot \u00fcretiminde kullan\u0131lmas\u0131, c\u00fcruf ve yabanc\u0131 madde temizleme teknolojilerinin kullan\u0131lmas\u0131, \u00f6zel kar\u0131\u015ft\u0131r\u0131c\u0131 ve argon gaz\u0131 ile ergimi\u015f metalin gaz giderilmesi, uygun g\u00f6zeneklili\u011fe sahip seramik filtreler ve ate\u015fe dayan\u0131kl\u0131 kuma\u015f a\u011flar\u0131 ile ergimi\u015f metalin filtrasyonu, ayr\u0131ca al\u00fcminyum titanyum tohumlama kullan\u0131m\u0131 ile ergimi\u015f metalin yolunda ve yeterli s\u0131cakl\u0131k ve zaman diliminde al\u00fcminyum eriyi\u011finin tam homojenizasyonu, bu \u015firkete \u00fclke \u00e7ap\u0131nda en y\u00fcksek kaliteli ala\u015f\u0131ml\u0131 al\u00fcminyum k\u00fct\u00fck ve ingot \u00fcretme imkan\u0131 sa\u011flamaktad\u0131r.<\/p><\/div><\/div><\/div><\/div>\t\t\t\t<\/div>\n\t\t\t\t<\/div>\n\t\t\t\t<div class=\"elementor-element elementor-element-8aac771 elementor-widget__width-inherit elementor-widget-divider--view-line elementor-invisible elementor-widget elementor-widget-divider\" data-id=\"8aac771\" data-element_type=\"widget\" data-e-type=\"widget\" data-settings=\"{&quot;_animation&quot;:&quot;fadeInUp&quot;,&quot;_animation_delay&quot;:800}\" data-widget_type=\"divider.default\">\n\t\t\t\t<div class=\"elementor-widget-container\">\n\t\t\t\t\t\t\t<div class=\"elementor-divider\">\n\t\t\t<span class=\"elementor-divider-separator\">\n\t\t\t\t\t\t<\/span>\n\t\t<\/div>\n\t\t\t\t\t\t<\/div>\n\t\t\t\t<\/div>\n\t\t\t\t<div class=\"elementor-element elementor-element-26a9ddd elementor-arrows-position-outside elementor-widget__width-inherit elementor-pagination-position-outside elementor-invisible elementor-widget elementor-widget-image-carousel\" data-id=\"26a9ddd\" data-element_type=\"widget\" data-e-type=\"widget\" data-settings=\"{&quot;autoplay_speed&quot;:3000,&quot;image_spacing_custom&quot;:{&quot;unit&quot;:&quot;px&quot;,&quot;size&quot;:10,&quot;sizes&quot;:[]},&quot;_animation&quot;:&quot;bounceInUp&quot;,&quot;_animation_delay&quot;:1000,&quot;slides_to_show&quot;:&quot;4&quot;,&quot;slides_to_scroll&quot;:&quot;1&quot;,&quot;navigation&quot;:&quot;both&quot;,&quot;autoplay&quot;:&quot;yes&quot;,&quot;pause_on_hover&quot;:&quot;yes&quot;,&quot;pause_on_interaction&quot;:&quot;yes&quot;,&quot;infinite&quot;:&quot;yes&quot;,&quot;speed&quot;:500,&quot;image_spacing_custom_tablet&quot;:{&quot;unit&quot;:&quot;px&quot;,&quot;size&quot;:&quot;&quot;,&quot;sizes&quot;:[]},&quot;image_spacing_custom_mobile&quot;:{&quot;unit&quot;:&quot;px&quot;,&quot;size&quot;:&quot;&quot;,&quot;sizes&quot;:[]}}\" data-widget_type=\"image-carousel.default\">\n\t\t\t\t<div class=\"elementor-widget-container\">\n\t\t\t\t\t\t\t<div class=\"elementor-image-carousel-wrapper swiper\" role=\"region\" aria-roledescription=\"carousel\" aria-label=\"\u06a9\u0627\u0631\u0648\u0633\u0644 \u062a\u0635\u0648\u06cc\u0631\" dir=\"rtl\">\n\t\t\t<div class=\"elementor-image-carousel swiper-wrapper\" aria-live=\"off\">\n\t\t\t\t\t\t\t\t<div class=\"swiper-slide\" role=\"group\" aria-roledescription=\"slide\" aria-label=\"1 \/ 11\"><a data-elementor-open-lightbox=\"yes\" data-elementor-lightbox-slideshow=\"26a9ddd\" data-elementor-lightbox-title=\"RavanGodazPardis_Casting_Unit_11\" data-e-action-hash=\"#elementor-action%3Aaction%3Dlightbox%26settings%3DeyJpZCI6NDA0NywidXJsIjoiaHR0cHM6XC9cL3JhdmFuZ29kYXpwYXJkaXMuY29tXC93cC1jb250ZW50XC91cGxvYWRzXC8yMDI1XC8wMlwvUmF2YW5Hb2RhelBhcmRpc19DYXN0aW5nX1VuaXRfMTEud2VicCIsInNsaWRlc2hvdyI6IjI2YTlkZGQifQ%3D%3D\" href=\"https:\/\/ravangodazpardis.com\/wp-content\/uploads\/2025\/02\/RavanGodazPardis_Casting_Unit_11.webp\"><figure class=\"swiper-slide-inner\"><img decoding=\"async\" class=\"swiper-slide-image\" src=\"https:\/\/ravangodazpardis.com\/wp-content\/uploads\/2025\/02\/RavanGodazPardis_Casting_Unit_11-300x200.webp\" alt=\"RavanGodazPardis_Casting_Unit_11\" title=\"\"><\/figure><\/a><\/div><div class=\"swiper-slide\" role=\"group\" aria-roledescription=\"slide\" aria-label=\"2 \/ 11\"><a data-elementor-open-lightbox=\"yes\" data-elementor-lightbox-slideshow=\"26a9ddd\" data-elementor-lightbox-title=\"RavanGodazPardis_Casting_Unit_1\" data-e-action-hash=\"#elementor-action%3Aaction%3Dlightbox%26settings%3DeyJpZCI6NDA1MCwidXJsIjoiaHR0cHM6XC9cL3JhdmFuZ29kYXpwYXJkaXMuY29tXC93cC1jb250ZW50XC91cGxvYWRzXC8yMDI1XC8wMlwvUmF2YW5Hb2RhelBhcmRpc19DYXN0aW5nX1VuaXRfMS53ZWJwIiwic2xpZGVzaG93IjoiMjZhOWRkZCJ9\" href=\"https:\/\/ravangodazpardis.com\/wp-content\/uploads\/2025\/02\/RavanGodazPardis_Casting_Unit_1.webp\"><figure class=\"swiper-slide-inner\"><img decoding=\"async\" class=\"swiper-slide-image\" src=\"https:\/\/ravangodazpardis.com\/wp-content\/uploads\/2025\/02\/RavanGodazPardis_Casting_Unit_1-300x200.webp\" alt=\"RavanGodazPardis_Casting_Unit_1\" title=\"\"><\/figure><\/a><\/div><div class=\"swiper-slide\" role=\"group\" aria-roledescription=\"slide\" aria-label=\"3 \/ 11\"><a data-elementor-open-lightbox=\"yes\" data-elementor-lightbox-slideshow=\"26a9ddd\" data-elementor-lightbox-title=\"RavanGodazPardis_Casting_Unit_2\" data-e-action-hash=\"#elementor-action%3Aaction%3Dlightbox%26settings%3DeyJpZCI6NDA1MywidXJsIjoiaHR0cHM6XC9cL3JhdmFuZ29kYXpwYXJkaXMuY29tXC93cC1jb250ZW50XC91cGxvYWRzXC8yMDI1XC8wMlwvUmF2YW5Hb2RhelBhcmRpc19DYXN0aW5nX1VuaXRfMi53ZWJwIiwic2xpZGVzaG93IjoiMjZhOWRkZCJ9\" href=\"https:\/\/ravangodazpardis.com\/wp-content\/uploads\/2025\/02\/RavanGodazPardis_Casting_Unit_2.webp\"><figure class=\"swiper-slide-inner\"><img decoding=\"async\" class=\"swiper-slide-image\" src=\"https:\/\/ravangodazpardis.com\/wp-content\/uploads\/2025\/02\/RavanGodazPardis_Casting_Unit_2-300x200.webp\" alt=\"RavanGodazPardis_Casting_Unit_2\" title=\"\"><\/figure><\/a><\/div><div class=\"swiper-slide\" role=\"group\" aria-roledescription=\"slide\" aria-label=\"4 \/ 11\"><a data-elementor-open-lightbox=\"yes\" data-elementor-lightbox-slideshow=\"26a9ddd\" data-elementor-lightbox-title=\"RavanGodazPardis_Casting_Unit_3\" data-e-action-hash=\"#elementor-action%3Aaction%3Dlightbox%26settings%3DeyJpZCI6NDA1NiwidXJsIjoiaHR0cHM6XC9cL3JhdmFuZ29kYXpwYXJkaXMuY29tXC93cC1jb250ZW50XC91cGxvYWRzXC8yMDI1XC8wMlwvUmF2YW5Hb2RhelBhcmRpc19DYXN0aW5nX1VuaXRfMy53ZWJwIiwic2xpZGVzaG93IjoiMjZhOWRkZCJ9\" href=\"https:\/\/ravangodazpardis.com\/wp-content\/uploads\/2025\/02\/RavanGodazPardis_Casting_Unit_3.webp\"><figure class=\"swiper-slide-inner\"><img decoding=\"async\" class=\"swiper-slide-image\" src=\"https:\/\/ravangodazpardis.com\/wp-content\/uploads\/2025\/02\/RavanGodazPardis_Casting_Unit_3-300x200.webp\" alt=\"RavanGodazPardis_Casting_Unit_3\" title=\"\"><\/figure><\/a><\/div><div class=\"swiper-slide\" role=\"group\" aria-roledescription=\"slide\" aria-label=\"5 \/ 11\"><a data-elementor-open-lightbox=\"yes\" data-elementor-lightbox-slideshow=\"26a9ddd\" data-elementor-lightbox-title=\"RavanGodazPardis_Casting_Unit_4\" data-e-action-hash=\"#elementor-action%3Aaction%3Dlightbox%26settings%3DeyJpZCI6NDA1OSwidXJsIjoiaHR0cHM6XC9cL3JhdmFuZ29kYXpwYXJkaXMuY29tXC93cC1jb250ZW50XC91cGxvYWRzXC8yMDI1XC8wMlwvUmF2YW5Hb2RhelBhcmRpc19DYXN0aW5nX1VuaXRfNC53ZWJwIiwic2xpZGVzaG93IjoiMjZhOWRkZCJ9\" href=\"https:\/\/ravangodazpardis.com\/wp-content\/uploads\/2025\/02\/RavanGodazPardis_Casting_Unit_4.webp\"><figure class=\"swiper-slide-inner\"><img decoding=\"async\" class=\"swiper-slide-image\" src=\"https:\/\/ravangodazpardis.com\/wp-content\/uploads\/2025\/02\/RavanGodazPardis_Casting_Unit_4-300x200.webp\" alt=\"RavanGodazPardis_Casting_Unit_4\" title=\"\"><\/figure><\/a><\/div><div class=\"swiper-slide\" role=\"group\" aria-roledescription=\"slide\" aria-label=\"6 \/ 11\"><a data-elementor-open-lightbox=\"yes\" data-elementor-lightbox-slideshow=\"26a9ddd\" data-elementor-lightbox-title=\"RavanGodazPardis_Casting_Unit_5\" data-e-action-hash=\"#elementor-action%3Aaction%3Dlightbox%26settings%3DeyJpZCI6NDA2MiwidXJsIjoiaHR0cHM6XC9cL3JhdmFuZ29kYXpwYXJkaXMuY29tXC93cC1jb250ZW50XC91cGxvYWRzXC8yMDI1XC8wMlwvUmF2YW5Hb2RhelBhcmRpc19DYXN0aW5nX1VuaXRfNS53ZWJwIiwic2xpZGVzaG93IjoiMjZhOWRkZCJ9\" href=\"https:\/\/ravangodazpardis.com\/wp-content\/uploads\/2025\/02\/RavanGodazPardis_Casting_Unit_5.webp\"><figure class=\"swiper-slide-inner\"><img decoding=\"async\" class=\"swiper-slide-image\" src=\"https:\/\/ravangodazpardis.com\/wp-content\/uploads\/2025\/02\/RavanGodazPardis_Casting_Unit_5-300x200.webp\" alt=\"RavanGodazPardis_Casting_Unit_5\" title=\"\"><\/figure><\/a><\/div><div class=\"swiper-slide\" role=\"group\" aria-roledescription=\"slide\" aria-label=\"7 \/ 11\"><a data-elementor-open-lightbox=\"yes\" data-elementor-lightbox-slideshow=\"26a9ddd\" data-elementor-lightbox-title=\"RavanGodazPardis_Casting_Unit_6\" data-e-action-hash=\"#elementor-action%3Aaction%3Dlightbox%26settings%3DeyJpZCI6NDA2NSwidXJsIjoiaHR0cHM6XC9cL3JhdmFuZ29kYXpwYXJkaXMuY29tXC93cC1jb250ZW50XC91cGxvYWRzXC8yMDI1XC8wMlwvUmF2YW5Hb2RhelBhcmRpc19DYXN0aW5nX1VuaXRfNi53ZWJwIiwic2xpZGVzaG93IjoiMjZhOWRkZCJ9\" href=\"https:\/\/ravangodazpardis.com\/wp-content\/uploads\/2025\/02\/RavanGodazPardis_Casting_Unit_6.webp\"><figure class=\"swiper-slide-inner\"><img decoding=\"async\" class=\"swiper-slide-image\" src=\"https:\/\/ravangodazpardis.com\/wp-content\/uploads\/2025\/02\/RavanGodazPardis_Casting_Unit_6-300x200.webp\" alt=\"RavanGodazPardis_Casting_Unit_6\" title=\"\"><\/figure><\/a><\/div><div class=\"swiper-slide\" role=\"group\" aria-roledescription=\"slide\" aria-label=\"8 \/ 11\"><a data-elementor-open-lightbox=\"yes\" data-elementor-lightbox-slideshow=\"26a9ddd\" data-elementor-lightbox-title=\"RavanGodazPardis_Casting_Unit_7\" data-e-action-hash=\"#elementor-action%3Aaction%3Dlightbox%26settings%3DeyJpZCI6NDA2OCwidXJsIjoiaHR0cHM6XC9cL3JhdmFuZ29kYXpwYXJkaXMuY29tXC93cC1jb250ZW50XC91cGxvYWRzXC8yMDI1XC8wMlwvUmF2YW5Hb2RhelBhcmRpc19DYXN0aW5nX1VuaXRfNy53ZWJwIiwic2xpZGVzaG93IjoiMjZhOWRkZCJ9\" href=\"https:\/\/ravangodazpardis.com\/wp-content\/uploads\/2025\/02\/RavanGodazPardis_Casting_Unit_7.webp\"><figure class=\"swiper-slide-inner\"><img decoding=\"async\" class=\"swiper-slide-image\" src=\"https:\/\/ravangodazpardis.com\/wp-content\/uploads\/2025\/02\/RavanGodazPardis_Casting_Unit_7-300x200.webp\" alt=\"RavanGodazPardis_Casting_Unit_7\" title=\"\"><\/figure><\/a><\/div><div class=\"swiper-slide\" role=\"group\" aria-roledescription=\"slide\" aria-label=\"9 \/ 11\"><a data-elementor-open-lightbox=\"yes\" data-elementor-lightbox-slideshow=\"26a9ddd\" data-elementor-lightbox-title=\"RavanGodazPardis_Casting_Unit_8\" data-e-action-hash=\"#elementor-action%3Aaction%3Dlightbox%26settings%3DeyJpZCI6NDA3MSwidXJsIjoiaHR0cHM6XC9cL3JhdmFuZ29kYXpwYXJkaXMuY29tXC93cC1jb250ZW50XC91cGxvYWRzXC8yMDI1XC8wMlwvUmF2YW5Hb2RhelBhcmRpc19DYXN0aW5nX1VuaXRfOC53ZWJwIiwic2xpZGVzaG93IjoiMjZhOWRkZCJ9\" href=\"https:\/\/ravangodazpardis.com\/wp-content\/uploads\/2025\/02\/RavanGodazPardis_Casting_Unit_8.webp\"><figure class=\"swiper-slide-inner\"><img decoding=\"async\" class=\"swiper-slide-image\" src=\"https:\/\/ravangodazpardis.com\/wp-content\/uploads\/2025\/02\/RavanGodazPardis_Casting_Unit_8-300x200.webp\" alt=\"RavanGodazPardis_Casting_Unit_8\" title=\"\"><\/figure><\/a><\/div><div class=\"swiper-slide\" role=\"group\" aria-roledescription=\"slide\" aria-label=\"10 \/ 11\"><a data-elementor-open-lightbox=\"yes\" data-elementor-lightbox-slideshow=\"26a9ddd\" data-elementor-lightbox-title=\"RavanGodazPardis_Casting_Unit_9\" data-e-action-hash=\"#elementor-action%3Aaction%3Dlightbox%26settings%3DeyJpZCI6NDA3NCwidXJsIjoiaHR0cHM6XC9cL3JhdmFuZ29kYXpwYXJkaXMuY29tXC93cC1jb250ZW50XC91cGxvYWRzXC8yMDI1XC8wMlwvUmF2YW5Hb2RhelBhcmRpc19DYXN0aW5nX1VuaXRfOS53ZWJwIiwic2xpZGVzaG93IjoiMjZhOWRkZCJ9\" href=\"https:\/\/ravangodazpardis.com\/wp-content\/uploads\/2025\/02\/RavanGodazPardis_Casting_Unit_9.webp\"><figure class=\"swiper-slide-inner\"><img decoding=\"async\" class=\"swiper-slide-image\" src=\"https:\/\/ravangodazpardis.com\/wp-content\/uploads\/2025\/02\/RavanGodazPardis_Casting_Unit_9-300x200.webp\" alt=\"RavanGodazPardis_Casting_Unit_9\" title=\"\"><\/figure><\/a><\/div><div class=\"swiper-slide\" role=\"group\" aria-roledescription=\"slide\" aria-label=\"11 \/ 11\"><a data-elementor-open-lightbox=\"yes\" data-elementor-lightbox-slideshow=\"26a9ddd\" data-elementor-lightbox-title=\"RavanGodazPardis_Casting_Unit_10\" data-e-action-hash=\"#elementor-action%3Aaction%3Dlightbox%26settings%3DeyJpZCI6NDA3NywidXJsIjoiaHR0cHM6XC9cL3JhdmFuZ29kYXpwYXJkaXMuY29tXC93cC1jb250ZW50XC91cGxvYWRzXC8yMDI1XC8wMlwvUmF2YW5Hb2RhelBhcmRpc19DYXN0aW5nX1VuaXRfMTAud2VicCIsInNsaWRlc2hvdyI6IjI2YTlkZGQifQ%3D%3D\" href=\"https:\/\/ravangodazpardis.com\/wp-content\/uploads\/2025\/02\/RavanGodazPardis_Casting_Unit_10.webp\"><figure class=\"swiper-slide-inner\"><img decoding=\"async\" class=\"swiper-slide-image\" src=\"https:\/\/ravangodazpardis.com\/wp-content\/uploads\/2025\/02\/RavanGodazPardis_Casting_Unit_10-300x200.webp\" alt=\"RavanGodazPardis_Casting_Unit_10\" title=\"\"><\/figure><\/a><\/div>\t\t\t<\/div>\n\t\t\t\t\t\t\t\t\t\t\t\t<div class=\"elementor-swiper-button elementor-swiper-button-prev\" role=\"button\" tabindex=\"0\">\n\t\t\t\t\t\t<svg aria-hidden=\"true\" class=\"e-font-icon-svg e-eicon-chevron-left\" viewBox=\"0 0 1000 1000\" xmlns=\"http:\/\/www.w3.org\/2000\/svg\"><path d=\"M646 125C629 125 613 133 604 142L308 442C296 454 292 471 292 487 292 504 296 521 308 533L604 854C617 867 629 875 646 875 663 875 679 871 692 858 704 846 713 829 713 812 713 796 708 779 692 767L438 487 692 225C700 217 708 204 708 187 708 171 704 154 692 142 675 129 663 125 646 125Z\"><\/path><\/svg>\t\t\t\t\t<\/div>\n\t\t\t\t\t<div class=\"elementor-swiper-button elementor-swiper-button-next\" role=\"button\" tabindex=\"0\">\n\t\t\t\t\t\t<svg aria-hidden=\"true\" class=\"e-font-icon-svg e-eicon-chevron-right\" viewBox=\"0 0 1000 1000\" xmlns=\"http:\/\/www.w3.org\/2000\/svg\"><path d=\"M696 533C708 521 713 504 713 487 713 471 708 454 696 446L400 146C388 133 375 125 354 125 338 125 325 129 313 142 300 154 292 171 292 187 292 204 296 221 308 233L563 492 304 771C292 783 288 800 288 817 288 833 296 850 308 863 321 871 338 875 354 875 371 875 388 867 400 854L696 533Z\"><\/path><\/svg>\t\t\t\t\t<\/div>\n\t\t\t\t\n\t\t\t\t\t\t\t\t\t<div class=\"swiper-pagination\"><\/div>\n\t\t\t\t\t\t\t\t\t<\/div>\n\t\t\t\t\t\t<\/div>\n\t\t\t\t<\/div>\n\t\t\t\t<\/div>\n\t\t\t\t<\/div>\n\t\t\t\t<\/div>\n\t\t\t\t\t<\/div>\n\t\t\t\t<\/div>\n\t\t\t\t<\/div>\n\t\t","protected":false},"excerpt":{"rendered":"<p>Ravan Godaz Pardis \u015eirketi D\u00f6k\u00fcm Birimi Bu \u015firketin d\u00f6k\u00fcm birimi, 15 tonluk e\u011filebilir al\u00fcminyum ergitme ve tutma f\u0131r\u0131nlar\u0131, bir adet k\u00fct\u00fck d\u00f6k\u00fcm sistemi ve iki adet 25 tonluk pig d\u00f6k\u00fcm makinesi ile g\u00fcnde 5 ila 12 in\u00e7 \u00e7ap\u0131nda ve 1000&#8217;den 7000&#8217;e kadar olan ala\u015f\u0131m gruplar\u0131nda 95 ton al\u00fcminyum k\u00fct\u00fck \u00fcretme kapasitesine sahiptir. En iyi hammadde [&hellip;]<\/p>\n","protected":false},"author":1,"featured_media":0,"parent":0,"menu_order":0,"comment_status":"closed","ping_status":"closed","template":"","meta":{"footnotes":""},"class_list":["post-5035","page","type-page","status-publish","hentry"],"_links":{"self":[{"href":"https:\/\/ravangodazpardis.com\/tr\/wp-json\/wp\/v2\/pages\/5035","targetHints":{"allow":["GET"]}}],"collection":[{"href":"https:\/\/ravangodazpardis.com\/tr\/wp-json\/wp\/v2\/pages"}],"about":[{"href":"https:\/\/ravangodazpardis.com\/tr\/wp-json\/wp\/v2\/types\/page"}],"author":[{"embeddable":true,"href":"https:\/\/ravangodazpardis.com\/tr\/wp-json\/wp\/v2\/users\/1"}],"replies":[{"embeddable":true,"href":"https:\/\/ravangodazpardis.com\/tr\/wp-json\/wp\/v2\/comments?post=5035"}],"version-history":[{"count":11,"href":"https:\/\/ravangodazpardis.com\/tr\/wp-json\/wp\/v2\/pages\/5035\/revisions"}],"predecessor-version":[{"id":5062,"href":"https:\/\/ravangodazpardis.com\/tr\/wp-json\/wp\/v2\/pages\/5035\/revisions\/5062"}],"wp:attachment":[{"href":"https:\/\/ravangodazpardis.com\/tr\/wp-json\/wp\/v2\/media?parent=5035"}],"curies":[{"name":"wp","href":"https:\/\/api.w.org\/{rel}","templated":true}]}}