{"id":5095,"date":"2025-01-15T21:47:17","date_gmt":"2025-01-15T18:17:17","guid":{"rendered":"https:\/\/ravangodaz.com\/extrusion-unit\/"},"modified":"2025-02-08T05:32:08","modified_gmt":"2025-02-08T02:02:08","slug":"ekstruzyon-birimi","status":"publish","type":"page","link":"https:\/\/ravangodazpardis.com\/tr\/ekstruzyon-birimi\/","title":{"rendered":"Ekstr\u00fczyon Birimi"},"content":{"rendered":"\t\t<div data-elementor-type=\"wp-page\" data-elementor-id=\"5095\" class=\"elementor elementor-5095 elementor-1928\" data-elementor-post-type=\"page\">\n\t\t\t\t<div class=\"elementor-element elementor-element-908a4ed e-flex e-con-boxed e-con e-parent\" data-id=\"908a4ed\" data-element_type=\"container\" data-e-type=\"container\">\n\t\t\t\t\t<div class=\"e-con-inner\">\n\t\t<div class=\"elementor-element elementor-element-43cebce e-con-full e-flex e-con e-child\" data-id=\"43cebce\" data-element_type=\"container\" data-e-type=\"container\">\n\t\t<div class=\"elementor-element elementor-element-6e94957 e-flex e-con-boxed e-con e-child\" data-id=\"6e94957\" data-element_type=\"container\" data-e-type=\"container\">\n\t\t\t\t\t<div class=\"e-con-inner\">\n\t\t<div class=\"elementor-element elementor-element-240f0c1 e-con-full e-flex e-con e-child\" data-id=\"240f0c1\" data-element_type=\"container\" data-e-type=\"container\">\n\t\t\t\t<div class=\"elementor-element elementor-element-c1e7ab1 elementor-view-stacked elementor-shape-circle elementor-widget elementor-widget-icon\" data-id=\"c1e7ab1\" data-element_type=\"widget\" data-e-type=\"widget\" data-widget_type=\"icon.default\">\n\t\t\t\t<div class=\"elementor-widget-container\">\n\t\t\t\t\t\t\t<div class=\"elementor-icon-wrapper\">\n\t\t\t<div class=\"elementor-icon\">\n\t\t\t<svg aria-hidden=\"true\" class=\"e-font-icon-svg e-far-dot-circle\" viewBox=\"0 0 512 512\" xmlns=\"http:\/\/www.w3.org\/2000\/svg\"><path d=\"M256 56c110.532 0 200 89.451 200 200 0 110.532-89.451 200-200 200-110.532 0-200-89.451-200-200 0-110.532 89.451-200 200-200m0-48C119.033 8 8 119.033 8 256s111.033 248 248 248 248-111.033 248-248S392.967 8 256 8zm0 168c-44.183 0-80 35.817-80 80s35.817 80 80 80 80-35.817 80-80-35.817-80-80-80z\"><\/path><\/svg>\t\t\t<\/div>\n\t\t<\/div>\n\t\t\t\t\t\t<\/div>\n\t\t\t\t<\/div>\n\t\t\t\t<div class=\"elementor-element elementor-element-baa6b4b text-right elementor-widget elementor-widget-tp-heading-title\" data-id=\"baa6b4b\" data-element_type=\"widget\" data-e-type=\"widget\" data-widget_type=\"tp-heading-title.default\">\n\t\t\t\t<div class=\"elementor-widget-container\">\n\t\t\t\t\t<div class=\"heading heading_style heading_style69e0c87a8ef59 style-8 animate-general\"  data-animate-type=\"transition.flipXIn\" data-animate-delay=\"300\" data-animate-offset=\"85%\" data-animate-out-type=\"transition.bounceUpOut\" data-animate-out-delay=\"50\"><div class=\"sub-style \"  ><div class=\"head-title \" > <h1  class=\"heading-title   \"   data-hover=\"Ravan Godaz Pardis \u015eirketi Ekstr\u00fczyon Birimi\">Ravan Godaz Pardis \u015eirketi Ekstr\u00fczyon Birimi<\/h1><\/div><\/div><\/div>\t\t\t\t<\/div>\n\t\t\t\t<\/div>\n\t\t\t\t<div class=\"elementor-element elementor-element-caf58b6 elementor-widget-divider--view-line elementor-invisible elementor-widget elementor-widget-divider\" data-id=\"caf58b6\" data-element_type=\"widget\" data-e-type=\"widget\" data-settings=\"{&quot;_animation&quot;:&quot;fadeInRight&quot;,&quot;_animation_delay&quot;:500}\" data-widget_type=\"divider.default\">\n\t\t\t\t<div class=\"elementor-widget-container\">\n\t\t\t\t\t\t\t<div class=\"elementor-divider\">\n\t\t\t<span class=\"elementor-divider-separator\">\n\t\t\t\t\t\t<\/span>\n\t\t<\/div>\n\t\t\t\t\t\t<\/div>\n\t\t\t\t<\/div>\n\t\t\t\t<\/div>\n\t\t\t\t\t<\/div>\n\t\t\t\t<\/div>\n\t\t<div class=\"elementor-element elementor-element-265f1c0 e-con-full e-flex e-con e-child\" data-id=\"265f1c0\" data-element_type=\"container\" data-e-type=\"container\">\n\t\t<div class=\"elementor-element elementor-element-b423eaa e-con-full e-flex elementor-invisible e-con e-child\" data-id=\"b423eaa\" data-element_type=\"container\" data-e-type=\"container\" data-settings=\"{&quot;animation&quot;:&quot;fadeInUp&quot;,&quot;animation_delay&quot;:500}\">\n\t\t\t\t<div class=\"elementor-element elementor-element-ce86eab elementor-invisible elementor-widget elementor-widget-tp-adv-text-block\" data-id=\"ce86eab\" data-element_type=\"widget\" data-e-type=\"widget\" data-settings=\"{&quot;_animation&quot;:&quot;fadeInUp&quot;,&quot;_animation_delay&quot;:600}\" data-widget_type=\"tp-adv-text-block.default\">\n\t\t\t\t<div class=\"elementor-widget-container\">\n\t\t\t\t\t<div class=\"pt-plus-text-block-wrapper\" data-tp-gsap-textblock=\"\" ><div class=\"text_block_parallax\"><div class=\"pt_plus_adv_text_block animate-general\"  data-animate-type=\"transition.bounceUpIn\" data-animate-delay=\"135\" data-animate-offset=\"85%\" data-animate-out-type=\"transition.whirlOut\" data-animate-out-delay=\"50\"><div class=\"text-content-block\"><p style=\"text-align: justify\">Bu birim, 6 ila 8 in\u00e7 \u00e7ap\u0131nda bilezikler i\u00e7in 2600, 2200, 2000 ve 1800 ton kapasiteli d\u00f6rt ekstr\u00fczyon hatt\u0131na sahiptir. Bu b\u00f6l\u00fcmdeki mevcut ekipmanlar aras\u0131nda uzun billet \u00f6n \u0131s\u0131nma f\u0131r\u0131nlar\u0131, s\u0131cak kesme sistemli (Hot Shear) bilezik kesme, \u00e7ift \u00e7ekme sistemli ekstr\u00fczyon masalar\u0131, germe makineleri ve g\u00fcnl\u00fck 12 ton kapasiteli ya\u015fland\u0131rma f\u0131r\u0131nlar\u0131 ile 14 metre uzunlu\u011fa kadar al\u00fcminyum profiller yer almaktad\u0131r. Bu ara\u00e7larla \u015firket, in\u015faat ve sanayi kullan\u0131m\u0131 i\u00e7in 1000'den 7000'e kadar olan ala\u015f\u0131m gruplar\u0131nda, 200 mm geni\u015fli\u011fe kadar \u00e7e\u015fitli al\u00fcminyum profilleri \u00fcretebilmektedir<\/p><\/div><\/div><\/div><\/div>\t\t\t\t<\/div>\n\t\t\t\t<\/div>\n\t\t\t\t<div class=\"elementor-element elementor-element-4455a47 elementor-widget__width-inherit elementor-widget-divider--view-line elementor-invisible elementor-widget elementor-widget-divider\" data-id=\"4455a47\" data-element_type=\"widget\" data-e-type=\"widget\" data-settings=\"{&quot;_animation&quot;:&quot;fadeInUp&quot;,&quot;_animation_delay&quot;:800}\" data-widget_type=\"divider.default\">\n\t\t\t\t<div class=\"elementor-widget-container\">\n\t\t\t\t\t\t\t<div class=\"elementor-divider\">\n\t\t\t<span class=\"elementor-divider-separator\">\n\t\t\t\t\t\t<\/span>\n\t\t<\/div>\n\t\t\t\t\t\t<\/div>\n\t\t\t\t<\/div>\n\t\t\t\t<div class=\"elementor-element elementor-element-83e75c1 elementor-arrows-position-outside elementor-widget__width-inherit elementor-pagination-position-outside elementor-invisible elementor-widget elementor-widget-image-carousel\" data-id=\"83e75c1\" data-element_type=\"widget\" data-e-type=\"widget\" data-settings=\"{&quot;autoplay_speed&quot;:3000,&quot;image_spacing_custom&quot;:{&quot;unit&quot;:&quot;px&quot;,&quot;size&quot;:10,&quot;sizes&quot;:[]},&quot;_animation&quot;:&quot;bounceInUp&quot;,&quot;_animation_delay&quot;:1000,&quot;slides_to_show&quot;:&quot;4&quot;,&quot;slides_to_scroll&quot;:&quot;1&quot;,&quot;navigation&quot;:&quot;both&quot;,&quot;autoplay&quot;:&quot;yes&quot;,&quot;pause_on_hover&quot;:&quot;yes&quot;,&quot;pause_on_interaction&quot;:&quot;yes&quot;,&quot;infinite&quot;:&quot;yes&quot;,&quot;speed&quot;:500,&quot;image_spacing_custom_tablet&quot;:{&quot;unit&quot;:&quot;px&quot;,&quot;size&quot;:&quot;&quot;,&quot;sizes&quot;:[]},&quot;image_spacing_custom_mobile&quot;:{&quot;unit&quot;:&quot;px&quot;,&quot;size&quot;:&quot;&quot;,&quot;sizes&quot;:[]}}\" data-widget_type=\"image-carousel.default\">\n\t\t\t\t<div class=\"elementor-widget-container\">\n\t\t\t\t\t\t\t<div class=\"elementor-image-carousel-wrapper swiper\" role=\"region\" aria-roledescription=\"carousel\" aria-label=\"\u06a9\u0627\u0631\u0648\u0633\u0644 \u062a\u0635\u0648\u06cc\u0631\" dir=\"rtl\">\n\t\t\t<div class=\"elementor-image-carousel swiper-wrapper\" aria-live=\"off\">\n\t\t\t\t\t\t\t\t<div class=\"swiper-slide\" role=\"group\" aria-roledescription=\"slide\" aria-label=\"1 \/ 5\"><a data-elementor-open-lightbox=\"yes\" data-elementor-lightbox-slideshow=\"83e75c1\" data-elementor-lightbox-title=\"RavanGodazPardis_Extrusion_Unit_4\" data-e-action-hash=\"#elementor-action%3Aaction%3Dlightbox%26settings%3DeyJpZCI6NDAxNCwidXJsIjoiaHR0cHM6XC9cL3JhdmFuZ29kYXpwYXJkaXMuY29tXC93cC1jb250ZW50XC91cGxvYWRzXC8yMDI1XC8wMlwvUmF2YW5Hb2RhelBhcmRpc19FeHRydXNpb25fVW5pdF80LndlYnAiLCJzbGlkZXNob3ciOiI4M2U3NWMxIn0%3D\" href=\"https:\/\/ravangodazpardis.com\/wp-content\/uploads\/2025\/02\/RavanGodazPardis_Extrusion_Unit_4.webp\"><figure class=\"swiper-slide-inner\"><img decoding=\"async\" class=\"swiper-slide-image\" src=\"https:\/\/ravangodazpardis.com\/wp-content\/uploads\/2025\/02\/RavanGodazPardis_Extrusion_Unit_4-300x200.webp\" alt=\"\u0648\u0627\u062d\u062f \u0627\u06a9\u0633\u062a\u0631\u0648\u0698\u0646 \u0634\u0631\u06a9\u062a \u0631\u0648\u0627\u0646 \u06af\u062f\u0627\u0632 \u067e\u0631\u062f\u06cc\u0633-1\" title=\"\"><\/figure><\/a><\/div><div class=\"swiper-slide\" role=\"group\" aria-roledescription=\"slide\" aria-label=\"2 \/ 5\"><a data-elementor-open-lightbox=\"yes\" data-elementor-lightbox-slideshow=\"83e75c1\" data-elementor-lightbox-title=\"RavanGodazPardis_Extrusion_Unit_3\" data-e-action-hash=\"#elementor-action%3Aaction%3Dlightbox%26settings%3DeyJpZCI6NDAxMSwidXJsIjoiaHR0cHM6XC9cL3JhdmFuZ29kYXpwYXJkaXMuY29tXC93cC1jb250ZW50XC91cGxvYWRzXC8yMDI1XC8wMlwvUmF2YW5Hb2RhelBhcmRpc19FeHRydXNpb25fVW5pdF8zLndlYnAiLCJzbGlkZXNob3ciOiI4M2U3NWMxIn0%3D\" href=\"https:\/\/ravangodazpardis.com\/wp-content\/uploads\/2025\/02\/RavanGodazPardis_Extrusion_Unit_3.webp\"><figure class=\"swiper-slide-inner\"><img decoding=\"async\" class=\"swiper-slide-image\" src=\"https:\/\/ravangodazpardis.com\/wp-content\/uploads\/2025\/02\/RavanGodazPardis_Extrusion_Unit_3-300x200.webp\" alt=\"\u0648\u0627\u062d\u062f \u0627\u06a9\u0633\u062a\u0631\u0648\u0698\u0646 \u0634\u0631\u06a9\u062a \u0631\u0648\u0627\u0646 \u06af\u062f\u0627\u0632 \u067e\u0631\u062f\u06cc\u0633-2\" title=\"\"><\/figure><\/a><\/div><div class=\"swiper-slide\" role=\"group\" aria-roledescription=\"slide\" aria-label=\"3 \/ 5\"><a data-elementor-open-lightbox=\"yes\" data-elementor-lightbox-slideshow=\"83e75c1\" data-elementor-lightbox-title=\"RavanGodazPardis_Extrusion_Unit_2\" data-e-action-hash=\"#elementor-action%3Aaction%3Dlightbox%26settings%3DeyJpZCI6NDAwOCwidXJsIjoiaHR0cHM6XC9cL3JhdmFuZ29kYXpwYXJkaXMuY29tXC93cC1jb250ZW50XC91cGxvYWRzXC8yMDI1XC8wMlwvUmF2YW5Hb2RhelBhcmRpc19FeHRydXNpb25fVW5pdF8yLndlYnAiLCJzbGlkZXNob3ciOiI4M2U3NWMxIn0%3D\" href=\"https:\/\/ravangodazpardis.com\/wp-content\/uploads\/2025\/02\/RavanGodazPardis_Extrusion_Unit_2.webp\"><figure class=\"swiper-slide-inner\"><img decoding=\"async\" class=\"swiper-slide-image\" src=\"https:\/\/ravangodazpardis.com\/wp-content\/uploads\/2025\/02\/RavanGodazPardis_Extrusion_Unit_2-300x200.webp\" alt=\"\u0648\u0627\u062d\u062f \u0627\u06a9\u0633\u062a\u0631\u0648\u0698\u0646 \u0634\u0631\u06a9\u062a \u0631\u0648\u0627\u0646 \u06af\u062f\u0627\u0632 \u067e\u0631\u062f\u06cc\u0633-3\" title=\"\"><\/figure><\/a><\/div><div class=\"swiper-slide\" role=\"group\" aria-roledescription=\"slide\" aria-label=\"4 \/ 5\"><a data-elementor-open-lightbox=\"yes\" data-elementor-lightbox-slideshow=\"83e75c1\" data-elementor-lightbox-title=\"RavanGodazPardis_Extrusion_Unit_1\" data-e-action-hash=\"#elementor-action%3Aaction%3Dlightbox%26settings%3DeyJpZCI6NDAwNSwidXJsIjoiaHR0cHM6XC9cL3JhdmFuZ29kYXpwYXJkaXMuY29tXC93cC1jb250ZW50XC91cGxvYWRzXC8yMDI1XC8wMlwvUmF2YW5Hb2RhelBhcmRpc19FeHRydXNpb25fVW5pdF8xLndlYnAiLCJzbGlkZXNob3ciOiI4M2U3NWMxIn0%3D\" href=\"https:\/\/ravangodazpardis.com\/wp-content\/uploads\/2025\/02\/RavanGodazPardis_Extrusion_Unit_1.webp\"><figure class=\"swiper-slide-inner\"><img decoding=\"async\" class=\"swiper-slide-image\" src=\"https:\/\/ravangodazpardis.com\/wp-content\/uploads\/2025\/02\/RavanGodazPardis_Extrusion_Unit_1-300x200.webp\" alt=\"\u0648\u0627\u062d\u062f \u0627\u06a9\u0633\u062a\u0631\u0648\u0698\u0646 \u0634\u0631\u06a9\u062a \u0631\u0648\u0627\u0646 \u06af\u062f\u0627\u0632 \u067e\u0631\u062f\u06cc\u0633-4\" title=\"\"><\/figure><\/a><\/div><div class=\"swiper-slide\" role=\"group\" aria-roledescription=\"slide\" aria-label=\"5 \/ 5\"><a data-elementor-open-lightbox=\"yes\" data-elementor-lightbox-slideshow=\"83e75c1\" data-elementor-lightbox-title=\"RavanGodazPardis_Extrusion_Unit_5\" data-e-action-hash=\"#elementor-action%3Aaction%3Dlightbox%26settings%3DeyJpZCI6NDAwMiwidXJsIjoiaHR0cHM6XC9cL3JhdmFuZ29kYXpwYXJkaXMuY29tXC93cC1jb250ZW50XC91cGxvYWRzXC8yMDI1XC8wMlwvUmF2YW5Hb2RhelBhcmRpc19FeHRydXNpb25fVW5pdF81LndlYnAiLCJzbGlkZXNob3ciOiI4M2U3NWMxIn0%3D\" href=\"https:\/\/ravangodazpardis.com\/wp-content\/uploads\/2025\/02\/RavanGodazPardis_Extrusion_Unit_5.webp\"><figure class=\"swiper-slide-inner\"><img decoding=\"async\" class=\"swiper-slide-image\" src=\"https:\/\/ravangodazpardis.com\/wp-content\/uploads\/2025\/02\/RavanGodazPardis_Extrusion_Unit_5-300x200.webp\" alt=\"\u0648\u0627\u062d\u062f \u0627\u06a9\u0633\u062a\u0631\u0648\u0698\u0646 \u0634\u0631\u06a9\u062a \u0631\u0648\u0627\u0646 \u06af\u062f\u0627\u0632 \u067e\u0631\u062f\u06cc\u0633-5\" title=\"\"><\/figure><\/a><\/div>\t\t\t<\/div>\n\t\t\t\t\t\t\t\t\t\t\t\t<div class=\"elementor-swiper-button elementor-swiper-button-prev\" role=\"button\" tabindex=\"0\">\n\t\t\t\t\t\t<svg aria-hidden=\"true\" class=\"e-font-icon-svg e-eicon-chevron-left\" viewBox=\"0 0 1000 1000\" xmlns=\"http:\/\/www.w3.org\/2000\/svg\"><path d=\"M646 125C629 125 613 133 604 142L308 442C296 454 292 471 292 487 292 504 296 521 308 533L604 854C617 867 629 875 646 875 663 875 679 871 692 858 704 846 713 829 713 812 713 796 708 779 692 767L438 487 692 225C700 217 708 204 708 187 708 171 704 154 692 142 675 129 663 125 646 125Z\"><\/path><\/svg>\t\t\t\t\t<\/div>\n\t\t\t\t\t<div class=\"elementor-swiper-button elementor-swiper-button-next\" role=\"button\" tabindex=\"0\">\n\t\t\t\t\t\t<svg aria-hidden=\"true\" class=\"e-font-icon-svg e-eicon-chevron-right\" viewBox=\"0 0 1000 1000\" xmlns=\"http:\/\/www.w3.org\/2000\/svg\"><path d=\"M696 533C708 521 713 504 713 487 713 471 708 454 696 446L400 146C388 133 375 125 354 125 338 125 325 129 313 142 300 154 292 171 292 187 292 204 296 221 308 233L563 492 304 771C292 783 288 800 288 817 288 833 296 850 308 863 321 871 338 875 354 875 371 875 388 867 400 854L696 533Z\"><\/path><\/svg>\t\t\t\t\t<\/div>\n\t\t\t\t\n\t\t\t\t\t\t\t\t\t<div class=\"swiper-pagination\"><\/div>\n\t\t\t\t\t\t\t\t\t<\/div>\n\t\t\t\t\t\t<\/div>\n\t\t\t\t<\/div>\n\t\t\t\t<\/div>\n\t\t\t\t<\/div>\n\t\t\t\t<\/div>\n\t\t\t\t\t<\/div>\n\t\t\t\t<\/div>\n\t\t\t\t<\/div>\n\t\t","protected":false},"excerpt":{"rendered":"<p>Ravan Godaz Pardis \u015eirketi Ekstr\u00fczyon Birimi Bu birim, 6 ila 8 in\u00e7 \u00e7ap\u0131nda bilezikler i\u00e7in 2600, 2200, 2000 ve 1800 ton kapasiteli d\u00f6rt ekstr\u00fczyon hatt\u0131na sahiptir. Bu b\u00f6l\u00fcmdeki mevcut ekipmanlar aras\u0131nda uzun billet \u00f6n \u0131s\u0131nma f\u0131r\u0131nlar\u0131, s\u0131cak kesme sistemli (Hot Shear) bilezik kesme, \u00e7ift \u00e7ekme sistemli ekstr\u00fczyon masalar\u0131, germe makineleri ve g\u00fcnl\u00fck 12 ton kapasiteli [&hellip;]<\/p>\n","protected":false},"author":1,"featured_media":0,"parent":0,"menu_order":0,"comment_status":"closed","ping_status":"closed","template":"","meta":{"footnotes":""},"class_list":["post-5095","page","type-page","status-publish","hentry"],"_links":{"self":[{"href":"https:\/\/ravangodazpardis.com\/tr\/wp-json\/wp\/v2\/pages\/5095","targetHints":{"allow":["GET"]}}],"collection":[{"href":"https:\/\/ravangodazpardis.com\/tr\/wp-json\/wp\/v2\/pages"}],"about":[{"href":"https:\/\/ravangodazpardis.com\/tr\/wp-json\/wp\/v2\/types\/page"}],"author":[{"embeddable":true,"href":"https:\/\/ravangodazpardis.com\/tr\/wp-json\/wp\/v2\/users\/1"}],"replies":[{"embeddable":true,"href":"https:\/\/ravangodazpardis.com\/tr\/wp-json\/wp\/v2\/comments?post=5095"}],"version-history":[{"count":14,"href":"https:\/\/ravangodazpardis.com\/tr\/wp-json\/wp\/v2\/pages\/5095\/revisions"}],"predecessor-version":[{"id":5124,"href":"https:\/\/ravangodazpardis.com\/tr\/wp-json\/wp\/v2\/pages\/5095\/revisions\/5124"}],"wp:attachment":[{"href":"https:\/\/ravangodazpardis.com\/tr\/wp-json\/wp\/v2\/media?parent=5095"}],"curies":[{"name":"wp","href":"https:\/\/api.w.org\/{rel}","templated":true}]}}