{"id":5165,"date":"2025-01-22T03:04:34","date_gmt":"2025-01-21T23:34:34","guid":{"rendered":"https:\/\/ravangodaz.com\/anodizing-unit\/"},"modified":"2025-02-08T10:06:14","modified_gmt":"2025-02-08T06:36:14","slug":"anodizasyon-unitesi","status":"publish","type":"page","link":"https:\/\/ravangodazpardis.com\/tr\/anodizasyon-unitesi\/","title":{"rendered":"Anodizasyon \u00dcnitesi"},"content":{"rendered":"\t\t<div data-elementor-type=\"wp-page\" data-elementor-id=\"5165\" class=\"elementor elementor-5165 elementor-2597\" data-elementor-post-type=\"page\">\n\t\t\t\t<div class=\"elementor-element elementor-element-908a4ed e-flex e-con-boxed e-con e-parent\" data-id=\"908a4ed\" data-element_type=\"container\" data-e-type=\"container\">\n\t\t\t\t\t<div class=\"e-con-inner\">\n\t\t<div class=\"elementor-element elementor-element-43cebce e-con-full e-flex e-con e-child\" data-id=\"43cebce\" data-element_type=\"container\" data-e-type=\"container\">\n\t\t<div class=\"elementor-element elementor-element-6e94957 e-flex e-con-boxed e-con e-child\" data-id=\"6e94957\" data-element_type=\"container\" data-e-type=\"container\">\n\t\t\t\t\t<div class=\"e-con-inner\">\n\t\t<div class=\"elementor-element elementor-element-240f0c1 e-con-full e-flex e-con e-child\" data-id=\"240f0c1\" data-element_type=\"container\" data-e-type=\"container\">\n\t\t\t\t<div class=\"elementor-element elementor-element-c1e7ab1 elementor-view-stacked elementor-shape-circle elementor-widget elementor-widget-icon\" data-id=\"c1e7ab1\" data-element_type=\"widget\" data-e-type=\"widget\" data-widget_type=\"icon.default\">\n\t\t\t\t<div class=\"elementor-widget-container\">\n\t\t\t\t\t\t\t<div class=\"elementor-icon-wrapper\">\n\t\t\t<div class=\"elementor-icon\">\n\t\t\t<svg aria-hidden=\"true\" class=\"e-font-icon-svg e-far-dot-circle\" viewBox=\"0 0 512 512\" xmlns=\"http:\/\/www.w3.org\/2000\/svg\"><path d=\"M256 56c110.532 0 200 89.451 200 200 0 110.532-89.451 200-200 200-110.532 0-200-89.451-200-200 0-110.532 89.451-200 200-200m0-48C119.033 8 8 119.033 8 256s111.033 248 248 248 248-111.033 248-248S392.967 8 256 8zm0 168c-44.183 0-80 35.817-80 80s35.817 80 80 80 80-35.817 80-80-35.817-80-80-80z\"><\/path><\/svg>\t\t\t<\/div>\n\t\t<\/div>\n\t\t\t\t\t\t<\/div>\n\t\t\t\t<\/div>\n\t\t\t\t<div class=\"elementor-element elementor-element-baa6b4b text-right elementor-widget elementor-widget-tp-heading-title\" data-id=\"baa6b4b\" data-element_type=\"widget\" data-e-type=\"widget\" data-widget_type=\"tp-heading-title.default\">\n\t\t\t\t<div class=\"elementor-widget-container\">\n\t\t\t\t\t<div class=\"heading heading_style heading_style69e0e10ea755d style-8 animate-general\"  data-animate-type=\"transition.flipXIn\" data-animate-delay=\"300\" data-animate-offset=\"85%\" data-animate-out-type=\"transition.bounceUpOut\" data-animate-out-delay=\"50\"><div class=\"sub-style \"  ><div class=\"head-title \" > <h1  class=\"heading-title   \"   data-hover=\"Ravan Godaz Pardis \u015eirketi Anodizasyon \u00dcnitesi\">Ravan Godaz Pardis \u015eirketi Anodizasyon \u00dcnitesi<\/h1><\/div><\/div><\/div>\t\t\t\t<\/div>\n\t\t\t\t<\/div>\n\t\t\t\t<div class=\"elementor-element elementor-element-caf58b6 elementor-widget-divider--view-line elementor-invisible elementor-widget elementor-widget-divider\" data-id=\"caf58b6\" data-element_type=\"widget\" data-e-type=\"widget\" data-settings=\"{&quot;_animation&quot;:&quot;fadeInRight&quot;,&quot;_animation_delay&quot;:500}\" data-widget_type=\"divider.default\">\n\t\t\t\t<div class=\"elementor-widget-container\">\n\t\t\t\t\t\t\t<div class=\"elementor-divider\">\n\t\t\t<span class=\"elementor-divider-separator\">\n\t\t\t\t\t\t<\/span>\n\t\t<\/div>\n\t\t\t\t\t\t<\/div>\n\t\t\t\t<\/div>\n\t\t\t\t<\/div>\n\t\t\t\t\t<\/div>\n\t\t\t\t<\/div>\n\t\t<div class=\"elementor-element elementor-element-265f1c0 e-con-full e-flex e-con e-child\" data-id=\"265f1c0\" data-element_type=\"container\" data-e-type=\"container\">\n\t\t<div class=\"elementor-element elementor-element-b423eaa e-con-full e-flex elementor-invisible e-con e-child\" data-id=\"b423eaa\" data-element_type=\"container\" data-e-type=\"container\" data-settings=\"{&quot;animation&quot;:&quot;fadeInUp&quot;,&quot;animation_delay&quot;:500}\">\n\t\t\t\t<div class=\"elementor-element elementor-element-ce86eab elementor-invisible elementor-widget elementor-widget-tp-adv-text-block\" data-id=\"ce86eab\" data-element_type=\"widget\" data-e-type=\"widget\" data-settings=\"{&quot;_animation&quot;:&quot;fadeInUp&quot;,&quot;_animation_delay&quot;:600}\" data-widget_type=\"tp-adv-text-block.default\">\n\t\t\t\t<div class=\"elementor-widget-container\">\n\t\t\t\t\t<div class=\"pt-plus-text-block-wrapper\" data-tp-gsap-textblock=\"\" ><div class=\"text_block_parallax\"><div class=\"pt_plus_adv_text_block animate-general\"  data-animate-type=\"transition.bounceUpIn\" data-animate-delay=\"135\" data-animate-offset=\"85%\" data-animate-out-type=\"transition.whirlOut\" data-animate-out-delay=\"50\"><div class=\"text-content-block\"><p style=\"text-align: justify\">Bug\u00fcn, \u00f6zellikle in\u015faat sanayisinde ve di\u011fer sekt\u00f6rlerde al\u00fcminyum profillerin giderek artan kullan\u0131m\u0131yla birlikte, pazar\u0131n artan ihtiya\u00e7lar\u0131 ve m\u00fc\u015fterilerin en y\u00fcksek \u00fcretim kalitesine dair beklentileriyle, al\u00fcminyum profillerin y\u00fczey kaplama i\u015flemi, do\u011fal (g\u00fcm\u00fc\u015f) ve renkli anodize y\u00f6ntemiyle, al\u00fcminyum profil \u00fcretim d\u00f6ng\u00fcs\u00fcn\u00fcn ana bile\u015fenlerinden biri haline gelmi\u015ftir. Bu i\u015flem, yaln\u0131zca teknik ve fonksiyonel rol oynamakla kalmaz, ayn\u0131 zamanda al\u00fcminyum profillerin dekoratif ve estetik bir y\u00f6n\u00fcn\u00fc de kazand\u0131rmaktad\u0131r. G\u00fcn\u00fcm\u00fcz teknolojisiyle donat\u0131lm\u0131\u015f bir anodize \u00fcnitesine sahip olmak, bu i\u015flemin do\u011fru \u015fekilde yap\u0131labilmesi i\u00e7in elektrik ak\u0131m\u0131, kaplama kal\u0131nl\u0131\u011f\u0131, renk homojenli\u011fi ve y\u00fcksek kaliteli kimyasallar\u0131n kullan\u0131m\u0131 ile kimyasal bile\u015fenlerin izlenmesi gibi t\u00fcm parametrelerin s\u00fcrekli olarak kontrol edilmesini gerektirdi\u011finden daha da \u00f6nemlidir. Bu ba\u011flamda ve m\u00fc\u015fteri beklentilerini kar\u015f\u0131lamak ve gerekli \u00fcretim kapasitesine ula\u015fmak amac\u0131yla, \u015firket, 30 ton\/g\u00fcn kapasiteye sahip 16 metrelik tanklarla donat\u0131lm\u0131\u015f bir anodize \u00fcnitesi kullanmaktad\u0131r ve bu, \u00fclkenin en b\u00fcy\u00fck anodize \u00fcnitesidir. Ayr\u0131ca, mekanik cilalama makineleri ve f\u0131r\u00e7alama makineleri sayesinde, al\u00fcminyum profiller \u00fczerinde i\u015flem yapma ve bu profillerin istenilen y\u00fcksek kalite ve \u00e7e\u015fitli y\u00fczey kaplamalar\u0131na ula\u015fma imkan\u0131 sa\u011flanmaktad\u0131r.<\/p><\/div><\/div><\/div><\/div>\t\t\t\t<\/div>\n\t\t\t\t<\/div>\n\t\t\t\t<div class=\"elementor-element elementor-element-4455a47 elementor-widget__width-inherit elementor-widget-divider--view-line elementor-invisible elementor-widget elementor-widget-divider\" data-id=\"4455a47\" data-element_type=\"widget\" data-e-type=\"widget\" data-settings=\"{&quot;_animation&quot;:&quot;fadeInUp&quot;,&quot;_animation_delay&quot;:800}\" data-widget_type=\"divider.default\">\n\t\t\t\t<div class=\"elementor-widget-container\">\n\t\t\t\t\t\t\t<div class=\"elementor-divider\">\n\t\t\t<span class=\"elementor-divider-separator\">\n\t\t\t\t\t\t<\/span>\n\t\t<\/div>\n\t\t\t\t\t\t<\/div>\n\t\t\t\t<\/div>\n\t\t\t\t<div class=\"elementor-element elementor-element-83e75c1 elementor-arrows-position-outside elementor-widget__width-inherit elementor-pagination-position-outside elementor-invisible elementor-widget elementor-widget-image-carousel\" data-id=\"83e75c1\" data-element_type=\"widget\" data-e-type=\"widget\" data-settings=\"{&quot;autoplay_speed&quot;:3000,&quot;image_spacing_custom&quot;:{&quot;unit&quot;:&quot;px&quot;,&quot;size&quot;:10,&quot;sizes&quot;:[]},&quot;_animation&quot;:&quot;bounceInUp&quot;,&quot;_animation_delay&quot;:1000,&quot;slides_to_show&quot;:&quot;4&quot;,&quot;slides_to_scroll&quot;:&quot;1&quot;,&quot;navigation&quot;:&quot;both&quot;,&quot;autoplay&quot;:&quot;yes&quot;,&quot;pause_on_hover&quot;:&quot;yes&quot;,&quot;pause_on_interaction&quot;:&quot;yes&quot;,&quot;infinite&quot;:&quot;yes&quot;,&quot;speed&quot;:500,&quot;image_spacing_custom_tablet&quot;:{&quot;unit&quot;:&quot;px&quot;,&quot;size&quot;:&quot;&quot;,&quot;sizes&quot;:[]},&quot;image_spacing_custom_mobile&quot;:{&quot;unit&quot;:&quot;px&quot;,&quot;size&quot;:&quot;&quot;,&quot;sizes&quot;:[]}}\" data-widget_type=\"image-carousel.default\">\n\t\t\t\t<div class=\"elementor-widget-container\">\n\t\t\t\t\t\t\t<div class=\"elementor-image-carousel-wrapper swiper\" role=\"region\" aria-roledescription=\"carousel\" aria-label=\"\u06a9\u0627\u0631\u0648\u0633\u0644 \u062a\u0635\u0648\u06cc\u0631\" dir=\"rtl\">\n\t\t\t<div class=\"elementor-image-carousel swiper-wrapper\" aria-live=\"off\">\n\t\t\t\t\t\t\t\t<div class=\"swiper-slide\" role=\"group\" aria-roledescription=\"slide\" aria-label=\"1 \/ 4\"><a data-elementor-open-lightbox=\"yes\" data-elementor-lightbox-slideshow=\"83e75c1\" data-elementor-lightbox-title=\"RavanGodazPardis_Anodizing_Unit_4\" data-e-action-hash=\"#elementor-action%3Aaction%3Dlightbox%26settings%3DeyJpZCI6NDAxNywidXJsIjoiaHR0cHM6XC9cL3JhdmFuZ29kYXpwYXJkaXMuY29tXC93cC1jb250ZW50XC91cGxvYWRzXC8yMDI1XC8wMlwvUmF2YW5Hb2RhelBhcmRpc19Bbm9kaXppbmdfVW5pdF80LndlYnAiLCJzbGlkZXNob3ciOiI4M2U3NWMxIn0%3D\" href=\"https:\/\/ravangodazpardis.com\/wp-content\/uploads\/2025\/02\/RavanGodazPardis_Anodizing_Unit_4.webp\"><figure class=\"swiper-slide-inner\"><img decoding=\"async\" class=\"swiper-slide-image\" src=\"https:\/\/ravangodazpardis.com\/wp-content\/uploads\/2025\/02\/RavanGodazPardis_Anodizing_Unit_4-300x200.webp\" alt=\"RavanGodazPardis_Anodizing_Unit_4\" title=\"\"><\/figure><\/a><\/div><div class=\"swiper-slide\" role=\"group\" aria-roledescription=\"slide\" aria-label=\"2 \/ 4\"><a data-elementor-open-lightbox=\"yes\" data-elementor-lightbox-slideshow=\"83e75c1\" data-elementor-lightbox-title=\"RavanGodazPardis_Anodizing_Unit_1\" data-e-action-hash=\"#elementor-action%3Aaction%3Dlightbox%26settings%3DeyJpZCI6NDAyMCwidXJsIjoiaHR0cHM6XC9cL3JhdmFuZ29kYXpwYXJkaXMuY29tXC93cC1jb250ZW50XC91cGxvYWRzXC8yMDI1XC8wMlwvUmF2YW5Hb2RhelBhcmRpc19Bbm9kaXppbmdfVW5pdF8xLndlYnAiLCJzbGlkZXNob3ciOiI4M2U3NWMxIn0%3D\" href=\"https:\/\/ravangodazpardis.com\/wp-content\/uploads\/2025\/02\/RavanGodazPardis_Anodizing_Unit_1.webp\"><figure class=\"swiper-slide-inner\"><img decoding=\"async\" class=\"swiper-slide-image\" src=\"https:\/\/ravangodazpardis.com\/wp-content\/uploads\/2025\/02\/RavanGodazPardis_Anodizing_Unit_1-300x200.webp\" alt=\"RavanGodazPardis_Anodizing_Unit_1\" title=\"\"><\/figure><\/a><\/div><div class=\"swiper-slide\" role=\"group\" aria-roledescription=\"slide\" aria-label=\"3 \/ 4\"><a data-elementor-open-lightbox=\"yes\" data-elementor-lightbox-slideshow=\"83e75c1\" data-elementor-lightbox-title=\"RavanGodazPardis_Anodizing_Unit_2\" data-e-action-hash=\"#elementor-action%3Aaction%3Dlightbox%26settings%3DeyJpZCI6NDAyMywidXJsIjoiaHR0cHM6XC9cL3JhdmFuZ29kYXpwYXJkaXMuY29tXC93cC1jb250ZW50XC91cGxvYWRzXC8yMDI1XC8wMlwvUmF2YW5Hb2RhelBhcmRpc19Bbm9kaXppbmdfVW5pdF8yLndlYnAiLCJzbGlkZXNob3ciOiI4M2U3NWMxIn0%3D\" href=\"https:\/\/ravangodazpardis.com\/wp-content\/uploads\/2025\/02\/RavanGodazPardis_Anodizing_Unit_2.webp\"><figure class=\"swiper-slide-inner\"><img decoding=\"async\" class=\"swiper-slide-image\" src=\"https:\/\/ravangodazpardis.com\/wp-content\/uploads\/2025\/02\/RavanGodazPardis_Anodizing_Unit_2-300x200.webp\" alt=\"RavanGodazPardis_Anodizing_Unit_2\" title=\"\"><\/figure><\/a><\/div><div class=\"swiper-slide\" role=\"group\" aria-roledescription=\"slide\" aria-label=\"4 \/ 4\"><a data-elementor-open-lightbox=\"yes\" data-elementor-lightbox-slideshow=\"83e75c1\" data-elementor-lightbox-title=\"RavanGodazPardis_Anodizing_Unit_3\" data-e-action-hash=\"#elementor-action%3Aaction%3Dlightbox%26settings%3DeyJpZCI6NDAyNiwidXJsIjoiaHR0cHM6XC9cL3JhdmFuZ29kYXpwYXJkaXMuY29tXC93cC1jb250ZW50XC91cGxvYWRzXC8yMDI1XC8wMlwvUmF2YW5Hb2RhelBhcmRpc19Bbm9kaXppbmdfVW5pdF8zLndlYnAiLCJzbGlkZXNob3ciOiI4M2U3NWMxIn0%3D\" href=\"https:\/\/ravangodazpardis.com\/wp-content\/uploads\/2025\/02\/RavanGodazPardis_Anodizing_Unit_3.webp\"><figure class=\"swiper-slide-inner\"><img decoding=\"async\" class=\"swiper-slide-image\" src=\"https:\/\/ravangodazpardis.com\/wp-content\/uploads\/2025\/02\/RavanGodazPardis_Anodizing_Unit_3-300x200.webp\" alt=\"RavanGodazPardis_Anodizing_Unit_3\" title=\"\"><\/figure><\/a><\/div>\t\t\t<\/div>\n\t\t\t\t\t\t\t\t\t\t\t\t<div class=\"elementor-swiper-button elementor-swiper-button-prev\" role=\"button\" tabindex=\"0\">\n\t\t\t\t\t\t<svg aria-hidden=\"true\" class=\"e-font-icon-svg e-eicon-chevron-left\" viewBox=\"0 0 1000 1000\" xmlns=\"http:\/\/www.w3.org\/2000\/svg\"><path d=\"M646 125C629 125 613 133 604 142L308 442C296 454 292 471 292 487 292 504 296 521 308 533L604 854C617 867 629 875 646 875 663 875 679 871 692 858 704 846 713 829 713 812 713 796 708 779 692 767L438 487 692 225C700 217 708 204 708 187 708 171 704 154 692 142 675 129 663 125 646 125Z\"><\/path><\/svg>\t\t\t\t\t<\/div>\n\t\t\t\t\t<div class=\"elementor-swiper-button elementor-swiper-button-next\" role=\"button\" tabindex=\"0\">\n\t\t\t\t\t\t<svg aria-hidden=\"true\" class=\"e-font-icon-svg e-eicon-chevron-right\" viewBox=\"0 0 1000 1000\" xmlns=\"http:\/\/www.w3.org\/2000\/svg\"><path d=\"M696 533C708 521 713 504 713 487 713 471 708 454 696 446L400 146C388 133 375 125 354 125 338 125 325 129 313 142 300 154 292 171 292 187 292 204 296 221 308 233L563 492 304 771C292 783 288 800 288 817 288 833 296 850 308 863 321 871 338 875 354 875 371 875 388 867 400 854L696 533Z\"><\/path><\/svg>\t\t\t\t\t<\/div>\n\t\t\t\t\n\t\t\t\t\t\t\t\t\t<div class=\"swiper-pagination\"><\/div>\n\t\t\t\t\t\t\t\t\t<\/div>\n\t\t\t\t\t\t<\/div>\n\t\t\t\t<\/div>\n\t\t\t\t<\/div>\n\t\t\t\t<\/div>\n\t\t\t\t<\/div>\n\t\t\t\t\t<\/div>\n\t\t\t\t<\/div>\n\t\t\t\t<\/div>\n\t\t","protected":false},"excerpt":{"rendered":"<p>Ravan Godaz Pardis \u015eirketi Anodizasyon \u00dcnitesi Bug\u00fcn, \u00f6zellikle in\u015faat sanayisinde ve di\u011fer sekt\u00f6rlerde al\u00fcminyum profillerin giderek artan kullan\u0131m\u0131yla birlikte, pazar\u0131n artan ihtiya\u00e7lar\u0131 ve m\u00fc\u015fterilerin en y\u00fcksek \u00fcretim kalitesine dair beklentileriyle, al\u00fcminyum profillerin y\u00fczey kaplama i\u015flemi, do\u011fal (g\u00fcm\u00fc\u015f) ve renkli anodize y\u00f6ntemiyle, al\u00fcminyum profil \u00fcretim d\u00f6ng\u00fcs\u00fcn\u00fcn ana bile\u015fenlerinden biri haline gelmi\u015ftir. Bu i\u015flem, yaln\u0131zca teknik ve [&hellip;]<\/p>\n","protected":false},"author":1,"featured_media":0,"parent":0,"menu_order":0,"comment_status":"closed","ping_status":"closed","template":"","meta":{"footnotes":""},"class_list":["post-5165","page","type-page","status-publish","hentry"],"_links":{"self":[{"href":"https:\/\/ravangodazpardis.com\/tr\/wp-json\/wp\/v2\/pages\/5165","targetHints":{"allow":["GET"]}}],"collection":[{"href":"https:\/\/ravangodazpardis.com\/tr\/wp-json\/wp\/v2\/pages"}],"about":[{"href":"https:\/\/ravangodazpardis.com\/tr\/wp-json\/wp\/v2\/types\/page"}],"author":[{"embeddable":true,"href":"https:\/\/ravangodazpardis.com\/tr\/wp-json\/wp\/v2\/users\/1"}],"replies":[{"embeddable":true,"href":"https:\/\/ravangodazpardis.com\/tr\/wp-json\/wp\/v2\/comments?post=5165"}],"version-history":[{"count":11,"href":"https:\/\/ravangodazpardis.com\/tr\/wp-json\/wp\/v2\/pages\/5165\/revisions"}],"predecessor-version":[{"id":5198,"href":"https:\/\/ravangodazpardis.com\/tr\/wp-json\/wp\/v2\/pages\/5165\/revisions\/5198"}],"wp:attachment":[{"href":"https:\/\/ravangodazpardis.com\/tr\/wp-json\/wp\/v2\/media?parent=5165"}],"curies":[{"name":"wp","href":"https:\/\/api.w.org\/{rel}","templated":true}]}}