{"id":5201,"date":"2025-01-22T03:01:38","date_gmt":"2025-01-21T23:31:38","guid":{"rendered":"https:\/\/ravangodaz.com\/powder-coating-unit\/"},"modified":"2025-02-08T10:37:16","modified_gmt":"2025-02-08T07:07:16","slug":"toz-boya-unitesi","status":"publish","type":"page","link":"https:\/\/ravangodazpardis.com\/tr\/toz-boya-unitesi\/","title":{"rendered":"Toz Boya \u00dcnitesi"},"content":{"rendered":"\t\t<div data-elementor-type=\"wp-page\" data-elementor-id=\"5201\" class=\"elementor elementor-5201 elementor-2591\" data-elementor-post-type=\"page\">\n\t\t\t\t<div class=\"elementor-element elementor-element-908a4ed e-flex e-con-boxed e-con e-parent\" data-id=\"908a4ed\" data-element_type=\"container\" data-e-type=\"container\">\n\t\t\t\t\t<div class=\"e-con-inner\">\n\t\t<div class=\"elementor-element elementor-element-43cebce e-con-full e-flex e-con e-child\" data-id=\"43cebce\" data-element_type=\"container\" data-e-type=\"container\">\n\t\t<div class=\"elementor-element elementor-element-6e94957 e-flex e-con-boxed e-con e-child\" data-id=\"6e94957\" data-element_type=\"container\" data-e-type=\"container\">\n\t\t\t\t\t<div class=\"e-con-inner\">\n\t\t<div class=\"elementor-element elementor-element-240f0c1 e-con-full e-flex e-con e-child\" data-id=\"240f0c1\" data-element_type=\"container\" data-e-type=\"container\">\n\t\t\t\t<div class=\"elementor-element elementor-element-c1e7ab1 elementor-view-stacked elementor-shape-circle elementor-widget elementor-widget-icon\" data-id=\"c1e7ab1\" data-element_type=\"widget\" data-e-type=\"widget\" data-widget_type=\"icon.default\">\n\t\t\t\t<div class=\"elementor-widget-container\">\n\t\t\t\t\t\t\t<div class=\"elementor-icon-wrapper\">\n\t\t\t<div class=\"elementor-icon\">\n\t\t\t<svg aria-hidden=\"true\" class=\"e-font-icon-svg e-far-dot-circle\" viewBox=\"0 0 512 512\" xmlns=\"http:\/\/www.w3.org\/2000\/svg\"><path d=\"M256 56c110.532 0 200 89.451 200 200 0 110.532-89.451 200-200 200-110.532 0-200-89.451-200-200 0-110.532 89.451-200 200-200m0-48C119.033 8 8 119.033 8 256s111.033 248 248 248 248-111.033 248-248S392.967 8 256 8zm0 168c-44.183 0-80 35.817-80 80s35.817 80 80 80 80-35.817 80-80-35.817-80-80-80z\"><\/path><\/svg>\t\t\t<\/div>\n\t\t<\/div>\n\t\t\t\t\t\t<\/div>\n\t\t\t\t<\/div>\n\t\t\t\t<div class=\"elementor-element elementor-element-baa6b4b text-right elementor-widget elementor-widget-tp-heading-title\" data-id=\"baa6b4b\" data-element_type=\"widget\" data-e-type=\"widget\" data-widget_type=\"tp-heading-title.default\">\n\t\t\t\t<div class=\"elementor-widget-container\">\n\t\t\t\t\t<div class=\"heading heading_style heading_style69e0c835432a2 style-8 animate-general\"  data-animate-type=\"transition.flipXIn\" data-animate-delay=\"300\" data-animate-offset=\"85%\" data-animate-out-type=\"transition.bounceUpOut\" data-animate-out-delay=\"50\"><div class=\"sub-style \"  ><div class=\"head-title \" > <h1  class=\"heading-title   \"   data-hover=\"Ravan Godaz Pardis \u015eirketi Toz Boya \u00dcnitesi\">Ravan Godaz Pardis \u015eirketi Toz Boya \u00dcnitesi<\/h1><\/div><\/div><\/div>\t\t\t\t<\/div>\n\t\t\t\t<\/div>\n\t\t\t\t<div class=\"elementor-element elementor-element-caf58b6 elementor-widget-divider--view-line elementor-invisible elementor-widget elementor-widget-divider\" data-id=\"caf58b6\" data-element_type=\"widget\" data-e-type=\"widget\" data-settings=\"{&quot;_animation&quot;:&quot;fadeInRight&quot;,&quot;_animation_delay&quot;:500}\" data-widget_type=\"divider.default\">\n\t\t\t\t<div class=\"elementor-widget-container\">\n\t\t\t\t\t\t\t<div class=\"elementor-divider\">\n\t\t\t<span class=\"elementor-divider-separator\">\n\t\t\t\t\t\t<\/span>\n\t\t<\/div>\n\t\t\t\t\t\t<\/div>\n\t\t\t\t<\/div>\n\t\t\t\t<\/div>\n\t\t\t\t\t<\/div>\n\t\t\t\t<\/div>\n\t\t<div class=\"elementor-element elementor-element-265f1c0 e-con-full e-flex e-con e-child\" data-id=\"265f1c0\" data-element_type=\"container\" data-e-type=\"container\">\n\t\t<div class=\"elementor-element elementor-element-b423eaa e-con-full e-flex elementor-invisible e-con e-child\" data-id=\"b423eaa\" data-element_type=\"container\" data-e-type=\"container\" data-settings=\"{&quot;animation&quot;:&quot;fadeInUp&quot;,&quot;animation_delay&quot;:500}\">\n\t\t\t\t<div class=\"elementor-element elementor-element-ce86eab elementor-invisible elementor-widget elementor-widget-tp-adv-text-block\" data-id=\"ce86eab\" data-element_type=\"widget\" data-e-type=\"widget\" data-settings=\"{&quot;_animation&quot;:&quot;fadeInUp&quot;,&quot;_animation_delay&quot;:600}\" data-widget_type=\"tp-adv-text-block.default\">\n\t\t\t\t<div class=\"elementor-widget-container\">\n\t\t\t\t\t<div class=\"pt-plus-text-block-wrapper\" data-tp-gsap-textblock=\"\" ><div class=\"text_block_parallax\"><div class=\"pt_plus_adv_text_block animate-general\"  data-animate-type=\"transition.bounceUpIn\" data-animate-delay=\"135\" data-animate-offset=\"85%\" data-animate-out-type=\"transition.whirlOut\" data-animate-out-delay=\"50\"><div class=\"text-content-block\"><p style=\"text-align: justify\">Al\u00fcminyum profillerin y\u00fczey kaplama y\u00f6ntemlerinden biri, poliester ve epoksi poliester tozlar\u0131n\u0131n elektrostatik y\u00f6ntemle y\u00fczeye p\u00fcsk\u00fcrt\u00fclmesi ve 180 ile 200\u00b0C aras\u0131ndaki s\u0131cakl\u0131klarda pi\u015firme f\u0131r\u0131nlar\u0131nda i\u015flenmesidir. Tozlar\u0131n sonsuz renk ve desen \u00e7e\u015fitlili\u011fi g\u00f6z \u00f6n\u00fcne al\u0131nd\u0131\u011f\u0131nda, bu y\u00f6ntem t\u00fcketicilere y\u00fczey kaplamas\u0131nda geni\u015f bir se\u00e7enek yelpazesi sunmaktad\u0131r. Bu \u015firket, elektrostatik y\u00f6ntemle \u00e7al\u0131\u015fan iki ileri d\u00fczey toz boyama \u00fcnitesine sahip olup, modern p\u00fcsk\u00fcrtme ekipmanlar\u0131 ve f\u0131r\u0131nlarla donat\u0131lm\u0131\u015f en b\u00fcy\u00fck ve en donan\u0131ml\u0131 toz boya \u00fcnitesine sahiptir. Bu \u00fcnite, al\u00fcminyum profillerin 14 metreye kadar uzunluklarda ve 45 ton kapasite ile \u00e7e\u015fitli renklerde ve desenlerde kaplanmas\u0131n\u0131 ger\u00e7ekle\u015ftirir.<\/p><\/div><\/div><\/div><\/div>\t\t\t\t<\/div>\n\t\t\t\t<\/div>\n\t\t\t\t<div class=\"elementor-element elementor-element-4455a47 elementor-widget__width-inherit elementor-widget-divider--view-line elementor-invisible elementor-widget elementor-widget-divider\" data-id=\"4455a47\" data-element_type=\"widget\" data-e-type=\"widget\" data-settings=\"{&quot;_animation&quot;:&quot;fadeInUp&quot;,&quot;_animation_delay&quot;:800}\" data-widget_type=\"divider.default\">\n\t\t\t\t<div class=\"elementor-widget-container\">\n\t\t\t\t\t\t\t<div class=\"elementor-divider\">\n\t\t\t<span class=\"elementor-divider-separator\">\n\t\t\t\t\t\t<\/span>\n\t\t<\/div>\n\t\t\t\t\t\t<\/div>\n\t\t\t\t<\/div>\n\t\t\t\t<div class=\"elementor-element elementor-element-83e75c1 elementor-arrows-position-outside elementor-widget__width-inherit elementor-pagination-position-outside elementor-invisible elementor-widget elementor-widget-image-carousel\" data-id=\"83e75c1\" data-element_type=\"widget\" data-e-type=\"widget\" data-settings=\"{&quot;autoplay_speed&quot;:3000,&quot;image_spacing_custom&quot;:{&quot;unit&quot;:&quot;px&quot;,&quot;size&quot;:10,&quot;sizes&quot;:[]},&quot;_animation&quot;:&quot;bounceInUp&quot;,&quot;_animation_delay&quot;:1000,&quot;slides_to_show&quot;:&quot;4&quot;,&quot;slides_to_scroll&quot;:&quot;1&quot;,&quot;navigation&quot;:&quot;both&quot;,&quot;autoplay&quot;:&quot;yes&quot;,&quot;pause_on_hover&quot;:&quot;yes&quot;,&quot;pause_on_interaction&quot;:&quot;yes&quot;,&quot;infinite&quot;:&quot;yes&quot;,&quot;speed&quot;:500,&quot;image_spacing_custom_tablet&quot;:{&quot;unit&quot;:&quot;px&quot;,&quot;size&quot;:&quot;&quot;,&quot;sizes&quot;:[]},&quot;image_spacing_custom_mobile&quot;:{&quot;unit&quot;:&quot;px&quot;,&quot;size&quot;:&quot;&quot;,&quot;sizes&quot;:[]}}\" data-widget_type=\"image-carousel.default\">\n\t\t\t\t<div class=\"elementor-widget-container\">\n\t\t\t\t\t\t\t<div class=\"elementor-image-carousel-wrapper swiper\" role=\"region\" aria-roledescription=\"carousel\" aria-label=\"\u06a9\u0627\u0631\u0648\u0633\u0644 \u062a\u0635\u0648\u06cc\u0631\" dir=\"rtl\">\n\t\t\t<div class=\"elementor-image-carousel swiper-wrapper\" aria-live=\"off\">\n\t\t\t\t\t\t\t\t<div class=\"swiper-slide\" role=\"group\" aria-roledescription=\"slide\" aria-label=\"1 \/ 6\"><a data-elementor-open-lightbox=\"yes\" data-elementor-lightbox-slideshow=\"83e75c1\" data-elementor-lightbox-title=\"RavanGodazPardis_Powder_Coating_Unit_4\" data-e-action-hash=\"#elementor-action%3Aaction%3Dlightbox%26settings%3DeyJpZCI6NDAyOSwidXJsIjoiaHR0cHM6XC9cL3JhdmFuZ29kYXpwYXJkaXMuY29tXC93cC1jb250ZW50XC91cGxvYWRzXC8yMDI1XC8wMlwvUmF2YW5Hb2RhelBhcmRpc19Qb3dkZXJfQ29hdGluZ19Vbml0XzQud2VicCIsInNsaWRlc2hvdyI6IjgzZTc1YzEifQ%3D%3D\" href=\"https:\/\/ravangodazpardis.com\/wp-content\/uploads\/2025\/02\/RavanGodazPardis_Powder_Coating_Unit_4.webp\"><figure class=\"swiper-slide-inner\"><img decoding=\"async\" class=\"swiper-slide-image\" src=\"https:\/\/ravangodazpardis.com\/wp-content\/uploads\/2025\/02\/RavanGodazPardis_Powder_Coating_Unit_4-300x200.webp\" alt=\"RavanGodazPardis_Powder_Coating_Unit_4\" title=\"\"><\/figure><\/a><\/div><div class=\"swiper-slide\" role=\"group\" aria-roledescription=\"slide\" aria-label=\"2 \/ 6\"><a data-elementor-open-lightbox=\"yes\" data-elementor-lightbox-slideshow=\"83e75c1\" data-elementor-lightbox-title=\"RavanGodazPardis_Powder_Coating_Unit_5\" data-e-action-hash=\"#elementor-action%3Aaction%3Dlightbox%26settings%3DeyJpZCI6NDAzMiwidXJsIjoiaHR0cHM6XC9cL3JhdmFuZ29kYXpwYXJkaXMuY29tXC93cC1jb250ZW50XC91cGxvYWRzXC8yMDI1XC8wMlwvUmF2YW5Hb2RhelBhcmRpc19Qb3dkZXJfQ29hdGluZ19Vbml0XzUud2VicCIsInNsaWRlc2hvdyI6IjgzZTc1YzEifQ%3D%3D\" href=\"https:\/\/ravangodazpardis.com\/wp-content\/uploads\/2025\/02\/RavanGodazPardis_Powder_Coating_Unit_5.webp\"><figure class=\"swiper-slide-inner\"><img decoding=\"async\" class=\"swiper-slide-image\" src=\"https:\/\/ravangodazpardis.com\/wp-content\/uploads\/2025\/02\/RavanGodazPardis_Powder_Coating_Unit_5-300x200.webp\" alt=\"RavanGodazPardis_Powder_Coating_Unit_5\" title=\"\"><\/figure><\/a><\/div><div class=\"swiper-slide\" role=\"group\" aria-roledescription=\"slide\" aria-label=\"3 \/ 6\"><a data-elementor-open-lightbox=\"yes\" data-elementor-lightbox-slideshow=\"83e75c1\" data-elementor-lightbox-title=\"RavanGodazPardis_Powder_Coating_Unit_6\" data-e-action-hash=\"#elementor-action%3Aaction%3Dlightbox%26settings%3DeyJpZCI6NDAzNSwidXJsIjoiaHR0cHM6XC9cL3JhdmFuZ29kYXpwYXJkaXMuY29tXC93cC1jb250ZW50XC91cGxvYWRzXC8yMDI1XC8wMlwvUmF2YW5Hb2RhelBhcmRpc19Qb3dkZXJfQ29hdGluZ19Vbml0XzYud2VicCIsInNsaWRlc2hvdyI6IjgzZTc1YzEifQ%3D%3D\" href=\"https:\/\/ravangodazpardis.com\/wp-content\/uploads\/2025\/02\/RavanGodazPardis_Powder_Coating_Unit_6.webp\"><figure class=\"swiper-slide-inner\"><img decoding=\"async\" class=\"swiper-slide-image\" src=\"https:\/\/ravangodazpardis.com\/wp-content\/uploads\/2025\/02\/RavanGodazPardis_Powder_Coating_Unit_6-300x200.webp\" alt=\"RavanGodazPardis_Powder_Coating_Unit_6\" title=\"\"><\/figure><\/a><\/div><div class=\"swiper-slide\" role=\"group\" aria-roledescription=\"slide\" aria-label=\"4 \/ 6\"><a data-elementor-open-lightbox=\"yes\" data-elementor-lightbox-slideshow=\"83e75c1\" data-elementor-lightbox-title=\"RavanGodazPardis_Powder_Coating_Unit_1\" data-e-action-hash=\"#elementor-action%3Aaction%3Dlightbox%26settings%3DeyJpZCI6NDAzOCwidXJsIjoiaHR0cHM6XC9cL3JhdmFuZ29kYXpwYXJkaXMuY29tXC93cC1jb250ZW50XC91cGxvYWRzXC8yMDI1XC8wMlwvUmF2YW5Hb2RhelBhcmRpc19Qb3dkZXJfQ29hdGluZ19Vbml0XzEud2VicCIsInNsaWRlc2hvdyI6IjgzZTc1YzEifQ%3D%3D\" href=\"https:\/\/ravangodazpardis.com\/wp-content\/uploads\/2025\/02\/RavanGodazPardis_Powder_Coating_Unit_1.webp\"><figure class=\"swiper-slide-inner\"><img decoding=\"async\" class=\"swiper-slide-image\" src=\"https:\/\/ravangodazpardis.com\/wp-content\/uploads\/2025\/02\/RavanGodazPardis_Powder_Coating_Unit_1-300x200.webp\" alt=\"RavanGodazPardis_Powder_Coating_Unit_1\" title=\"\"><\/figure><\/a><\/div><div class=\"swiper-slide\" role=\"group\" aria-roledescription=\"slide\" aria-label=\"5 \/ 6\"><a data-elementor-open-lightbox=\"yes\" data-elementor-lightbox-slideshow=\"83e75c1\" data-elementor-lightbox-title=\"RavanGodazPardis_Powder_Coating_Unit_2\" data-e-action-hash=\"#elementor-action%3Aaction%3Dlightbox%26settings%3DeyJpZCI6NDA0MSwidXJsIjoiaHR0cHM6XC9cL3JhdmFuZ29kYXpwYXJkaXMuY29tXC93cC1jb250ZW50XC91cGxvYWRzXC8yMDI1XC8wMlwvUmF2YW5Hb2RhelBhcmRpc19Qb3dkZXJfQ29hdGluZ19Vbml0XzIud2VicCIsInNsaWRlc2hvdyI6IjgzZTc1YzEifQ%3D%3D\" href=\"https:\/\/ravangodazpardis.com\/wp-content\/uploads\/2025\/02\/RavanGodazPardis_Powder_Coating_Unit_2.webp\"><figure class=\"swiper-slide-inner\"><img decoding=\"async\" class=\"swiper-slide-image\" src=\"https:\/\/ravangodazpardis.com\/wp-content\/uploads\/2025\/02\/RavanGodazPardis_Powder_Coating_Unit_2-300x200.webp\" alt=\"RavanGodazPardis_Powder_Coating_Unit_2\" title=\"\"><\/figure><\/a><\/div><div class=\"swiper-slide\" role=\"group\" aria-roledescription=\"slide\" aria-label=\"6 \/ 6\"><a data-elementor-open-lightbox=\"yes\" data-elementor-lightbox-slideshow=\"83e75c1\" data-elementor-lightbox-title=\"RavanGodazPardis_Powder_Coating_Unit_3\" data-e-action-hash=\"#elementor-action%3Aaction%3Dlightbox%26settings%3DeyJpZCI6NDA0NCwidXJsIjoiaHR0cHM6XC9cL3JhdmFuZ29kYXpwYXJkaXMuY29tXC93cC1jb250ZW50XC91cGxvYWRzXC8yMDI1XC8wMlwvUmF2YW5Hb2RhelBhcmRpc19Qb3dkZXJfQ29hdGluZ19Vbml0XzMud2VicCIsInNsaWRlc2hvdyI6IjgzZTc1YzEifQ%3D%3D\" href=\"https:\/\/ravangodazpardis.com\/wp-content\/uploads\/2025\/02\/RavanGodazPardis_Powder_Coating_Unit_3.webp\"><figure class=\"swiper-slide-inner\"><img decoding=\"async\" class=\"swiper-slide-image\" src=\"https:\/\/ravangodazpardis.com\/wp-content\/uploads\/2025\/02\/RavanGodazPardis_Powder_Coating_Unit_3-300x200.webp\" alt=\"RavanGodazPardis_Powder_Coating_Unit_3\" title=\"\"><\/figure><\/a><\/div>\t\t\t<\/div>\n\t\t\t\t\t\t\t\t\t\t\t\t<div class=\"elementor-swiper-button elementor-swiper-button-prev\" role=\"button\" tabindex=\"0\">\n\t\t\t\t\t\t<svg aria-hidden=\"true\" class=\"e-font-icon-svg e-eicon-chevron-left\" viewBox=\"0 0 1000 1000\" xmlns=\"http:\/\/www.w3.org\/2000\/svg\"><path d=\"M646 125C629 125 613 133 604 142L308 442C296 454 292 471 292 487 292 504 296 521 308 533L604 854C617 867 629 875 646 875 663 875 679 871 692 858 704 846 713 829 713 812 713 796 708 779 692 767L438 487 692 225C700 217 708 204 708 187 708 171 704 154 692 142 675 129 663 125 646 125Z\"><\/path><\/svg>\t\t\t\t\t<\/div>\n\t\t\t\t\t<div class=\"elementor-swiper-button elementor-swiper-button-next\" role=\"button\" tabindex=\"0\">\n\t\t\t\t\t\t<svg aria-hidden=\"true\" class=\"e-font-icon-svg e-eicon-chevron-right\" viewBox=\"0 0 1000 1000\" xmlns=\"http:\/\/www.w3.org\/2000\/svg\"><path d=\"M696 533C708 521 713 504 713 487 713 471 708 454 696 446L400 146C388 133 375 125 354 125 338 125 325 129 313 142 300 154 292 171 292 187 292 204 296 221 308 233L563 492 304 771C292 783 288 800 288 817 288 833 296 850 308 863 321 871 338 875 354 875 371 875 388 867 400 854L696 533Z\"><\/path><\/svg>\t\t\t\t\t<\/div>\n\t\t\t\t\n\t\t\t\t\t\t\t\t\t<div class=\"swiper-pagination\"><\/div>\n\t\t\t\t\t\t\t\t\t<\/div>\n\t\t\t\t\t\t<\/div>\n\t\t\t\t<\/div>\n\t\t\t\t<\/div>\n\t\t\t\t<\/div>\n\t\t\t\t<\/div>\n\t\t\t\t\t<\/div>\n\t\t\t\t<\/div>\n\t\t\t\t<\/div>\n\t\t","protected":false},"excerpt":{"rendered":"<p>Ravan Godaz Pardis \u015eirketi Toz Boya \u00dcnitesi Al\u00fcminyum profillerin y\u00fczey kaplama y\u00f6ntemlerinden biri, poliester ve epoksi poliester tozlar\u0131n\u0131n elektrostatik y\u00f6ntemle y\u00fczeye p\u00fcsk\u00fcrt\u00fclmesi ve 180 ile 200\u00b0C aras\u0131ndaki s\u0131cakl\u0131klarda pi\u015firme f\u0131r\u0131nlar\u0131nda i\u015flenmesidir. Tozlar\u0131n sonsuz renk ve desen \u00e7e\u015fitlili\u011fi g\u00f6z \u00f6n\u00fcne al\u0131nd\u0131\u011f\u0131nda, bu y\u00f6ntem t\u00fcketicilere y\u00fczey kaplamas\u0131nda geni\u015f bir se\u00e7enek yelpazesi sunmaktad\u0131r. Bu \u015firket, elektrostatik y\u00f6ntemle \u00e7al\u0131\u015fan [&hellip;]<\/p>\n","protected":false},"author":1,"featured_media":0,"parent":0,"menu_order":0,"comment_status":"closed","ping_status":"closed","template":"","meta":{"footnotes":""},"class_list":["post-5201","page","type-page","status-publish","hentry"],"_links":{"self":[{"href":"https:\/\/ravangodazpardis.com\/tr\/wp-json\/wp\/v2\/pages\/5201","targetHints":{"allow":["GET"]}}],"collection":[{"href":"https:\/\/ravangodazpardis.com\/tr\/wp-json\/wp\/v2\/pages"}],"about":[{"href":"https:\/\/ravangodazpardis.com\/tr\/wp-json\/wp\/v2\/types\/page"}],"author":[{"embeddable":true,"href":"https:\/\/ravangodazpardis.com\/tr\/wp-json\/wp\/v2\/users\/1"}],"replies":[{"embeddable":true,"href":"https:\/\/ravangodazpardis.com\/tr\/wp-json\/wp\/v2\/comments?post=5201"}],"version-history":[{"count":8,"href":"https:\/\/ravangodazpardis.com\/tr\/wp-json\/wp\/v2\/pages\/5201\/revisions"}],"predecessor-version":[{"id":5223,"href":"https:\/\/ravangodazpardis.com\/tr\/wp-json\/wp\/v2\/pages\/5201\/revisions\/5223"}],"wp:attachment":[{"href":"https:\/\/ravangodazpardis.com\/tr\/wp-json\/wp\/v2\/media?parent=5201"}],"curies":[{"name":"wp","href":"https:\/\/api.w.org\/{rel}","templated":true}]}}