{"id":5226,"date":"2025-01-15T21:23:54","date_gmt":"2025-01-15T17:53:54","guid":{"rendered":"https:\/\/ravangodaz.com\/quality-control-unit\/"},"modified":"2025-02-08T13:49:17","modified_gmt":"2025-02-08T10:19:17","slug":"kalite-guvencesi-birimi","status":"publish","type":"page","link":"https:\/\/ravangodazpardis.com\/tr\/kalite-guvencesi-birimi\/","title":{"rendered":"Kalite G\u00fcvencesi Birimi"},"content":{"rendered":"\t\t<div data-elementor-type=\"wp-page\" data-elementor-id=\"5226\" class=\"elementor elementor-5226\" data-elementor-post-type=\"page\">\n\t\t\t\t<div class=\"elementor-element elementor-element-fb80498 e-flex e-con-boxed e-con e-parent\" data-id=\"fb80498\" data-element_type=\"container\" data-e-type=\"container\">\n\t\t\t\t\t<div class=\"e-con-inner\">\n\t\t<div class=\"elementor-element elementor-element-e2465f1 e-con-full e-flex e-con e-child\" data-id=\"e2465f1\" data-element_type=\"container\" data-e-type=\"container\">\n\t\t<div class=\"elementor-element elementor-element-2fe4326 e-flex e-con-boxed e-con e-child\" data-id=\"2fe4326\" data-element_type=\"container\" data-e-type=\"container\">\n\t\t\t\t\t<div class=\"e-con-inner\">\n\t\t<div class=\"elementor-element elementor-element-bec8fae e-con-full e-flex e-con e-child\" data-id=\"bec8fae\" data-element_type=\"container\" data-e-type=\"container\">\n\t\t\t\t<div class=\"elementor-element elementor-element-f9864ad elementor-view-stacked elementor-shape-circle elementor-widget elementor-widget-icon\" data-id=\"f9864ad\" data-element_type=\"widget\" data-e-type=\"widget\" data-widget_type=\"icon.default\">\n\t\t\t\t<div class=\"elementor-widget-container\">\n\t\t\t\t\t\t\t<div class=\"elementor-icon-wrapper\">\n\t\t\t<div class=\"elementor-icon\">\n\t\t\t<svg aria-hidden=\"true\" class=\"e-font-icon-svg e-far-dot-circle\" viewBox=\"0 0 512 512\" xmlns=\"http:\/\/www.w3.org\/2000\/svg\"><path d=\"M256 56c110.532 0 200 89.451 200 200 0 110.532-89.451 200-200 200-110.532 0-200-89.451-200-200 0-110.532 89.451-200 200-200m0-48C119.033 8 8 119.033 8 256s111.033 248 248 248 248-111.033 248-248S392.967 8 256 8zm0 168c-44.183 0-80 35.817-80 80s35.817 80 80 80 80-35.817 80-80-35.817-80-80-80z\"><\/path><\/svg>\t\t\t<\/div>\n\t\t<\/div>\n\t\t\t\t\t\t<\/div>\n\t\t\t\t<\/div>\n\t\t\t\t<div class=\"elementor-element elementor-element-3d930af text-right elementor-widget elementor-widget-tp-heading-title\" data-id=\"3d930af\" data-element_type=\"widget\" data-e-type=\"widget\" data-widget_type=\"tp-heading-title.default\">\n\t\t\t\t<div class=\"elementor-widget-container\">\n\t\t\t\t\t<div class=\"heading heading_style heading_style69e14d3ea49e2 style-8 animate-general\"  data-animate-type=\"transition.flipXIn\" data-animate-delay=\"300\" data-animate-offset=\"85%\" data-animate-out-type=\"transition.bounceUpOut\" data-animate-out-delay=\"50\"><div class=\"sub-style \"  ><div class=\"head-title \" > <h1  class=\"heading-title   \"   data-hover=\"Ravan Godaz Pardis \u015eirketi Kalite Kontrol Birimi\">Ravan Godaz Pardis \u015eirketi Kalite Kontrol Birimi<\/h1><\/div><\/div><\/div>\t\t\t\t<\/div>\n\t\t\t\t<\/div>\n\t\t\t\t<div class=\"elementor-element elementor-element-843f188 elementor-widget-divider--view-line elementor-invisible elementor-widget elementor-widget-divider\" data-id=\"843f188\" data-element_type=\"widget\" data-e-type=\"widget\" data-settings=\"{&quot;_animation&quot;:&quot;fadeInRight&quot;,&quot;_animation_delay&quot;:500}\" data-widget_type=\"divider.default\">\n\t\t\t\t<div class=\"elementor-widget-container\">\n\t\t\t\t\t\t\t<div class=\"elementor-divider\">\n\t\t\t<span class=\"elementor-divider-separator\">\n\t\t\t\t\t\t<\/span>\n\t\t<\/div>\n\t\t\t\t\t\t<\/div>\n\t\t\t\t<\/div>\n\t\t\t\t<\/div>\n\t\t\t\t\t<\/div>\n\t\t\t\t<\/div>\n\t\t<div class=\"elementor-element elementor-element-188de78 e-con-full e-flex e-con e-child\" data-id=\"188de78\" data-element_type=\"container\" data-e-type=\"container\">\n\t\t<div class=\"elementor-element elementor-element-695b06f e-con-full e-flex elementor-invisible e-con e-child\" data-id=\"695b06f\" data-element_type=\"container\" data-e-type=\"container\" data-settings=\"{&quot;animation&quot;:&quot;fadeInUp&quot;,&quot;animation_delay&quot;:500}\">\n\t\t\t\t<div class=\"elementor-element elementor-element-9b1815d elementor-invisible elementor-widget elementor-widget-tp-adv-text-block\" data-id=\"9b1815d\" data-element_type=\"widget\" data-e-type=\"widget\" data-settings=\"{&quot;_animation&quot;:&quot;fadeInUp&quot;,&quot;_animation_delay&quot;:600}\" data-widget_type=\"tp-adv-text-block.default\">\n\t\t\t\t<div class=\"elementor-widget-container\">\n\t\t\t\t\t<div class=\"pt-plus-text-block-wrapper\" data-tp-gsap-textblock=\"\" ><div class=\"text_block_parallax\"><div class=\"pt_plus_adv_text_block animate-general\"  data-animate-type=\"transition.bounceUpIn\" data-animate-delay=\"135\" data-animate-offset=\"85%\" data-animate-out-type=\"transition.whirlOut\" data-animate-out-delay=\"50\"><div class=\"text-content-block\"><p style=\"text-align: justify\">Gerekli kapasite ve kaliteyi sa\u011flamak i\u00e7in \u00fcretim ekipmanlar\u0131n\u0131n yan\u0131 s\u0131ra, kalite kontrol\u00fc ve s\u00fcrekli iyile\u015ftirme de her zaman bu \u015firketin \u00f6ncelikleri aras\u0131nda olmu\u015ftur. \u00d6zellikle bu \u015firketin, \u00e7e\u015fitli standartlara dayal\u0131 olarak geni\u015f bir end\u00fcstri yelpazesi i\u00e7in hammadde ve \u00fcr\u00fcn tedarik etme sorumlulu\u011funu ta\u015f\u0131d\u0131\u011f\u0131 d\u00fc\u015f\u00fcn\u00fcld\u00fc\u011f\u00fcnde, bu taahh\u00fctlerin yerine getirilmesi ancak hassas kalite y\u00f6nergelerinin uygulanmas\u0131 ve t\u00fcm \u00fcretim s\u00fcre\u00e7lerinin s\u00fcrekli olarak izlenmesi ile m\u00fcmk\u00fcnd\u00fcr. Bu ba\u011flamda, \u015firketin kalite kontrol uzmanlar\u0131, gerekli \u00e7e\u015fitli ekipmanlar\u0131 kullanarak ve laboratuvar ile s\u00fcrekli ileti\u015fim halinde kalarak, her \u00fcretim s\u00fcrecini ve \u00fcr\u00fcnlerini ilgili standartlar \u00e7er\u00e7evesinde titizlikle denetleyip kontrol ederek kalite gerekliliklerine uygunlu\u011funu sa\u011flamaktad\u0131r.<\/p><\/div><\/div><\/div><\/div>\t\t\t\t<\/div>\n\t\t\t\t<\/div>\n\t\t\t\t<div class=\"elementor-element elementor-element-9784f0b elementor-invisible elementor-widget elementor-widget-tp-adv-text-block\" data-id=\"9784f0b\" data-element_type=\"widget\" data-e-type=\"widget\" data-settings=\"{&quot;_animation&quot;:&quot;fadeInUp&quot;,&quot;_animation_delay&quot;:600}\" data-widget_type=\"tp-adv-text-block.default\">\n\t\t\t\t<div class=\"elementor-widget-container\">\n\t\t\t\t\t<div class=\"pt-plus-text-block-wrapper\" data-tp-gsap-textblock=\"\" ><div class=\"text_block_parallax\"><div class=\"pt_plus_adv_text_block animate-general\"  data-animate-type=\"transition.bounceUpIn\" data-animate-delay=\"135\" data-animate-offset=\"85%\" data-animate-out-type=\"transition.whirlOut\" data-animate-out-delay=\"50\"><div class=\"text-content-block\"><p style=\"text-align: justify\">\u00dcretilen \u00fcr\u00fcnlerin kalitesini sa\u011flamak amac\u0131yla, \u015firketin kalite kontrol birimi geli\u015fmi\u015f metalurji, kimya ve toz boya laboratuvarlar\u0131 ile donat\u0131lm\u0131\u015ft\u0131r. \u015eirkete gelen hammaddelerin denetiminin yan\u0131 s\u0131ra, bu laboratuvarlar \u00fcretim hatlar\u0131nda \u00fcretilen t\u00fcm \u00fcr\u00fcnlerin kalite kontrol\u00fcn\u00fc uluslararas\u0131 standartlar ve gerekli teknik \u00f6zellikler do\u011frultusunda ger\u00e7ekle\u015ftirir. Bu s\u00fcre\u00e7, m\u00fc\u015fteri memnuniyetinin sa\u011flanmas\u0131n\u0131 ve \u015firketin \u00fcr\u00fcnlerinin s\u00fcrekli olarak iyile\u015ftirilmesini garanti alt\u0131na al\u0131r.<\/p><\/div><\/div><\/div><\/div>\t\t\t\t<\/div>\n\t\t\t\t<\/div>\n\t\t\t\t<div class=\"elementor-element elementor-element-b01dcf0 elementor-invisible elementor-widget elementor-widget-tp-adv-text-block\" data-id=\"b01dcf0\" data-element_type=\"widget\" data-e-type=\"widget\" data-settings=\"{&quot;_animation&quot;:&quot;fadeInUp&quot;,&quot;_animation_delay&quot;:600}\" data-widget_type=\"tp-adv-text-block.default\">\n\t\t\t\t<div class=\"elementor-widget-container\">\n\t\t\t\t\t<div class=\"pt-plus-text-block-wrapper\" data-tp-gsap-textblock=\"\" ><div class=\"text_block_parallax\"><div class=\"pt_plus_adv_text_block animate-general\"  data-animate-type=\"transition.bounceUpIn\" data-animate-delay=\"135\" data-animate-offset=\"85%\" data-animate-out-type=\"transition.whirlOut\" data-animate-out-delay=\"50\"><div class=\"text-content-block\"><p>\u015eirketin metalurji laboratuvar\u0131, \u00fclkenin al\u00fcminyum sanayisindeki en geli\u015fmi\u015f laboratuvarlardan biridir. A\u015fa\u011f\u0131daki ekipmanlarla donat\u0131lm\u0131\u015f olup, metal malzemelerin t\u00fcm metalurjik, fiziksel ve mekanik \u00f6zelliklerini inceleme kapasitesine sahiptir:<\/p><ul><li><strong>\u00c7evrimi\u00e7i hidrojen \u00f6l\u00e7\u00fcm cihaz\u0131<\/strong>, Avrupa'n\u0131n en sayg\u0131n \u00fcreticilerinden, al\u00fcminyum ergitme i\u015flemi s\u0131ras\u0131nda hidrojen i\u00e7eri\u011fini \u00f6l\u00e7mek ve kontrol etmek i\u00e7in kullan\u0131l\u0131r.<\/li><li><strong>Kuantometre cihaz\u0131<\/strong>, farkl\u0131 al\u00fcminyum ala\u015f\u0131mlar\u0131nda bulunan 30'dan fazla \u00f6nemli elementi en k\u00fc\u00e7\u00fck miktarlarda bile tespit edebilir ve \u00f6l\u00e7ebilir.<\/li><li><strong>\u00c7ekme, basma ve b\u00fckme test cihaz\u0131<\/strong>, \u00fcretilen ala\u015f\u0131mlar\u0131n mekanik \u00f6zelliklerini \u00f6l\u00e7mek i\u00e7in.<\/li><li><strong>Metalografik ve polarizasyon mikroskobu<\/strong>, malzeme yap\u0131s\u0131n\u0131 ve \u00fcretilen kesitleri incelemek i\u00e7in.<\/li><li><strong>\u0130kiz otomatik kesme ve parlatma makinesi<\/strong>, metalografik numune haz\u0131rlamak i\u00e7in.<\/li><li><strong>Ultrasonik test cihaz\u0131<\/strong>, kesitlerdeki i\u00e7 kusurlar\u0131 tahribats\u0131z bir \u015fekilde incelemek i\u00e7in.<\/li><li><strong>Elektrik iletkenli\u011fi \u00f6l\u00e7\u00fcm cihaz\u0131.<\/strong><\/li><li><strong>Sabit ve ta\u015f\u0131nabilir sertlik \u00f6l\u00e7erler<\/strong>, al\u00fcminyum profillerin sertli\u011fini \u00f6l\u00e7mek i\u00e7in.<\/li><li><strong>\u00c7e\u015fitli hassas boyut \u00f6l\u00e7\u00fcm cihazlar\u0131.<\/strong><\/li><li><strong>Tuz p\u00fcsk\u00fcrtme test cihaz\u0131<\/strong>, kaplanm\u0131\u015f y\u00fczeylerin korozyon direncini de\u011ferlendirmek i\u00e7in.<\/li><li><strong>Renk \u00f6l\u00e7er<\/strong>, boya kalitesini incelemek i\u00e7in.<\/li><li><strong>\u00c7apraz kesim yap\u0131\u015fma testi cihaz\u0131<\/strong>, toz boyan\u0131n al\u00fcminyum y\u00fczeye yap\u0131\u015fma kuvvetini kontrol etmek i\u00e7in.<\/li><li><strong>Kaplama kal\u0131nl\u0131\u011f\u0131 \u00f6l\u00e7\u00fcm cihaz\u0131<\/strong>, boya tabakas\u0131n\u0131n kal\u0131nl\u0131\u011f\u0131n\u0131 \u00f6l\u00e7mek i\u00e7in.<\/li><li><strong>Asit ve tuz dayan\u0131kl\u0131l\u0131\u011f\u0131 test cihaz\u0131<\/strong>, boyan\u0131n a\u015f\u0131nd\u0131r\u0131c\u0131 ortamlardaki direncini \u00f6l\u00e7mek i\u00e7in<\/li><\/ul><\/div><\/div><\/div><\/div>\t\t\t\t<\/div>\n\t\t\t\t<\/div>\n\t\t\t\t<div class=\"elementor-element elementor-element-2964b19 elementor-invisible elementor-widget elementor-widget-tp-adv-text-block\" data-id=\"2964b19\" data-element_type=\"widget\" data-e-type=\"widget\" data-settings=\"{&quot;_animation&quot;:&quot;fadeInUp&quot;,&quot;_animation_delay&quot;:600}\" data-widget_type=\"tp-adv-text-block.default\">\n\t\t\t\t<div class=\"elementor-widget-container\">\n\t\t\t\t\t<div class=\"pt-plus-text-block-wrapper\" data-tp-gsap-textblock=\"\" ><div class=\"text_block_parallax\"><div class=\"pt_plus_adv_text_block animate-general\"  data-animate-type=\"transition.bounceUpIn\" data-animate-delay=\"135\" data-animate-offset=\"85%\"><div class=\"text-content-block\"><p><strong>MEK Testinin Uygulanmas\u0131<\/strong><\/p><p><strong>Anodizasyon biriminin kimya laboratuvar\u0131nda<\/strong>, \u00e7e\u015fitli tanklardaki kimyasal elementlerin konsantrasyonu gibi s\u00fcre\u00e7 \u00fczerinde etkili fakt\u00f6rler s\u00fcrekli olarak \u00f6l\u00e7\u00fclmektedir. Bu sayede s\u00fcre\u00e7 parametreleri kontrol edilerek y\u00fcksek kaliteli \u00fcr\u00fcnlerin m\u00fc\u015fterilere sunulmas\u0131 sa\u011flan\u0131r. Ayr\u0131ca, en son teknolojik ekipmanlarla <strong>renkli anodizasyonun renk spektrumu, anodizasyon katman kal\u0131nl\u0131\u011f\u0131 ve s\u0131zd\u0131rmazl\u0131k tabakas\u0131n\u0131n kalitesi<\/strong> <strong>QUALANOD<\/strong> standartlar\u0131na uygun olarak s\u00fcrekli \u00f6l\u00e7\u00fclmekte ve kontrol edilmektedir.<\/p><p><strong>Toz boya laboratuvar\u0131<\/strong> da <strong>laboratuvar tipi sprey tabancalar\u0131 ve k\u00fcrleme f\u0131r\u0131nlar\u0131<\/strong> kullanarak, \u00fcretim hatt\u0131na g\u00f6nderilmeden \u00f6nce \u015firket taraf\u0131ndan al\u0131nan boyalar\u0131 test etmektedir. Bu b\u00f6l\u00fcmde yap\u0131lan di\u011fer testler aras\u0131nda <strong>kaplama kal\u0131nl\u0131\u011f\u0131n\u0131n \u00f6l\u00e7\u00fcm\u00fc, parlakl\u0131k seviyesi de\u011ferlendirmesi ve profiller \u00fczerindeki boya yap\u0131\u015fkanl\u0131k testi<\/strong> yer almaktad\u0131r. <strong>QUALICOAT<\/strong> standartlar\u0131na uygun olarak ger\u00e7ekle\u015ftirilen bu testler, Avrupa'n\u0131n en g\u00fcvenilir \u00fcreticilerinden al\u0131nan en modern ekipmanlarla s\u00fcrekli olarak yap\u0131lmaktad\u0131r.<\/p><p>\u00dcr\u00fcnlerin y\u00fcksek kalite standartlar\u0131na uygun olarak bu \u015firket, <strong>IMS kalite ve y\u00f6netim sertifikalar\u0131, Karayollar\u0131 ve \u015eehircilik Bakanl\u0131\u011f\u0131'ndan teknik sertifika ve ISO 9001 ile IATF 16949 sertifikalar\u0131n\u0131<\/strong> almay\u0131 ba\u015farm\u0131\u015ft\u0131r.<\/p><\/div><\/div><\/div><\/div>\t\t\t\t<\/div>\n\t\t\t\t<\/div>\n\t\t\t\t<div class=\"elementor-element elementor-element-7cca231 elementor-widget__width-inherit elementor-widget-divider--view-line elementor-invisible elementor-widget elementor-widget-divider\" data-id=\"7cca231\" data-element_type=\"widget\" data-e-type=\"widget\" data-settings=\"{&quot;_animation&quot;:&quot;fadeInUp&quot;,&quot;_animation_delay&quot;:800}\" data-widget_type=\"divider.default\">\n\t\t\t\t<div class=\"elementor-widget-container\">\n\t\t\t\t\t\t\t<div class=\"elementor-divider\">\n\t\t\t<span class=\"elementor-divider-separator\">\n\t\t\t\t\t\t<\/span>\n\t\t<\/div>\n\t\t\t\t\t\t<\/div>\n\t\t\t\t<\/div>\n\t\t\t\t<div class=\"elementor-element elementor-element-2e324b9 elementor-arrows-position-outside elementor-widget__width-inherit elementor-pagination-position-outside elementor-invisible elementor-widget elementor-widget-image-carousel\" data-id=\"2e324b9\" data-element_type=\"widget\" data-e-type=\"widget\" data-settings=\"{&quot;autoplay_speed&quot;:3000,&quot;image_spacing_custom&quot;:{&quot;unit&quot;:&quot;px&quot;,&quot;size&quot;:10,&quot;sizes&quot;:[]},&quot;_animation&quot;:&quot;bounceInUp&quot;,&quot;_animation_delay&quot;:1000,&quot;slides_to_show&quot;:&quot;4&quot;,&quot;slides_to_scroll&quot;:&quot;1&quot;,&quot;navigation&quot;:&quot;both&quot;,&quot;autoplay&quot;:&quot;yes&quot;,&quot;pause_on_hover&quot;:&quot;yes&quot;,&quot;pause_on_interaction&quot;:&quot;yes&quot;,&quot;infinite&quot;:&quot;yes&quot;,&quot;speed&quot;:500,&quot;image_spacing_custom_tablet&quot;:{&quot;unit&quot;:&quot;px&quot;,&quot;size&quot;:&quot;&quot;,&quot;sizes&quot;:[]},&quot;image_spacing_custom_mobile&quot;:{&quot;unit&quot;:&quot;px&quot;,&quot;size&quot;:&quot;&quot;,&quot;sizes&quot;:[]}}\" data-widget_type=\"image-carousel.default\">\n\t\t\t\t<div class=\"elementor-widget-container\">\n\t\t\t\t\t\t\t<div class=\"elementor-image-carousel-wrapper swiper\" role=\"region\" aria-roledescription=\"carousel\" aria-label=\"\u06a9\u0627\u0631\u0648\u0633\u0644 \u062a\u0635\u0648\u06cc\u0631\" dir=\"rtl\">\n\t\t\t<div class=\"elementor-image-carousel swiper-wrapper\" aria-live=\"off\">\n\t\t\t\t\t\t\t\t<div class=\"swiper-slide\" role=\"group\" aria-roledescription=\"slide\" aria-label=\"1 \/ 5\"><a data-elementor-open-lightbox=\"yes\" data-elementor-lightbox-slideshow=\"2e324b9\" data-elementor-lightbox-title=\"RavanGodazPardis_Quality_Control_Unit_5\" data-e-action-hash=\"#elementor-action%3Aaction%3Dlightbox%26settings%3DeyJpZCI6Mzk4NywidXJsIjoiaHR0cHM6XC9cL3JhdmFuZ29kYXpwYXJkaXMuY29tXC93cC1jb250ZW50XC91cGxvYWRzXC8yMDI1XC8wMlwvUmF2YW5Hb2RhelBhcmRpc19RdWFsaXR5X0NvbnRyb2xfVW5pdF81LndlYnAiLCJzbGlkZXNob3ciOiIyZTMyNGI5In0%3D\" href=\"https:\/\/ravangodazpardis.com\/wp-content\/uploads\/2025\/02\/RavanGodazPardis_Quality_Control_Unit_5.webp\"><figure class=\"swiper-slide-inner\"><img decoding=\"async\" class=\"swiper-slide-image\" src=\"https:\/\/ravangodazpardis.com\/wp-content\/uploads\/2025\/02\/RavanGodazPardis_Quality_Control_Unit_5-300x200.webp\" alt=\"RavanGodazPardis_Quality_Control_Unit_5\" title=\"\"><\/figure><\/a><\/div><div class=\"swiper-slide\" role=\"group\" aria-roledescription=\"slide\" aria-label=\"2 \/ 5\"><a data-elementor-open-lightbox=\"yes\" data-elementor-lightbox-slideshow=\"2e324b9\" data-elementor-lightbox-title=\"RavanGodazPardis_Quality_Control_Unit_1\" data-e-action-hash=\"#elementor-action%3Aaction%3Dlightbox%26settings%3DeyJpZCI6Mzk5MCwidXJsIjoiaHR0cHM6XC9cL3JhdmFuZ29kYXpwYXJkaXMuY29tXC93cC1jb250ZW50XC91cGxvYWRzXC8yMDI1XC8wMlwvUmF2YW5Hb2RhelBhcmRpc19RdWFsaXR5X0NvbnRyb2xfVW5pdF8xLndlYnAiLCJzbGlkZXNob3ciOiIyZTMyNGI5In0%3D\" href=\"https:\/\/ravangodazpardis.com\/wp-content\/uploads\/2025\/02\/RavanGodazPardis_Quality_Control_Unit_1.webp\"><figure class=\"swiper-slide-inner\"><img decoding=\"async\" class=\"swiper-slide-image\" src=\"https:\/\/ravangodazpardis.com\/wp-content\/uploads\/2025\/02\/RavanGodazPardis_Quality_Control_Unit_1-300x200.webp\" alt=\"RavanGodazPardis_Quality_Control_Unit_1\" title=\"\"><\/figure><\/a><\/div><div class=\"swiper-slide\" role=\"group\" aria-roledescription=\"slide\" aria-label=\"3 \/ 5\"><a data-elementor-open-lightbox=\"yes\" data-elementor-lightbox-slideshow=\"2e324b9\" data-elementor-lightbox-title=\"RavanGodazPardis_Quality_Control_Unit_2\" data-e-action-hash=\"#elementor-action%3Aaction%3Dlightbox%26settings%3DeyJpZCI6Mzk5MywidXJsIjoiaHR0cHM6XC9cL3JhdmFuZ29kYXpwYXJkaXMuY29tXC93cC1jb250ZW50XC91cGxvYWRzXC8yMDI1XC8wMlwvUmF2YW5Hb2RhelBhcmRpc19RdWFsaXR5X0NvbnRyb2xfVW5pdF8yLndlYnAiLCJzbGlkZXNob3ciOiIyZTMyNGI5In0%3D\" href=\"https:\/\/ravangodazpardis.com\/wp-content\/uploads\/2025\/02\/RavanGodazPardis_Quality_Control_Unit_2.webp\"><figure class=\"swiper-slide-inner\"><img decoding=\"async\" class=\"swiper-slide-image\" src=\"https:\/\/ravangodazpardis.com\/wp-content\/uploads\/2025\/02\/RavanGodazPardis_Quality_Control_Unit_2-300x200.webp\" alt=\"RavanGodazPardis_Quality_Control_Unit_2\" title=\"\"><\/figure><\/a><\/div><div class=\"swiper-slide\" role=\"group\" aria-roledescription=\"slide\" aria-label=\"4 \/ 5\"><a data-elementor-open-lightbox=\"yes\" data-elementor-lightbox-slideshow=\"2e324b9\" data-elementor-lightbox-title=\"RavanGodazPardis_Quality_Control_Unit_3\" data-e-action-hash=\"#elementor-action%3Aaction%3Dlightbox%26settings%3DeyJpZCI6Mzk5NiwidXJsIjoiaHR0cHM6XC9cL3JhdmFuZ29kYXpwYXJkaXMuY29tXC93cC1jb250ZW50XC91cGxvYWRzXC8yMDI1XC8wMlwvUmF2YW5Hb2RhelBhcmRpc19RdWFsaXR5X0NvbnRyb2xfVW5pdF8zLndlYnAiLCJzbGlkZXNob3ciOiIyZTMyNGI5In0%3D\" href=\"https:\/\/ravangodazpardis.com\/wp-content\/uploads\/2025\/02\/RavanGodazPardis_Quality_Control_Unit_3.webp\"><figure class=\"swiper-slide-inner\"><img decoding=\"async\" class=\"swiper-slide-image\" src=\"https:\/\/ravangodazpardis.com\/wp-content\/uploads\/2025\/02\/RavanGodazPardis_Quality_Control_Unit_3-300x200.webp\" alt=\"RavanGodazPardis_Quality_Control_Unit_3\" title=\"\"><\/figure><\/a><\/div><div class=\"swiper-slide\" role=\"group\" aria-roledescription=\"slide\" aria-label=\"5 \/ 5\"><a data-elementor-open-lightbox=\"yes\" data-elementor-lightbox-slideshow=\"2e324b9\" data-elementor-lightbox-title=\"RavanGodazPardis_Quality_Control_Unit_4\" data-e-action-hash=\"#elementor-action%3Aaction%3Dlightbox%26settings%3DeyJpZCI6Mzk5OSwidXJsIjoiaHR0cHM6XC9cL3JhdmFuZ29kYXpwYXJkaXMuY29tXC93cC1jb250ZW50XC91cGxvYWRzXC8yMDI1XC8wMlwvUmF2YW5Hb2RhelBhcmRpc19RdWFsaXR5X0NvbnRyb2xfVW5pdF80LndlYnAiLCJzbGlkZXNob3ciOiIyZTMyNGI5In0%3D\" href=\"https:\/\/ravangodazpardis.com\/wp-content\/uploads\/2025\/02\/RavanGodazPardis_Quality_Control_Unit_4.webp\"><figure class=\"swiper-slide-inner\"><img decoding=\"async\" class=\"swiper-slide-image\" src=\"https:\/\/ravangodazpardis.com\/wp-content\/uploads\/2025\/02\/RavanGodazPardis_Quality_Control_Unit_4-300x200.webp\" alt=\"RavanGodazPardis_Quality_Control_Unit_4\" title=\"\"><\/figure><\/a><\/div>\t\t\t<\/div>\n\t\t\t\t\t\t\t\t\t\t\t\t<div class=\"elementor-swiper-button elementor-swiper-button-prev\" role=\"button\" tabindex=\"0\">\n\t\t\t\t\t\t<svg aria-hidden=\"true\" class=\"e-font-icon-svg e-eicon-chevron-left\" viewBox=\"0 0 1000 1000\" xmlns=\"http:\/\/www.w3.org\/2000\/svg\"><path d=\"M646 125C629 125 613 133 604 142L308 442C296 454 292 471 292 487 292 504 296 521 308 533L604 854C617 867 629 875 646 875 663 875 679 871 692 858 704 846 713 829 713 812 713 796 708 779 692 767L438 487 692 225C700 217 708 204 708 187 708 171 704 154 692 142 675 129 663 125 646 125Z\"><\/path><\/svg>\t\t\t\t\t<\/div>\n\t\t\t\t\t<div class=\"elementor-swiper-button elementor-swiper-button-next\" role=\"button\" tabindex=\"0\">\n\t\t\t\t\t\t<svg aria-hidden=\"true\" class=\"e-font-icon-svg e-eicon-chevron-right\" viewBox=\"0 0 1000 1000\" xmlns=\"http:\/\/www.w3.org\/2000\/svg\"><path d=\"M696 533C708 521 713 504 713 487 713 471 708 454 696 446L400 146C388 133 375 125 354 125 338 125 325 129 313 142 300 154 292 171 292 187 292 204 296 221 308 233L563 492 304 771C292 783 288 800 288 817 288 833 296 850 308 863 321 871 338 875 354 875 371 875 388 867 400 854L696 533Z\"><\/path><\/svg>\t\t\t\t\t<\/div>\n\t\t\t\t\n\t\t\t\t\t\t\t\t\t<div class=\"swiper-pagination\"><\/div>\n\t\t\t\t\t\t\t\t\t<\/div>\n\t\t\t\t\t\t<\/div>\n\t\t\t\t<\/div>\n\t\t\t\t<\/div>\n\t\t\t\t<\/div>\n\t\t\t\t<\/div>\n\t\t\t\t\t<\/div>\n\t\t\t\t<\/div>\n\t\t\t\t<\/div>\n\t\t","protected":false},"excerpt":{"rendered":"<p>Ravan Godaz Pardis \u015eirketi Kalite Kontrol Birimi Gerekli kapasite ve kaliteyi sa\u011flamak i\u00e7in \u00fcretim ekipmanlar\u0131n\u0131n yan\u0131 s\u0131ra, kalite kontrol\u00fc ve s\u00fcrekli iyile\u015ftirme de her zaman bu \u015firketin \u00f6ncelikleri aras\u0131nda olmu\u015ftur. \u00d6zellikle bu \u015firketin, \u00e7e\u015fitli standartlara dayal\u0131 olarak geni\u015f bir end\u00fcstri yelpazesi i\u00e7in hammadde ve \u00fcr\u00fcn tedarik etme sorumlulu\u011funu ta\u015f\u0131d\u0131\u011f\u0131 d\u00fc\u015f\u00fcn\u00fcld\u00fc\u011f\u00fcnde, bu taahh\u00fctlerin yerine getirilmesi ancak [&hellip;]<\/p>\n","protected":false},"author":1,"featured_media":0,"parent":0,"menu_order":0,"comment_status":"closed","ping_status":"closed","template":"","meta":{"footnotes":""},"class_list":["post-5226","page","type-page","status-publish","hentry"],"_links":{"self":[{"href":"https:\/\/ravangodazpardis.com\/tr\/wp-json\/wp\/v2\/pages\/5226","targetHints":{"allow":["GET"]}}],"collection":[{"href":"https:\/\/ravangodazpardis.com\/tr\/wp-json\/wp\/v2\/pages"}],"about":[{"href":"https:\/\/ravangodazpardis.com\/tr\/wp-json\/wp\/v2\/types\/page"}],"author":[{"embeddable":true,"href":"https:\/\/ravangodazpardis.com\/tr\/wp-json\/wp\/v2\/users\/1"}],"replies":[{"embeddable":true,"href":"https:\/\/ravangodazpardis.com\/tr\/wp-json\/wp\/v2\/comments?post=5226"}],"version-history":[{"count":14,"href":"https:\/\/ravangodazpardis.com\/tr\/wp-json\/wp\/v2\/pages\/5226\/revisions"}],"predecessor-version":[{"id":5270,"href":"https:\/\/ravangodazpardis.com\/tr\/wp-json\/wp\/v2\/pages\/5226\/revisions\/5270"}],"wp:attachment":[{"href":"https:\/\/ravangodazpardis.com\/tr\/wp-json\/wp\/v2\/media?parent=5226"}],"curies":[{"name":"wp","href":"https:\/\/api.w.org\/{rel}","templated":true}]}}