{"id":5279,"date":"2025-01-15T21:38:31","date_gmt":"2025-01-15T18:08:31","guid":{"rendered":"https:\/\/ravangodaz.com\/logistics-unit\/"},"modified":"2025-02-08T13:59:54","modified_gmt":"2025-02-08T10:29:54","slug":"lojistik-birimi","status":"publish","type":"page","link":"https:\/\/ravangodazpardis.com\/tr\/lojistik-birimi\/","title":{"rendered":"Lojistik Birimi"},"content":{"rendered":"\t\t<div data-elementor-type=\"wp-page\" data-elementor-id=\"5279\" class=\"elementor elementor-5279 elementor-1913\" data-elementor-post-type=\"page\">\n\t\t\t\t<div class=\"elementor-element elementor-element-86c01dd e-flex e-con-boxed e-con e-parent\" data-id=\"86c01dd\" data-element_type=\"container\" data-e-type=\"container\">\n\t\t\t\t\t<div class=\"e-con-inner\">\n\t\t<div class=\"elementor-element elementor-element-01ae04b e-con-full e-flex e-con e-child\" data-id=\"01ae04b\" data-element_type=\"container\" data-e-type=\"container\">\n\t\t<div class=\"elementor-element elementor-element-f85568f e-flex e-con-boxed e-con e-child\" data-id=\"f85568f\" data-element_type=\"container\" data-e-type=\"container\">\n\t\t\t\t\t<div class=\"e-con-inner\">\n\t\t<div class=\"elementor-element elementor-element-1914afc e-con-full e-flex e-con e-child\" data-id=\"1914afc\" data-element_type=\"container\" data-e-type=\"container\">\n\t\t\t\t<div class=\"elementor-element elementor-element-40e0894 elementor-view-stacked elementor-shape-circle elementor-widget elementor-widget-icon\" data-id=\"40e0894\" data-element_type=\"widget\" data-e-type=\"widget\" data-widget_type=\"icon.default\">\n\t\t\t\t<div class=\"elementor-widget-container\">\n\t\t\t\t\t\t\t<div class=\"elementor-icon-wrapper\">\n\t\t\t<div class=\"elementor-icon\">\n\t\t\t<svg aria-hidden=\"true\" class=\"e-font-icon-svg e-far-dot-circle\" viewBox=\"0 0 512 512\" xmlns=\"http:\/\/www.w3.org\/2000\/svg\"><path d=\"M256 56c110.532 0 200 89.451 200 200 0 110.532-89.451 200-200 200-110.532 0-200-89.451-200-200 0-110.532 89.451-200 200-200m0-48C119.033 8 8 119.033 8 256s111.033 248 248 248 248-111.033 248-248S392.967 8 256 8zm0 168c-44.183 0-80 35.817-80 80s35.817 80 80 80 80-35.817 80-80-35.817-80-80-80z\"><\/path><\/svg>\t\t\t<\/div>\n\t\t<\/div>\n\t\t\t\t\t\t<\/div>\n\t\t\t\t<\/div>\n\t\t\t\t<div class=\"elementor-element elementor-element-223ac0f text-right elementor-widget elementor-widget-tp-heading-title\" data-id=\"223ac0f\" data-element_type=\"widget\" data-e-type=\"widget\" data-widget_type=\"tp-heading-title.default\">\n\t\t\t\t<div class=\"elementor-widget-container\">\n\t\t\t\t\t<div class=\"heading heading_style heading_style69e134e2c0ef5 style-8 animate-general\"  data-animate-type=\"transition.flipXIn\" data-animate-delay=\"300\" data-animate-offset=\"85%\" data-animate-out-type=\"transition.bounceUpOut\" data-animate-out-delay=\"50\"><div class=\"sub-style \"  ><div class=\"head-title \" > <h1  class=\"heading-title   \"   data-hover=\"Ravan Godaz Pardis \u015eirketi Lojistik Birimi\">Ravan Godaz Pardis \u015eirketi Lojistik Birimi<\/h1><\/div><\/div><\/div>\t\t\t\t<\/div>\n\t\t\t\t<\/div>\n\t\t\t\t<div class=\"elementor-element elementor-element-0a1720d elementor-widget-divider--view-line elementor-invisible elementor-widget elementor-widget-divider\" data-id=\"0a1720d\" data-element_type=\"widget\" data-e-type=\"widget\" data-settings=\"{&quot;_animation&quot;:&quot;fadeInRight&quot;,&quot;_animation_delay&quot;:500}\" data-widget_type=\"divider.default\">\n\t\t\t\t<div class=\"elementor-widget-container\">\n\t\t\t\t\t\t\t<div class=\"elementor-divider\">\n\t\t\t<span class=\"elementor-divider-separator\">\n\t\t\t\t\t\t<\/span>\n\t\t<\/div>\n\t\t\t\t\t\t<\/div>\n\t\t\t\t<\/div>\n\t\t\t\t<\/div>\n\t\t\t\t\t<\/div>\n\t\t\t\t<\/div>\n\t\t<div class=\"elementor-element elementor-element-8605b21 e-con-full e-flex e-con e-child\" data-id=\"8605b21\" data-element_type=\"container\" data-e-type=\"container\">\n\t\t<div class=\"elementor-element elementor-element-32feb00 e-con-full e-flex elementor-invisible e-con e-child\" data-id=\"32feb00\" data-element_type=\"container\" data-e-type=\"container\" data-settings=\"{&quot;animation&quot;:&quot;fadeInUp&quot;,&quot;animation_delay&quot;:500}\">\n\t\t\t\t<div class=\"elementor-element elementor-element-8bfcb67 elementor-invisible elementor-widget elementor-widget-tp-adv-text-block\" data-id=\"8bfcb67\" data-element_type=\"widget\" data-e-type=\"widget\" data-settings=\"{&quot;_animation&quot;:&quot;fadeInUp&quot;,&quot;_animation_delay&quot;:600}\" data-widget_type=\"tp-adv-text-block.default\">\n\t\t\t\t<div class=\"elementor-widget-container\">\n\t\t\t\t\t<div class=\"pt-plus-text-block-wrapper\" data-tp-gsap-textblock=\"\" ><div class=\"text_block_parallax\"><div class=\"pt_plus_adv_text_block animate-general\"  data-animate-type=\"transition.bounceUpIn\" data-animate-delay=\"135\" data-animate-offset=\"85%\" data-animate-out-type=\"transition.whirlOut\" data-animate-out-delay=\"50\"><div class=\"text-content-block\"><p style=\"text-align: justify\">\u00dcr\u00fcnlerin zaman\u0131nda teslim edilmesini sa\u011flamak ve ta\u015f\u0131ma s\u0131ras\u0131nda herhangi bir hasar olu\u015fumunu engellemek i\u00e7in \u015firket, geni\u015f lojistik a\u011f\u0131n\u0131 kullanmaktad\u0131r. Bu a\u011f, \u00e7e\u015fitli treylerler, kamyonlar ve kamyonetleri i\u00e7ermektedir. Bu a\u011f, yurt i\u00e7i m\u00fc\u015fterilerini kapsaman\u0131n yan\u0131 s\u0131ra, ihracat \u00fcr\u00fcnlerini Irak, Afganistan, T\u00fcrkiye, Ermenistan, T\u00fcrkmenistan gibi \u00fclkelere de ta\u015f\u0131maktad\u0131r.<\/p><\/div><\/div><\/div><\/div>\t\t\t\t<\/div>\n\t\t\t\t<\/div>\n\t\t\t\t<div class=\"elementor-element elementor-element-2142493 elementor-widget__width-inherit elementor-widget-divider--view-line elementor-invisible elementor-widget elementor-widget-divider\" data-id=\"2142493\" data-element_type=\"widget\" data-e-type=\"widget\" data-settings=\"{&quot;_animation&quot;:&quot;fadeInUp&quot;,&quot;_animation_delay&quot;:800}\" data-widget_type=\"divider.default\">\n\t\t\t\t<div class=\"elementor-widget-container\">\n\t\t\t\t\t\t\t<div class=\"elementor-divider\">\n\t\t\t<span class=\"elementor-divider-separator\">\n\t\t\t\t\t\t<\/span>\n\t\t<\/div>\n\t\t\t\t\t\t<\/div>\n\t\t\t\t<\/div>\n\t\t\t\t<div class=\"elementor-element elementor-element-fca398a elementor-arrows-position-outside elementor-widget__width-inherit elementor-pagination-position-outside elementor-invisible elementor-widget elementor-widget-image-carousel\" data-id=\"fca398a\" data-element_type=\"widget\" data-e-type=\"widget\" data-settings=\"{&quot;autoplay_speed&quot;:3000,&quot;image_spacing_custom&quot;:{&quot;unit&quot;:&quot;px&quot;,&quot;size&quot;:10,&quot;sizes&quot;:[]},&quot;_animation&quot;:&quot;bounceInUp&quot;,&quot;_animation_delay&quot;:1000,&quot;slides_to_show&quot;:&quot;4&quot;,&quot;slides_to_scroll&quot;:&quot;1&quot;,&quot;navigation&quot;:&quot;both&quot;,&quot;autoplay&quot;:&quot;yes&quot;,&quot;pause_on_hover&quot;:&quot;yes&quot;,&quot;pause_on_interaction&quot;:&quot;yes&quot;,&quot;infinite&quot;:&quot;yes&quot;,&quot;speed&quot;:500,&quot;image_spacing_custom_tablet&quot;:{&quot;unit&quot;:&quot;px&quot;,&quot;size&quot;:&quot;&quot;,&quot;sizes&quot;:[]},&quot;image_spacing_custom_mobile&quot;:{&quot;unit&quot;:&quot;px&quot;,&quot;size&quot;:&quot;&quot;,&quot;sizes&quot;:[]}}\" data-widget_type=\"image-carousel.default\">\n\t\t\t\t<div class=\"elementor-widget-container\">\n\t\t\t\t\t\t\t<div class=\"elementor-image-carousel-wrapper swiper\" role=\"region\" aria-roledescription=\"carousel\" aria-label=\"\u06a9\u0627\u0631\u0648\u0633\u0644 \u062a\u0635\u0648\u06cc\u0631\" dir=\"rtl\">\n\t\t\t<div class=\"elementor-image-carousel swiper-wrapper\" aria-live=\"off\">\n\t\t\t\t\t\t\t\t<div class=\"swiper-slide\" role=\"group\" aria-roledescription=\"slide\" aria-label=\"1 \/ 1\"><a data-elementor-open-lightbox=\"yes\" data-elementor-lightbox-slideshow=\"fca398a\" data-elementor-lightbox-title=\"sample_image\" data-e-action-hash=\"#elementor-action%3Aaction%3Dlightbox%26settings%3DeyJpZCI6Mzg0MCwidXJsIjoiaHR0cHM6XC9cL3JhdmFuZ29kYXpwYXJkaXMuY29tXC93cC1jb250ZW50XC91cGxvYWRzXC8yMDI1XC8wMVwvc2FtcGxlX2ltYWdlLndlYnAiLCJzbGlkZXNob3ciOiJmY2EzOThhIn0%3D\" href=\"https:\/\/ravangodazpardis.com\/wp-content\/uploads\/2025\/01\/sample_image.webp\"><figure class=\"swiper-slide-inner\"><img decoding=\"async\" class=\"swiper-slide-image\" src=\"https:\/\/ravangodazpardis.com\/wp-content\/uploads\/2025\/01\/sample_image-300x240.webp\" alt=\"sample_image\" title=\"\"><\/figure><\/a><\/div>\t\t\t<\/div>\n\t\t\t\t\t<\/div>\n\t\t\t\t\t\t<\/div>\n\t\t\t\t<\/div>\n\t\t\t\t<\/div>\n\t\t\t\t<\/div>\n\t\t\t\t<\/div>\n\t\t\t\t\t<\/div>\n\t\t\t\t<\/div>\n\t\t\t\t<\/div>\n\t\t","protected":false},"excerpt":{"rendered":"<p>Ravan Godaz Pardis \u015eirketi Lojistik Birimi \u00dcr\u00fcnlerin zaman\u0131nda teslim edilmesini sa\u011flamak ve ta\u015f\u0131ma s\u0131ras\u0131nda herhangi bir hasar olu\u015fumunu engellemek i\u00e7in \u015firket, geni\u015f lojistik a\u011f\u0131n\u0131 kullanmaktad\u0131r. Bu a\u011f, \u00e7e\u015fitli treylerler, kamyonlar ve kamyonetleri i\u00e7ermektedir. Bu a\u011f, yurt i\u00e7i m\u00fc\u015fterilerini kapsaman\u0131n yan\u0131 s\u0131ra, ihracat \u00fcr\u00fcnlerini Irak, Afganistan, T\u00fcrkiye, Ermenistan, T\u00fcrkmenistan gibi \u00fclkelere de ta\u015f\u0131maktad\u0131r.<\/p>\n","protected":false},"author":1,"featured_media":0,"parent":0,"menu_order":0,"comment_status":"closed","ping_status":"closed","template":"","meta":{"footnotes":""},"class_list":["post-5279","page","type-page","status-publish","hentry"],"_links":{"self":[{"href":"https:\/\/ravangodazpardis.com\/tr\/wp-json\/wp\/v2\/pages\/5279","targetHints":{"allow":["GET"]}}],"collection":[{"href":"https:\/\/ravangodazpardis.com\/tr\/wp-json\/wp\/v2\/pages"}],"about":[{"href":"https:\/\/ravangodazpardis.com\/tr\/wp-json\/wp\/v2\/types\/page"}],"author":[{"embeddable":true,"href":"https:\/\/ravangodazpardis.com\/tr\/wp-json\/wp\/v2\/users\/1"}],"replies":[{"embeddable":true,"href":"https:\/\/ravangodazpardis.com\/tr\/wp-json\/wp\/v2\/comments?post=5279"}],"version-history":[{"count":11,"href":"https:\/\/ravangodazpardis.com\/tr\/wp-json\/wp\/v2\/pages\/5279\/revisions"}],"predecessor-version":[{"id":5308,"href":"https:\/\/ravangodazpardis.com\/tr\/wp-json\/wp\/v2\/pages\/5279\/revisions\/5308"}],"wp:attachment":[{"href":"https:\/\/ravangodazpardis.com\/tr\/wp-json\/wp\/v2\/media?parent=5279"}],"curies":[{"name":"wp","href":"https:\/\/api.w.org\/{rel}","templated":true}]}}