{"id":5499,"date":"2025-01-10T22:08:24","date_gmt":"2025-01-10T18:38:24","guid":{"rendered":"https:\/\/ravangodaz.com\/social-responsibility\/"},"modified":"2025-02-09T08:11:56","modified_gmt":"2025-02-09T04:41:56","slug":"sosyal-sorumluluk","status":"publish","type":"page","link":"https:\/\/ravangodazpardis.com\/tr\/sosyal-sorumluluk\/","title":{"rendered":"Sosyal Sorumluluk"},"content":{"rendered":"\t\t<div data-elementor-type=\"wp-page\" data-elementor-id=\"5499\" class=\"elementor elementor-5499 elementor-1516\" data-elementor-post-type=\"page\">\n\t\t\t\t<div class=\"elementor-element elementor-element-26e7b66 e-flex e-con-boxed e-con e-parent\" data-id=\"26e7b66\" data-element_type=\"container\" data-e-type=\"container\">\n\t\t\t\t\t<div class=\"e-con-inner\">\n\t\t<div class=\"elementor-element elementor-element-ee1a5d9 e-con-full e-flex e-con e-child\" data-id=\"ee1a5d9\" data-element_type=\"container\" data-e-type=\"container\">\n\t\t<div class=\"elementor-element elementor-element-3cfc5be e-flex e-con-boxed e-con e-child\" data-id=\"3cfc5be\" data-element_type=\"container\" data-e-type=\"container\">\n\t\t\t\t\t<div class=\"e-con-inner\">\n\t\t<div class=\"elementor-element elementor-element-f0428c4 e-con-full e-flex e-con e-child\" data-id=\"f0428c4\" data-element_type=\"container\" data-e-type=\"container\">\n\t\t\t\t<div class=\"elementor-element elementor-element-a76f24d elementor-view-stacked elementor-shape-circle elementor-widget elementor-widget-icon\" data-id=\"a76f24d\" data-element_type=\"widget\" data-e-type=\"widget\" data-widget_type=\"icon.default\">\n\t\t\t\t<div class=\"elementor-widget-container\">\n\t\t\t\t\t\t\t<div class=\"elementor-icon-wrapper\">\n\t\t\t<div class=\"elementor-icon\">\n\t\t\t<svg aria-hidden=\"true\" class=\"e-font-icon-svg e-far-dot-circle\" viewBox=\"0 0 512 512\" xmlns=\"http:\/\/www.w3.org\/2000\/svg\"><path d=\"M256 56c110.532 0 200 89.451 200 200 0 110.532-89.451 200-200 200-110.532 0-200-89.451-200-200 0-110.532 89.451-200 200-200m0-48C119.033 8 8 119.033 8 256s111.033 248 248 248 248-111.033 248-248S392.967 8 256 8zm0 168c-44.183 0-80 35.817-80 80s35.817 80 80 80 80-35.817 80-80-35.817-80-80-80z\"><\/path><\/svg>\t\t\t<\/div>\n\t\t<\/div>\n\t\t\t\t\t\t<\/div>\n\t\t\t\t<\/div>\n\t\t\t\t<div class=\"elementor-element elementor-element-18cd9a9 text-right elementor-widget elementor-widget-tp-heading-title\" data-id=\"18cd9a9\" data-element_type=\"widget\" data-e-type=\"widget\" data-widget_type=\"tp-heading-title.default\">\n\t\t\t\t<div class=\"elementor-widget-container\">\n\t\t\t\t\t<div class=\"heading heading_style heading_style69e0e0d41b597 style-8 animate-general\"  data-animate-type=\"transition.flipXIn\" data-animate-delay=\"300\" data-animate-offset=\"85%\" data-animate-out-type=\"transition.bounceUpOut\" data-animate-out-delay=\"50\"><div class=\"sub-style \"  ><div class=\"head-title \" > <h1  class=\"heading-title   \"   data-hover=\"Ravan Godaz Pardis \u015eirketinin Sosyal Sorumlulu\u011fu\">Ravan Godaz Pardis \u015eirketinin Sosyal Sorumlulu\u011fu<\/h1><\/div><\/div><\/div>\t\t\t\t<\/div>\n\t\t\t\t<\/div>\n\t\t\t\t<div class=\"elementor-element elementor-element-681079a elementor-widget-divider--view-line elementor-invisible elementor-widget elementor-widget-divider\" data-id=\"681079a\" data-element_type=\"widget\" data-e-type=\"widget\" data-settings=\"{&quot;_animation&quot;:&quot;fadeInRight&quot;,&quot;_animation_delay&quot;:500}\" data-widget_type=\"divider.default\">\n\t\t\t\t<div class=\"elementor-widget-container\">\n\t\t\t\t\t\t\t<div class=\"elementor-divider\">\n\t\t\t<span class=\"elementor-divider-separator\">\n\t\t\t\t\t\t<\/span>\n\t\t<\/div>\n\t\t\t\t\t\t<\/div>\n\t\t\t\t<\/div>\n\t\t\t\t<\/div>\n\t\t\t\t\t<\/div>\n\t\t\t\t<\/div>\n\t\t<div class=\"elementor-element elementor-element-00a084e e-con-full e-flex e-con e-child\" data-id=\"00a084e\" data-element_type=\"container\" data-e-type=\"container\">\n\t\t<div class=\"elementor-element elementor-element-9d4b9be e-con-full e-flex elementor-invisible e-con e-child\" data-id=\"9d4b9be\" data-element_type=\"container\" data-e-type=\"container\" data-settings=\"{&quot;animation&quot;:&quot;fadeInUp&quot;,&quot;animation_delay&quot;:500}\">\n\t\t\t\t<div class=\"elementor-element elementor-element-5d24d98 elementor-invisible elementor-widget elementor-widget-tp-adv-text-block\" data-id=\"5d24d98\" data-element_type=\"widget\" data-e-type=\"widget\" data-settings=\"{&quot;_animation&quot;:&quot;fadeInUp&quot;,&quot;_animation_delay&quot;:600}\" data-widget_type=\"tp-adv-text-block.default\">\n\t\t\t\t<div class=\"elementor-widget-container\">\n\t\t\t\t\t<div class=\"pt-plus-text-block-wrapper\" data-tp-gsap-textblock=\"\" ><div class=\"text_block_parallax\"><div class=\"pt_plus_adv_text_block animate-general\"  data-animate-type=\"transition.bounceUpIn\" data-animate-delay=\"135\" data-animate-offset=\"85%\"><div class=\"text-content-block\"><p>Bu b\u00f6l\u00fcm geli\u015ftirilmektedir...<\/p><\/div><\/div><\/div><\/div>\t\t\t\t<\/div>\n\t\t\t\t<\/div>\n\t\t\t\t<div class=\"elementor-element elementor-element-793cb17 elementor-widget__width-inherit elementor-widget-divider--view-line elementor-invisible elementor-widget elementor-widget-divider\" data-id=\"793cb17\" data-element_type=\"widget\" data-e-type=\"widget\" data-settings=\"{&quot;_animation&quot;:&quot;fadeInUp&quot;,&quot;_animation_delay&quot;:800}\" data-widget_type=\"divider.default\">\n\t\t\t\t<div class=\"elementor-widget-container\">\n\t\t\t\t\t\t\t<div class=\"elementor-divider\">\n\t\t\t<span class=\"elementor-divider-separator\">\n\t\t\t\t\t\t<\/span>\n\t\t<\/div>\n\t\t\t\t\t\t<\/div>\n\t\t\t\t<\/div>\n\t\t\t\t<\/div>\n\t\t\t\t<\/div>\n\t\t\t\t<\/div>\n\t\t\t\t\t<\/div>\n\t\t\t\t<\/div>\n\t\t\t\t<\/div>\n\t\t","protected":false},"excerpt":{"rendered":"<p>Ravan Godaz Pardis \u015eirketinin Sosyal Sorumlulu\u011fu Bu b\u00f6l\u00fcm geli\u015ftirilmektedir&#8230;<\/p>\n","protected":false},"author":1,"featured_media":0,"parent":0,"menu_order":0,"comment_status":"closed","ping_status":"closed","template":"","meta":{"footnotes":""},"class_list":["post-5499","page","type-page","status-publish","hentry"],"_links":{"self":[{"href":"https:\/\/ravangodazpardis.com\/tr\/wp-json\/wp\/v2\/pages\/5499","targetHints":{"allow":["GET"]}}],"collection":[{"href":"https:\/\/ravangodazpardis.com\/tr\/wp-json\/wp\/v2\/pages"}],"about":[{"href":"https:\/\/ravangodazpardis.com\/tr\/wp-json\/wp\/v2\/types\/page"}],"author":[{"embeddable":true,"href":"https:\/\/ravangodazpardis.com\/tr\/wp-json\/wp\/v2\/users\/1"}],"replies":[{"embeddable":true,"href":"https:\/\/ravangodazpardis.com\/tr\/wp-json\/wp\/v2\/comments?post=5499"}],"version-history":[{"count":12,"href":"https:\/\/ravangodazpardis.com\/tr\/wp-json\/wp\/v2\/pages\/5499\/revisions"}],"predecessor-version":[{"id":5542,"href":"https:\/\/ravangodazpardis.com\/tr\/wp-json\/wp\/v2\/pages\/5499\/revisions\/5542"}],"wp:attachment":[{"href":"https:\/\/ravangodazpardis.com\/tr\/wp-json\/wp\/v2\/media?parent=5499"}],"curies":[{"name":"wp","href":"https:\/\/api.w.org\/{rel}","templated":true}]}}